{"id":3978,"date":"2017-02-26T11:08:33","date_gmt":"2017-02-26T09:08:33","guid":{"rendered":"http:\/\/linnamuuseum.ee\/en\/?page_id=3978"},"modified":"2024-06-11T13:54:29","modified_gmt":"2024-06-11T10:54:29","slug":"exhibitions-kok","status":"publish","type":"page","link":"https:\/\/linnamuuseum.ee\/en\/kiek-in-de-kok\/exhibitions-kok\/","title":{"rendered":"Exhibitions"},"content":{"rendered":"<h2>PERMANENT EXHIBITIONS<\/h2>\n<p><strong><\/strong><\/p>\n<p>The 15th century artillery tower Kiek in de K\u00f6k together with the passages inside of the 17th century built bastions form a part of historical fortifications of the city.<\/p>\n<p><strong><span lang=\"en-GB\">The\u00a0<\/span><\/strong><span lang=\"en-GB\"><strong>permanent exhibition in the Kiek in de K\u00f6k tower<\/strong> and underground bastion passages gives an overview about the birth of the town, the history of its fortifications, some weapons and main military campaigns, times of plague and also about crime and punishment in the medieval town, allowing a close look at several torture devices as well as an executioner\u2019s sword.<\/span><\/p>\n<p>The underground tunnels also house the <strong>Carved Stone Museum,<\/strong>\u00a0where is a display of decorated portals, pillars, reliefs and other carved stone fragments from the 16th to 19th centuries.<\/p>\n<p><strong>The exhibition in Maiden Tower <\/strong>reminisces the 80\u00b4s when there was popular cafe. Another display tells about times when the tower was artist\u00b4s workshop and home. From the Maiden\u2019s Tower, you can access the Marstal Tower whitch is famous as the most haunted place in Tallinn, and Gate Tower atop the town wall.<\/p>\n<p>The museum has three sections that can be visited either in combination or separately (<a href=\"https:\/\/linnamuuseum.ee\/en\/kiek-in-de-kok\/visitor-info\/\">ticket info<\/a>).<\/p>\n<p>Read more about the\u00a0<a href=\"http:\/\/linnamuuseum.ee\/en\/kiek-de-kok\/about-the-museum\/history-kok\/\">history of the artillery\u00a0tower<\/a>.<\/p>\n<h2><\/h2>\n<h2>TEMPORARY EXHIBITIONS<\/h2>\n<div class=\"postlist withthumb\"><span class=\"thumbmagic\"><a href=\"https:\/\/linnamuuseum.ee\/en\/kiek-in-de-kok-en\/naitus-muumirahu\/\" title=\"Exhibition&lt;b&gt;&quot;MOOMIN PEACE. Joy and Wisdom&quot;&lt;\/b&gt;&lt;br&gt; in the Kiek in de K\u00f6k tower\"><img loading=\"lazy\" decoding=\"async\" width=\"400\" height=\"327\" src=\"https:\/\/linnamuuseum.ee\/wp-content\/uploads\/2025\/09\/Muumiorg-400x327.jpg\" class=\"lcp_thumbnail wp-post-image\" alt=\"Exhibition&lt;b&gt;&quot;MOOMIN PEACE. Joy and Wisdom&quot;&lt;\/b&gt;&lt;br&gt; in the Kiek in de K\u00f6k tower\" srcset=\"https:\/\/linnamuuseum.ee\/wp-content\/uploads\/2025\/09\/Muumiorg-400x327.jpg 400w, https:\/\/linnamuuseum.ee\/wp-content\/uploads\/2025\/09\/Muumiorg-768x627.jpg 768w, https:\/\/linnamuuseum.ee\/wp-content\/uploads\/2025\/09\/Muumiorg.jpg 1225w\" sizes=\"(max-width: 400px) 100vw, 400px\" \/><\/a><\/span><div class=\"lcp-container\"><h4><a href=\"https:\/\/linnamuuseum.ee\/en\/kiek-in-de-kok-en\/naitus-muumirahu\/\">Exhibition<b>&#8220;MOOMIN PEACE. Joy and Wisdom&#8221;<\/b><br> in the Kiek in de K\u00f6k tower<\/a><\/h4>  <p class=\"lcp_excerpt\">&nbsp;\n\nThe exhibition invites visitors of all ages to explore Moomin House and Moomin Valley, where \u2013 like the Kiek in de K\u00f6k artillery tower \u2013 peace and a sense of security prevail ...<\/p><div class=\"morelink\"><a href=\"https:\/\/linnamuuseum.ee\/en\/kiek-in-de-kok-en\/naitus-muumirahu\/\">Read more...<\/a><\/div><\/div><\/div><div class=\"postlist withthumb\"><span class=\"thumbmagic\"><a href=\"https:\/\/linnamuuseum.ee\/en\/kiek-in-de-kok-en\/muumirauhaa-muumitalo-on-kiek-in-de-kokin-tornissa-tallinnan-vanhassakaupungissa\/\" title=\"&lt;b&gt;MUUMIRAUHAA! &lt;br&gt;Muumitalo on ajelehtinut Kiek in de K\u00f6kin torniin Tallinnan vanhassakaupungissa&lt;\/b&gt;\"><img loading=\"lazy\" decoding=\"async\" width=\"400\" height=\"209\" src=\"https:\/\/linnamuuseum.ee\/wp-content\/uploads\/2025\/09\/Muumirahu_FB_1920x1005-px-400x209.jpg\" class=\"lcp_thumbnail wp-post-image\" alt=\"&lt;b&gt;MUUMIRAUHAA! &lt;br&gt;Muumitalo on ajelehtinut Kiek in de K\u00f6kin torniin Tallinnan vanhassakaupungissa&lt;\/b&gt;\" srcset=\"https:\/\/linnamuuseum.ee\/wp-content\/uploads\/2025\/09\/Muumirahu_FB_1920x1005-px-400x209.jpg 400w, https:\/\/linnamuuseum.ee\/wp-content\/uploads\/2025\/09\/Muumirahu_FB_1920x1005-px-768x402.jpg 768w, https:\/\/linnamuuseum.ee\/wp-content\/uploads\/2025\/09\/Muumirahu_FB_1920x1005-px-1536x804.jpg 1536w, https:\/\/linnamuuseum.ee\/wp-content\/uploads\/2025\/09\/Muumirahu_FB_1920x1005-px.jpg 1560w\" sizes=\"(max-width: 400px) 100vw, 400px\" \/><\/a><\/span><div class=\"lcp-container\"><h4><a href=\"https:\/\/linnamuuseum.ee\/en\/kiek-in-de-kok-en\/muumirauhaa-muumitalo-on-kiek-in-de-kokin-tornissa-tallinnan-vanhassakaupungissa\/\"><b>MUUMIRAUHAA! <br>Muumitalo on ajelehtinut Kiek in de K\u00f6kin torniin Tallinnan vanhassakaupungissa<\/b><\/a><\/h4>  <p class=\"lcp_excerpt\">Tervetuloa lepuuttamaan jalkojasi ja mielt\u00e4si Muumilaakson puutarhassa Kiek in de K\u00f6kin tornin yl\u00e4kerrassa! Muumitalon sein\u00e4st\u00e4 voit lukea talon \u201d\u00e4\u00e4ni\u00e4\u201d, jotka ovat sitaatteja muumikirjoista ja \/-sarjakuvista.\nKun Tove Jansson alkoi kirjoittaa ensimm\u00e4ist\u00e4 muumikirjaansa syystalvella ...<\/p><div class=\"morelink\"><a href=\"https:\/\/linnamuuseum.ee\/en\/kiek-in-de-kok-en\/muumirauhaa-muumitalo-on-kiek-in-de-kokin-tornissa-tallinnan-vanhassakaupungissa\/\">Read more...<\/a><\/div><\/div><\/div><div class=\"postlist withthumb\"><span class=\"thumbmagic\"><a href=\"https:\/\/linnamuuseum.ee\/en\/kiek-in-de-kok-en\/suurtukitorn-kiek-in-de-kok-uus-pusinaitus-avatud\/\" title=\"&lt;b&gt;The artillery tower Kiek in de K\u00f6k presents the history of the defense of Tallinn&lt;\/b&gt;\"><img loading=\"lazy\" decoding=\"async\" width=\"400\" height=\"600\" src=\"https:\/\/linnamuuseum.ee\/wp-content\/uploads\/2023\/07\/5_kiekindek6k2-400x600.jpg\" class=\"lcp_thumbnail wp-post-image\" alt=\"&lt;b&gt;The artillery tower Kiek in de K\u00f6k presents the history of the defense of Tallinn&lt;\/b&gt;\" srcset=\"https:\/\/linnamuuseum.ee\/wp-content\/uploads\/2023\/07\/5_kiekindek6k2-400x600.jpg 400w, https:\/\/linnamuuseum.ee\/wp-content\/uploads\/2023\/07\/5_kiekindek6k2.jpg 667w\" sizes=\"(max-width: 400px) 100vw, 400px\" \/><\/a><\/span><div class=\"lcp-container\"><h4><a href=\"https:\/\/linnamuuseum.ee\/en\/kiek-in-de-kok-en\/suurtukitorn-kiek-in-de-kok-uus-pusinaitus-avatud\/\"><b>The artillery tower Kiek in de K\u00f6k presents the history of the defense of Tallinn<\/b><\/a><\/h4>  <p class=\"lcp_excerpt\">One of Tallinn&#8217;s most famous landmarks and the city&#8217;s tallest defense tower &#8211; the first artillery tower in our history, Kiek in de K\u00f6k &#8211; is once again open to visitors.\nAfter almost ...<\/p><div class=\"morelink\"><a href=\"https:\/\/linnamuuseum.ee\/en\/kiek-in-de-kok-en\/suurtukitorn-kiek-in-de-kok-uus-pusinaitus-avatud\/\">Read more...<\/a><\/div><\/div><\/div><div class=\"postlist withthumb\"><span class=\"thumbmagic\"><a href=\"https:\/\/linnamuuseum.ee\/en\/kiek-in-de-kok-en\/naitus-loputu-kohvijoomine-luhikese-jala-varavatornis\/\" title=\"&lt;b&gt;Exhibition \u201eEndless Coffee Drinking\u201c&lt;\/br&gt; At the Kiek in de K\u00f6k Fortification Museum, in the Gate Tower.\"><img loading=\"lazy\" decoding=\"async\" width=\"400\" height=\"328\" src=\"https:\/\/linnamuuseum.ee\/wp-content\/uploads\/2023\/05\/V\u00e4ino-Tamm_558x910-400x328.jpg\" class=\"lcp_thumbnail wp-post-image\" alt=\"&lt;b&gt;Exhibition \u201eEndless Coffee Drinking\u201c&lt;\/br&gt; At the Kiek in de K\u00f6k Fortification Museum, in the Gate Tower.\" srcset=\"https:\/\/linnamuuseum.ee\/wp-content\/uploads\/2023\/05\/V\u00e4ino-Tamm_558x910-400x328.jpg 400w, https:\/\/linnamuuseum.ee\/wp-content\/uploads\/2023\/05\/V\u00e4ino-Tamm_558x910-768x630.jpg 768w, https:\/\/linnamuuseum.ee\/wp-content\/uploads\/2023\/05\/V\u00e4ino-Tamm_558x910-1200x984.jpg 1200w, https:\/\/linnamuuseum.ee\/wp-content\/uploads\/2023\/05\/V\u00e4ino-Tamm_558x910.jpg 1219w\" sizes=\"(max-width: 400px) 100vw, 400px\" \/><\/a><\/span><div class=\"lcp-container\"><h4><a href=\"https:\/\/linnamuuseum.ee\/en\/kiek-in-de-kok-en\/naitus-loputu-kohvijoomine-luhikese-jala-varavatornis\/\"><b>Exhibition \u201eEndless Coffee Drinking\u201c<\/br> At the Kiek in de K\u00f6k Fortification Museum, in the Gate Tower.<\/a><\/h4>  <p class=\"lcp_excerpt\">The exhibition &#8220;Endless Coffee Drinking&#8221; is like a nostalgic journey into the once and still popular venues in the Old Town of Tallinn. The display in the Gate Tower introduces historical caf\u00e9s, ...<\/p><div class=\"morelink\"><a href=\"https:\/\/linnamuuseum.ee\/en\/kiek-in-de-kok-en\/naitus-loputu-kohvijoomine-luhikese-jala-varavatornis\/\">Read more...<\/a><\/div><\/div><\/div><div class=\"postlist withthumb\"><span class=\"thumbmagic\"><a href=\"https:\/\/linnamuuseum.ee\/en\/kiek-in-de-kok\/bastion-tunnels\/\" title=\"&lt;B&gt;UNDERGROUND BASTION PASSAGES&lt;\/B&gt;\"><img loading=\"lazy\" decoding=\"async\" width=\"300\" height=\"200\" src=\"https:\/\/linnamuuseum.ee\/wp-content\/uploads\/2017\/03\/Tunnels-3-300x200.png\" class=\"lcp_thumbnail wp-post-image\" alt=\"&lt;B&gt;UNDERGROUND BASTION PASSAGES&lt;\/B&gt;\" srcset=\"https:\/\/linnamuuseum.ee\/wp-content\/uploads\/2017\/03\/Tunnels-3-300x200.png 300w, https:\/\/linnamuuseum.ee\/wp-content\/uploads\/2017\/03\/Tunnels-3-768x512.png 768w, https:\/\/linnamuuseum.ee\/wp-content\/uploads\/2017\/03\/Tunnels-3.png 1024w\" sizes=\"(max-width: 300px) 100vw, 300px\" \/><\/a><\/span><div class=\"lcp-container\"><h4><a href=\"https:\/\/linnamuuseum.ee\/en\/kiek-in-de-kok\/bastion-tunnels\/\"><B>UNDERGROUND BASTION PASSAGES<\/B><\/a><\/h4>  <p class=\"lcp_excerpt\">Visit the Bastion passages and the Museum of Carved Stone with an audio guide!\u00a0The audio guide\u00a0NUMU\u00a0allows visitors to learn about this fascinating place in Estonian, English, Russian and Finnish.\u00a0\n<\/p><div class=\"morelink\"><a href=\"https:\/\/linnamuuseum.ee\/en\/kiek-in-de-kok\/bastion-tunnels\/\">Read more...<\/a><\/div><\/div><\/div><div class=\"postlist withthumb\"><span class=\"thumbmagic\"><a href=\"https:\/\/linnamuuseum.ee\/en\/kiek-in-de-kok-en\/bnaitus-neitsitorn-kui-kohvik-1980b-taasloob-1980-aastate-interjoori\/\" title=\"&lt;b&gt;RESTORED INTERIOR FROM 80s&lt;\/B&gt;&lt;BR&gt;The golden days of the Maiden Tower cafe\"><img loading=\"lazy\" decoding=\"async\" width=\"400\" height=\"315\" src=\"https:\/\/linnamuuseum.ee\/wp-content\/uploads\/2021\/11\/Neitsitorni80s-800-400x315.jpg\" class=\"lcp_thumbnail wp-post-image\" alt=\"&lt;b&gt;RESTORED INTERIOR FROM 80s&lt;\/B&gt;&lt;BR&gt;The golden days of the Maiden Tower cafe\" srcset=\"https:\/\/linnamuuseum.ee\/wp-content\/uploads\/2021\/11\/Neitsitorni80s-800-400x315.jpg 400w, https:\/\/linnamuuseum.ee\/wp-content\/uploads\/2021\/11\/Neitsitorni80s-800-285x225.jpg 285w, https:\/\/linnamuuseum.ee\/wp-content\/uploads\/2021\/11\/Neitsitorni80s-800.jpg 760w\" sizes=\"(max-width: 400px) 100vw, 400px\" \/><\/a><\/span><div class=\"lcp-container\"><h4><a href=\"https:\/\/linnamuuseum.ee\/en\/kiek-in-de-kok-en\/bnaitus-neitsitorn-kui-kohvik-1980b-taasloob-1980-aastate-interjoori\/\"><b>RESTORED INTERIOR FROM 80s<\/B><BR>The golden days of the Maiden Tower cafe<\/a><\/h4>  <p class=\"lcp_excerpt\">The restored interior of the Maiden Tower, belonging to the Kiek in de K\u00f6k Fortifications Museum, reminisces the tower caf\u00e9\u2019s golden days.\nTallinn City Museum has brought a shard of recently passed decades\u2019 ...<\/p><div class=\"morelink\"><a href=\"https:\/\/linnamuuseum.ee\/en\/kiek-in-de-kok-en\/bnaitus-neitsitorn-kui-kohvik-1980b-taasloob-1980-aastate-interjoori\/\">Read more...<\/a><\/div><\/div><\/div>\n<p>&nbsp;<\/p>\n<h3><\/h3>\n","protected":false},"excerpt":{"rendered":"<p>PERMANENT EXHIBITIONS The 15th century artillery tower Kiek in de K\u00f6k together with the passages inside of the 17th century built bastions form a part of historical fortifications of the city. The\u00a0permanent exhibition in the Kiek in de K\u00f6k tower and underground bastion passages gives an overview about the birth of the town, the history [&hellip;]<\/p>\n","protected":false},"author":2,"featured_media":0,"parent":360,"menu_order":12,"comment_status":"closed","ping_status":"closed","template":"","meta":{"footnotes":""},"class_list":["post-3978","page","type-page","status-publish","hentry"],"_links":{"self":[{"href":"https:\/\/linnamuuseum.ee\/en\/wp-json\/wp\/v2\/pages\/3978"}],"collection":[{"href":"https:\/\/linnamuuseum.ee\/en\/wp-json\/wp\/v2\/pages"}],"about":[{"href":"https:\/\/linnamuuseum.ee\/en\/wp-json\/wp\/v2\/types\/page"}],"author":[{"embeddable":true,"href":"https:\/\/linnamuuseum.ee\/en\/wp-json\/wp\/v2\/users\/2"}],"replies":[{"embeddable":true,"href":"https:\/\/linnamuuseum.ee\/en\/wp-json\/wp\/v2\/comments?post=3978"}],"version-history":[{"count":5,"href":"https:\/\/linnamuuseum.ee\/en\/wp-json\/wp\/v2\/pages\/3978\/revisions"}],"predecessor-version":[{"id":87815,"href":"https:\/\/linnamuuseum.ee\/en\/wp-json\/wp\/v2\/pages\/3978\/revisions\/87815"}],"up":[{"embeddable":true,"href":"https:\/\/linnamuuseum.ee\/en\/wp-json\/wp\/v2\/pages\/360"}],"wp:attachment":[{"href":"https:\/\/linnamuuseum.ee\/en\/wp-json\/wp\/v2\/media?parent=3978"}],"curies":[{"name":"wp","href":"https:\/\/api.w.org\/{rel}","templated":true}]}}