{"id":4078,"date":"2017-02-27T13:10:19","date_gmt":"2017-02-27T11:10:19","guid":{"rendered":"http:\/\/linnamuuseum.ee\/en\/?page_id=4078"},"modified":"2026-03-19T15:53:52","modified_gmt":"2026-03-19T13:53:52","slug":"neitsiorn","status":"publish","type":"page","link":"https:\/\/linnamuuseum.ee\/en\/kiek-in-de-kok\/neitsiorn\/","title":{"rendered":"Maiden Tower (Neitsitorn)"},"content":{"rendered":"<p><strong><a href=\"https:\/\/linnamuuseum.ee\/wp-content\/uploads\/2016\/11\/neitsitorn-v.jpg\"><\/a><\/strong><\/p>\n<p>&nbsp;<\/p>\n<p>The\u00a0<strong>Maiden\u2019s Tower (Neitsitorn)<\/strong>, was built as a defence tower in the 14th century. It has also been an artists\u2019 home and a popular bar. The museum offers amazing views and displays Tallinn\u2019s caf\u00e9 culture,\u00a0 and the history of the tower.<\/p>\n<p>From the Maiden Tower, you can access the Stable Tower (Tallitorn) whitch is famous as <strong>the most haunted place in Tallinn<\/strong>, and Gate Tower (V\u00e4ravatorn) atop the town wall.<\/p>\n<h4>HISTORY<\/h4>\n<p>In front of the Maiden Tower the story of the city of Tallinn began in the summer of 1219. Engaged in the fierce and glorious battles to defend the city (1577) the tower later was turn into apartment house, the home for important people and an studio for artists.<\/p>\n<p>In 1970s the tower was restored<\/p>\n<p>In 1980 a popular caf\u00e9 was opened in the building.<\/p>\n<p>In 2013 the museum was opened.<\/p>\n<p>&nbsp;<\/p>\n<p>&nbsp;<\/p>\n<div class=\"mceTemp\">\u00a0<\/div>\n<h4>WHERE TO FIND US:<\/h4>\n<p><iframe loading=\"lazy\" style=\"border: 0;\" src=\"https:\/\/www.google.com\/maps\/embed?pb=!1m18!1m12!1m3!1d2028.8721139087409!2d24.740024098514276!3d59.435207432474726!2m3!1f0!2f0!3f0!3m2!1i1024!2i768!4f13.1!3m3!1m2!1s0x4692949da296e327%3A0x6e19137f3f4b7ffd!2sNeitsitorni+muuseumkohvik!5e0!3m2!1set!2see!4v1488807218701\" width=\"600\" height=\"450\" frameborder=\"0\" allowfullscreen=\"allowfullscreen\"><\/iframe><\/p>\n<p>&nbsp;<\/p>\n<ul class=\"row oi-gallery oi-gallery-1\" >\n<li class=\"col-xs-6 col-sm-4 col-md-3\">\n                        <a href=\"https:\/\/linnamuuseum.ee\/wp-content\/uploads\/2016\/11\/Neitsi-1-1024x672.jpg\" class=\"gallery-thumb__url\" data-mh=\"gallery\">\n                            <span class=\"gallery-thumb__image card-img-top\"><img loading=\"lazy\" decoding=\"async\" src=\"https:\/\/linnamuuseum.ee\/wp-content\/uploads\/2016\/11\/Neitsi-1-250x250.jpg\" alt=\"Neitsi 1\" width=\"250\" height=\"250\" \/><\/span>\n                            <span class=\"gallery-thumb__caption\">Kiek in de K\u00f6k Fortifications Museum<\/span>\n                        <\/a>\n                    <\/li>\n<li class=\"col-xs-6 col-sm-4 col-md-3\">\n                        <a href=\"https:\/\/linnamuuseum.ee\/wp-content\/uploads\/2017\/02\/Z3I3421-1024x678.jpg\" class=\"gallery-thumb__url\" data-mh=\"gallery\">\n                            <span class=\"gallery-thumb__image card-img-top\"><img loading=\"lazy\" decoding=\"async\" src=\"https:\/\/linnamuuseum.ee\/wp-content\/uploads\/2017\/02\/Z3I3421-250x250.jpg\" alt=\"_Z3I3421\" width=\"250\" height=\"250\" \/><\/span>\n                            <span class=\"gallery-thumb__caption\">3rd or the Knights Floor<\/span>\n                        <\/a>\n                    <\/li>\n<li class=\"col-xs-6 col-sm-4 col-md-3\">\n                        <a href=\"https:\/\/linnamuuseum.ee\/wp-content\/uploads\/2017\/01\/vaade-1024x635.jpg\" class=\"gallery-thumb__url\" data-mh=\"gallery\">\n                            <span class=\"gallery-thumb__image card-img-top\"><img loading=\"lazy\" decoding=\"async\" src=\"https:\/\/linnamuuseum.ee\/wp-content\/uploads\/2017\/01\/vaade-250x250.jpg\" alt=\"Neitsitorn, vaade\" width=\"250\" height=\"250\" \/><\/span>\n                            <span class=\"gallery-thumb__caption\">View from the top<\/span>\n                        <\/a>\n                    <\/li>\n<li class=\"col-xs-6 col-sm-4 col-md-3\">\n                        <a href=\"https:\/\/linnamuuseum.ee\/wp-content\/uploads\/2017\/02\/003-1024x683.jpg\" class=\"gallery-thumb__url\" data-mh=\"gallery\">\n                            <span class=\"gallery-thumb__image card-img-top\"><img loading=\"lazy\" decoding=\"async\" src=\"https:\/\/linnamuuseum.ee\/wp-content\/uploads\/2017\/02\/003-250x250.jpg\" alt=\"003\" width=\"250\" height=\"250\" \/><\/span>\n                            <span class=\"gallery-thumb__caption\">Maiden Tower from Komandant\u00b4s Garden<\/span>\n                        <\/a>\n                    <\/li>\n<li class=\"col-xs-6 col-sm-4 col-md-3\">\n                        <a href=\"https:\/\/linnamuuseum.ee\/wp-content\/uploads\/2017\/02\/neitsitorn-1930.jpg\" class=\"gallery-thumb__url\" data-mh=\"gallery\">\n                            <span class=\"gallery-thumb__image card-img-top\"><img loading=\"lazy\" decoding=\"async\" src=\"https:\/\/linnamuuseum.ee\/wp-content\/uploads\/2017\/02\/neitsitorn-1930-250x250.jpg\" alt=\"neitsitorn 1930\" width=\"250\" height=\"250\" \/><\/span>\n                            <span class=\"gallery-thumb__caption\">2-Storey House instead of the tower ( 1800-1969)<\/span>\n                        <\/a>\n                    <\/li>\n<li class=\"col-xs-6 col-sm-4 col-md-3\">\n                        <a href=\"https:\/\/linnamuuseum.ee\/wp-content\/uploads\/2017\/02\/Neitsitorn_rekonstruktsioon1-1024x868.png\" class=\"gallery-thumb__url\" data-mh=\"gallery\">\n                            <span class=\"gallery-thumb__image card-img-top\"><img loading=\"lazy\" decoding=\"async\" src=\"https:\/\/linnamuuseum.ee\/wp-content\/uploads\/2017\/02\/Neitsitorn_rekonstruktsioon1-250x250.png\" alt=\"Neitsitorn_rekonstruktsioon1\" width=\"250\" height=\"250\" \/><\/span>\n                            <span class=\"gallery-thumb__caption\">Meghedturm (Maiden Tower) in the 14 c ( by Rein Zobel)<\/span>\n                        <\/a>\n                    <\/li>\n<li class=\"col-xs-6 col-sm-4 col-md-3\">\n                        <a href=\"https:\/\/linnamuuseum.ee\/wp-content\/uploads\/2017\/02\/neitsitorni-taastamine.jpg\" class=\"gallery-thumb__url\" data-mh=\"gallery\">\n                            <span class=\"gallery-thumb__image card-img-top\"><img loading=\"lazy\" decoding=\"async\" src=\"https:\/\/linnamuuseum.ee\/wp-content\/uploads\/2017\/02\/neitsitorni-taastamine-250x250.jpg\" alt=\"Neitsitorni maja 1967\" width=\"250\" height=\"250\" \/><\/span>\n                            <span class=\"gallery-thumb__caption\">Restauration in the 1970s<\/span>\n                        <\/a>\n                    <\/li>\n<li class=\"col-xs-6 col-sm-4 col-md-3\">\n                        <a href=\"https:\/\/linnamuuseum.ee\/wp-content\/uploads\/2017\/01\/vaade-kaitsekaigult1-1024x683.jpg\" class=\"gallery-thumb__url\" data-mh=\"gallery\">\n                            <span class=\"gallery-thumb__image card-img-top\"><img loading=\"lazy\" decoding=\"async\" src=\"https:\/\/linnamuuseum.ee\/wp-content\/uploads\/2017\/01\/vaade-kaitsekaigult1-250x250.jpg\" alt=\"\u201cTALLINN PEOPESAL!\u201d LINNA AJALUGU TUNNI AJAGA!   Hommikused erihinnaga ekskursioonid koolidele teisip\u00e4evast reedeni kella 9-11. Neitsitorn-Kiek in de K\u00f6k-Bastionik\u00e4igud-Raidkivimuuseum K\u00d5IK \u00dcHE KORRAGA  \u2013 tutvu linna terviklikumalt ennistatud ajaloolise kaitsekompleksiga, Tallinna linna vanima ja k\u00fclluslikuma kummituste kantsi ning bastionik\u00e4ikudega, sealhulgas seni suletud olnud osaga, kus v\u00e4rskelt avatud Raidkivimuuseum. Alustades Taani kuninga aiast, tutvume linnam\u00fc\u00fcri-pealsete keskaegsete kaitsek\u00e4ikudega ja liigume Kiek in de K\u00f6ki suurt\u00fckitorni, kust laskume maa alla, kindlustuste \u00fchte salap\u00e4rasemasse ossa, bastionik\u00e4ikudesse. Ekskursiooni l\u00f5petab ringk\u00e4ik vastavatud Raidkivimuuseumis. \u00dchendekskursiooni sooduspilet (\u00fcli-)\u00f5pilastele  4.50\u20ac. Kestvus umbes 75 min. Ekskursioonide broneerimine ja lisainfo numbril 6012605 \/ \u00fcldtelefonil 6012751 v\u00f5i e-kirjaga aadressil neitsitorn@linnamuuseum.ee. NEITSITORNI EKSKURSIOON Hommikune ( teisip\u00e4evast- reedeni kella 9-11) erihind \u00f5pilastele 2.50, kestvus umbes 45 min. Teemad: Neitsitorn kui keskaegne kaitseehitis, kuldse hansaaegse Revali s\u00fcmbol, kuulsuste kodu ja kunstnike ateljee, kummituste ja linnalegendide kants ning kultuskohvik. Pakume p\u00f5nevaid ekskursioone Neitsitornis ja sellega k\u00fclgnevatel linnam\u00fc\u00fcri kaitsek\u00e4ikudel, mis annavad hea \u00fclevaate Neitsitorni, naabertornide ja linnakindlustusv\u00f6\u00f6ndi ning ehitiste ajaloost. R\u00fchma minimaalne suurus 10 inimest, kestus ca 1 tund. Kogunemine Neitsitorni kassas. Lisaks eestikeelsele saab tellida ekskursiooni vene, soome v\u00f5i inglise keeles. T\u00e4ispilet   5.00\u20ac, sooduspilet (\u00fcli)\" width=\"250\" height=\"250\" \/><\/span>\n                            \n                        <\/a>\n                    <\/li>\n<\/ul>\n<p><iframe loading=\"lazy\" src=\"https:\/\/www.youtube.com\/embed\/q5PCjw3KflU\" width=\"560\" height=\"315\" frameborder=\"0\" allowfullscreen=\"allowfullscreen\"><\/iframe><\/p>\n<p>&nbsp;<\/p>\n","protected":false},"excerpt":{"rendered":"<p>&nbsp; The\u00a0Maiden\u2019s Tower (Neitsitorn), was built as a defence tower in the 14th century. It has also been an artists\u2019 home and a popular bar. The museum offers amazing views and displays Tallinn\u2019s caf\u00e9 culture,\u00a0 and the history of the tower. From the Maiden Tower, you can access the Stable Tower (Tallitorn) whitch is famous [&hellip;]<\/p>\n","protected":false},"author":13,"featured_media":0,"parent":360,"menu_order":16,"comment_status":"closed","ping_status":"closed","template":"","meta":{"footnotes":""},"class_list":["post-4078","page","type-page","status-publish","hentry"],"_links":{"self":[{"href":"https:\/\/linnamuuseum.ee\/en\/wp-json\/wp\/v2\/pages\/4078"}],"collection":[{"href":"https:\/\/linnamuuseum.ee\/en\/wp-json\/wp\/v2\/pages"}],"about":[{"href":"https:\/\/linnamuuseum.ee\/en\/wp-json\/wp\/v2\/types\/page"}],"author":[{"embeddable":true,"href":"https:\/\/linnamuuseum.ee\/en\/wp-json\/wp\/v2\/users\/13"}],"replies":[{"embeddable":true,"href":"https:\/\/linnamuuseum.ee\/en\/wp-json\/wp\/v2\/comments?post=4078"}],"version-history":[{"count":5,"href":"https:\/\/linnamuuseum.ee\/en\/wp-json\/wp\/v2\/pages\/4078\/revisions"}],"predecessor-version":[{"id":106421,"href":"https:\/\/linnamuuseum.ee\/en\/wp-json\/wp\/v2\/pages\/4078\/revisions\/106421"}],"up":[{"embeddable":true,"href":"https:\/\/linnamuuseum.ee\/en\/wp-json\/wp\/v2\/pages\/360"}],"wp:attachment":[{"href":"https:\/\/linnamuuseum.ee\/en\/wp-json\/wp\/v2\/media?parent=4078"}],"curies":[{"name":"wp","href":"https:\/\/api.w.org\/{rel}","templated":true}]}}