{"id":41,"date":"2016-08-26T21:39:56","date_gmt":"2016-08-26T18:39:56","guid":{"rendered":"http:\/\/linnamuuseum.ee\/?page_id=41"},"modified":"2026-03-27T13:12:52","modified_gmt":"2026-03-27T11:12:52","slug":"visitor-info","status":"publish","type":"page","link":"https:\/\/linnamuuseum.ee\/en\/linnamuuseum\/visitor-info\/","title":{"rendered":"Plan your visit to the Tallinn City Life Museum"},"content":{"rendered":"<h3>CONTACT<\/h3>\n<p>Vene 17, Tallinn<br \/>\n<a href=\"mailto:linnaelu@linnamuuseum.ee\">linnaelu<strong>@linnamuuseum.ee<\/strong><\/a><br \/>\n(+372) 615 5180<\/p>\n<h3><span style=\"color: #000000;\">OPENING HOURS<\/span><\/h3>\n<p><span style=\"color: #000000;\"><strong>October \u2013 April<br \/>\n<\/strong><\/span>Mon: Closed<br \/>\nTue: 11\u201319<br \/>\nWed\u2013Sat: 11\u201318<br \/>\nSun: 11\u201316<\/p>\n<p><strong><span style=\"color: #000000;\">May \u2013 September<\/span><\/strong><br \/>\n<span style=\"color: #000000;\">Mon\u2013Sun: 11\u201318<\/span><\/p>\n<p><a href=\"https:\/\/linnamuuseum.ee\/en\/tallinna-linnamuuseum-en\/public_holidays\/\">PUBLIC HOLIDAYS AND SHORTENED WORKING DAYS &gt;<\/a><\/p>\n<h3>TICKETS<\/h3>\n<p><a class=\"ostabutton\" href=\"https:\/\/www.piletilevi.ee\/en\/tickets\/G3FQ5SXO4D\/tallinna-linnaelumuuseum-tallinn-city-life-museum\" target=\"_blank\" rel=\"noopener\">BUY TICKET<\/a><\/p>\n<ul>\n<li>Adult <strong>10 \u20ac<\/strong><\/li>\n<li>Concessions <strong>8<\/strong> <strong>\u20ac<\/strong> (students, pensioners, ITIC Teacher card holders and people with reduced work ability)<\/li>\n<li>Family <strong>20 \u20ac<\/strong>\u00a0(2 adults and their children under 19)<\/li>\n<\/ul>\n<h3>COMBINED TICKETS<\/h3>\n<h4>Tallinn City Life Museum &amp; Kiek in de K\u00f6k Fortifications Museum<\/h4>\n<p><a class=\"ostabutton\" href=\"https:\/\/www.piletilevi.ee\/en\/tickets\/P25TLEI7SF\/mustpead-kahes-muuseumis-blackheads-in-two-museums\" target=\"_blank\" rel=\"noopener\">BUY TICKET<\/a><\/p>\n<p><span style=\"font-weight: 400;\">The ticket grants access to all exhibitions of both museums and is valid for <strong>1 month<\/strong> from the date of the first visit.<\/span><\/p>\n<ul>\n<li>Adult <strong>22 \u20ac<\/strong><\/li>\n<li>Concessions <strong>16 \u20ac<\/strong> (students, pensioners and people with reduced work ability)<\/li>\n<li>Family <strong>44 \u20ac<\/strong>\u00a0(max 2 adults and their children under 19)<\/li>\n<\/ul>\n<h3>GUIDED TOURS<\/h3>\n<ul>\n<li><span style=\"font-weight: 400;\">Guided tour in estonian: <strong>45<\/strong> <strong>\u20ac\u00a0<\/strong>per group + tour ticket per person<\/span><\/li>\n<li>Guided tour in a foreign language: <strong>60 \u20ac\u00a0<\/strong>per group + tour ticket per person<\/li>\n<\/ul>\n<p>Tour ticket prizes: adult <strong>10<\/strong> <strong>\u20ac,\u00a0<\/strong>concessions <strong>8 \u20ac<\/strong><\/p>\n<p>&nbsp;<\/p>\n<h3>SPECIAL TOURS<\/h3>\n<p><span style=\"font-weight: 400;\">Available for groups of at least <strong>10<\/strong> participants. No guide fee is added to the price of the tour.<\/span><\/p>\n<p><span style=\"font-weight: 400;\">For more information and to book a tour, please email us at <a href=\"mailto:linnaelu@linnamuuseum.ee\">linnaelu@linnamuuseum.ee<\/a>.<\/span><\/p>\n<p><strong>Please note:<\/strong><span style=\"font-weight: 400;\"> Tours must be booked at least 2 days in advance.<\/span><\/p>\n<p><span style=\"font-weight: 400;\">Tours are held during the museum&#8217;s opening hours.<\/span><\/p>\n<h3>FREE ADMISSION<\/h3>\n<p>Entrance is free to everyone:<\/p>\n<ul>\n<li>On the International Museum Day, 18 May.<\/li>\n<li data-start=\"121\" data-end=\"175\">\n<p data-start=\"123\" data-end=\"175\">For pre-registered visitors on <a href=\"https:\/\/linnamuuseum.ee\/en\/tallinna-linnamuuseum\/museum-sundays\/\">Museum Sundays<\/a><\/p>\n<\/li>\n<\/ul>\n<p><strong>Free admission upon presentation of the relevant document:<\/strong><\/p>\n<ul>\n<li>Preschool children up to 6 (at Children\u2019s Museum Miiamilla up to 2)<\/li>\n<li data-start=\"251\" data-end=\"290\">\n<p data-start=\"253\" data-end=\"290\"><a href=\"https:\/\/www.visittallinn.ee\/eng\/tallinncard\" target=\"_blank\" rel=\"noopener\">Tallinn Card<\/a> and <a href=\"https:\/\/muuseumikaart.ee\/en\/\" target=\"_blank\" rel=\"noopener\">Museum Card<\/a> holders<\/p>\n<\/li>\n<li data-start=\"291\" data-end=\"326\">\n<p data-start=\"293\" data-end=\"326\">Museum and Tallinn Botanic Garden staff<\/p>\n<\/li>\n<li>Members of the Estonian Museum Association, ICOM, Tallinn Guide Association, WFTGA<\/li>\n<li>Journalists on duty<\/li>\n<li>Children up to 16 with disabilities and their accompanying person<\/li>\n<li>People with severe or profound disabilities and their accompanying person<\/li>\n<li>People with reduced work capacity<\/li>\n<li>ITIC Teacher Card holders (discounted admission; free as group leader)<\/li>\n<li>Refugees from the war in <a href=\"https:\/\/www.linnamuuseum.ee\/en\/tallinna-linnamuuseum-en\/tallinna-linnamuuseum-toetab-ukrainat\/\">Ukraine<\/a><\/li>\n<li>The repressed<\/li>\n<\/ul>\n<p data-start=\"55\" data-end=\"172\"><strong data-start=\"55\" data-end=\"170\">Free admission does not apply to lectures, guided tours, workshops, museum classes, or other paid events.<\/strong><\/p>\n<p data-start=\"174\" data-end=\"250\" data-is-last-node=\"\" data-is-only-node=\"\">On <strong data-start=\"177\" data-end=\"201\">Tallinn Day (15 May)<\/strong> and <strong data-start=\"206\" data-end=\"222\">Museum Night<\/strong>, museum entry costs <strong data-start=\"243\" data-end=\"249\">1 \u20ac<\/strong>.<\/p>\n<h3>HOW TO GET HERE<\/h3>\n<p><iframe loading=\"lazy\" style=\"border: 0;\" src=\"https:\/\/www.google.com\/maps\/embed?pb=!1m18!1m12!1m3!1d1014.3319453470916!2d24.748277389395152!3d59.43868007567658!2m3!1f0!2f0!3f0!3m2!1i1024!2i768!4f13.1!3m3!1m2!1s0x0%3A0x142dccd1942f5a39!2sTallinna+Linnamuuseum!5e0!3m2!1set!2see!4v1487667384734\" width=\"600\" height=\"450\" frameborder=\"0\" allowfullscreen=\"allowfullscreen\"><\/iframe><\/p>\n<ul>\n<li><strong>On foot<\/strong> were just a few minutes away from Viru v\u00e4ljak, Raekoja plats (the Town Hall Square), and the Balti jaam railway station. Check <strong><a href=\"https:\/\/transport.tallinn.ee\/#plan\/\/en\" target=\"_blank\" rel=\"noopener\">Tallinn public transport planner<\/a><\/strong>\u00a0for connections.<\/li>\n<li><strong>By car:<\/strong> The museum is located at Vene 17 and can be reached via V\u00e4ike Rannav\u00e4rav from Rannam\u00e4e tee, through Pikk Street and Olevim\u00e4gi, or from Uus Street<\/li>\n<\/ul>\n<p><strong>Parking fees<\/strong> apply in the Old Town. More information about parking can be found <a href=\"https:\/\/www.parkimine.ee\/en\/parking\/tallinn\" target=\"_blank\" rel=\"noopener\">here<\/a>.<\/p>\n<h3>ACCESS<\/h3>\n<p><strong>Visitors with disabilities<\/strong> who wish to visit us are kindly asked to contact us in advance by e-mail at <a href=\"mailto:linnaelu@linnamuuseum.ee\">linnaelu@linnamuuseum.ee<\/a>. Our museum is located in a historic building with steep stairs and no lift, so we handle accessibility arrangements on a case-by-case basis.<\/p>\n<h3>PHOTOGRAPHING AND FILMING<\/h3>\n<ul>\n<li data-start=\"159\" data-end=\"295\">\n<p data-start=\"161\" data-end=\"295\"><strong data-start=\"161\" data-end=\"182\">For personal use:<\/strong> You may take photographs without flash or a tripod. For other situations, please contact the museum reception.<\/p>\n<\/li>\n<li data-start=\"296\" data-end=\"511\">\n<p data-start=\"298\" data-end=\"511\"><strong data-start=\"298\" data-end=\"316\">For the press:<\/strong> Photography and filming of the museum building, exhibitions, and events is free if arranged in advance.<\/p>\n<\/li>\n<li data-start=\"512\" data-end=\"635\">\n<p data-start=\"514\" data-end=\"635\"><strong data-start=\"514\" data-end=\"542\">For commercial purposes:<\/strong> Photography and filming are subject to fees.<\/p>\n<\/li>\n<\/ul>\n<p>Please contact us by phone <strong data-start=\"448\" data-end=\"468\">+372 5347 3981<\/strong>\u00a0or email <strong data-start=\"478\" data-end=\"508\"><a class=\"decorated-link cursor-pointer\" href=\"mailto:eve.veigel@linnamuuseum.ee\" rel=\"noopener\" data-start=\"480\" data-end=\"506\">eve.veigel@linnamuuseum.ee<\/a><\/strong>.<\/p>\n","protected":false},"excerpt":{"rendered":"<p>CONTACT Vene 17, Tallinn linnaelu@linnamuuseum.ee (+372) 615 5180 OPENING HOURS October \u2013 April Mon: Closed Tue: 11\u201319 Wed\u2013Sat: 11\u201318 Sun: 11\u201316 May \u2013 September Mon\u2013Sun: 11\u201318 PUBLIC HOLIDAYS AND SHORTENED WORKING DAYS &gt; TICKETS BUY TICKET Adult 10 \u20ac Concessions 8 \u20ac (students, pensioners, ITIC Teacher card holders and people with reduced work ability) Family [&hellip;]<\/p>\n","protected":false},"author":21,"featured_media":0,"parent":7,"menu_order":4,"comment_status":"closed","ping_status":"closed","template":"","meta":{"footnotes":""},"class_list":["post-41","page","type-page","status-publish","hentry"],"_links":{"self":[{"href":"https:\/\/linnamuuseum.ee\/en\/wp-json\/wp\/v2\/pages\/41"}],"collection":[{"href":"https:\/\/linnamuuseum.ee\/en\/wp-json\/wp\/v2\/pages"}],"about":[{"href":"https:\/\/linnamuuseum.ee\/en\/wp-json\/wp\/v2\/types\/page"}],"author":[{"embeddable":true,"href":"https:\/\/linnamuuseum.ee\/en\/wp-json\/wp\/v2\/users\/21"}],"replies":[{"embeddable":true,"href":"https:\/\/linnamuuseum.ee\/en\/wp-json\/wp\/v2\/comments?post=41"}],"version-history":[{"count":5,"href":"https:\/\/linnamuuseum.ee\/en\/wp-json\/wp\/v2\/pages\/41\/revisions"}],"predecessor-version":[{"id":106608,"href":"https:\/\/linnamuuseum.ee\/en\/wp-json\/wp\/v2\/pages\/41\/revisions\/106608"}],"up":[{"embeddable":true,"href":"https:\/\/linnamuuseum.ee\/en\/wp-json\/wp\/v2\/pages\/7"}],"wp:attachment":[{"href":"https:\/\/linnamuuseum.ee\/en\/wp-json\/wp\/v2\/media?parent=41"}],"curies":[{"name":"wp","href":"https:\/\/api.w.org\/{rel}","templated":true}]}}