{"id":74537,"date":"2023-03-24T20:48:40","date_gmt":"2023-03-24T18:48:40","guid":{"rendered":"https:\/\/linnamuuseum.ee\/?page_id=74537\/"},"modified":"2025-06-11T15:55:39","modified_gmt":"2025-06-11T12:55:39","slug":"visiting-gallery-seek","status":"publish","type":"page","link":"https:\/\/linnamuuseum.ee\/en\/gallery-seek\/visiting-gallery-seek\/","title":{"rendered":"Visiting Gallery Seek"},"content":{"rendered":"<div id=\"attachment_77033\" style=\"width: 410px\" class=\"wp-caption alignright\"><img loading=\"lazy\" decoding=\"async\" aria-describedby=\"caption-attachment-77033\" class=\"wp-image-77033 size-medium\" src=\"https:\/\/linnamuuseum.ee\/wp-content\/uploads\/2023\/06\/SEEK-400x262.jpg\" alt=\"V\u00e4ike-P\u00e4\u00e4sukese 5 (R\u00e4vala pst \u00e4\u00e4res) vaata kaarti\" width=\"400\" height=\"262\" srcset=\"https:\/\/linnamuuseum.ee\/wp-content\/uploads\/2023\/06\/SEEK-400x262.jpg 400w, https:\/\/linnamuuseum.ee\/wp-content\/uploads\/2023\/06\/SEEK-768x502.jpg 768w, https:\/\/linnamuuseum.ee\/wp-content\/uploads\/2023\/06\/SEEK.jpg 870w\" sizes=\"(max-width: 400px) 100vw, 400px\" \/><p id=\"caption-attachment-77033\" class=\"wp-caption-text\"><a href=\"https:\/\/www.google.ee\/maps\/place\/Jaani+Seek\/@59.4334865,24.7601531,18.08z\/data=!4m5!3m4!1s0x0:0xb95b52ffa7196459!8m2!3d59.4334864!4d24.7601534\">GALLERY SEEK, V\u00e4ike-P\u00e4\u00e4sukese 5 (By R\u00e4vala pst), CLICK FOR THE MAP<\/a><\/p><\/div>\n<h4>LOCATION ADDRESS<\/h4>\n<h4><strong>V\u00e4ike-P\u00e4\u00e4sukese 5<\/strong><\/h4>\n<p>&nbsp;<\/p>\n<p><strong>Gallery Seek is located on the side of R\u00e4vala street<a href=\"https:\/\/www.google.ee\/maps\/place\/Jaani+Seek\/@59.4334865,24.7601531,18.08z\/data=!4m5!3m4!1s0x0:0xb95b52ffa7196459!8m2!3d59.4334864!4d24.7601534\">.<\/a> <\/strong><\/p>\n<p><strong>It is an exhibition pavilion of the Museum of Photography, where exhibitions of contemporary photography and Estonian photographic heritage are presented. <\/strong><\/p>\n<p><strong>The building also exhibits the ruins of a building from the Seek complex dating back to the 13th-14th centuries.<\/strong><\/p>\n<h3><\/h3>\n<h3><\/h3>\n<h3>OPENING TIMES<\/h3>\n<h5><strong>Open from June 6 to September 30.<\/strong><\/h5>\n<h5><strong>Closed during the winter season.\u00a0<\/strong><\/h5>\n<p><a href=\"https:\/\/linnamuuseum.ee\/en\/tallinna-linnamuuseum-en\/public_holidays\/\">PUBLIC HOLIDAYS AND SHORTENED WORKING DAYS &gt;<\/a><\/p>\n<p>&nbsp;<\/p>\n<div class=\"postlist withthumb\"><span class=\"thumbmagic\"><a href=\"https:\/\/linnamuuseum.ee\/en\/fotomuuseum-en\/gallery-seek\/galerii-seek-on-talvel-suletud\/\" title=\"Gallery SEEK is closed in winter\"><img loading=\"lazy\" decoding=\"async\" width=\"400\" height=\"302\" src=\"https:\/\/linnamuuseum.ee\/wp-content\/uploads\/2026\/01\/Seek_v2lisvaade-3_web-400x302.jpg\" class=\"lcp_thumbnail wp-post-image\" alt=\"Gallery SEEK is closed in winter\" srcset=\"https:\/\/linnamuuseum.ee\/wp-content\/uploads\/2026\/01\/Seek_v2lisvaade-3_web-400x302.jpg 400w, https:\/\/linnamuuseum.ee\/wp-content\/uploads\/2026\/01\/Seek_v2lisvaade-3_web-768x580.jpg 768w, https:\/\/linnamuuseum.ee\/wp-content\/uploads\/2026\/01\/Seek_v2lisvaade-3_web.jpg 1325w\" sizes=\"(max-width: 400px) 100vw, 400px\" \/><\/a><\/span><div class=\"lcp-container\"><h4><a href=\"https:\/\/linnamuuseum.ee\/en\/fotomuuseum-en\/gallery-seek\/galerii-seek-on-talvel-suletud\/\">Gallery SEEK is closed in winter<\/a><\/h4>  <p class=\"lcp_excerpt\">&nbsp;\nPhoto Museum Exhibition Pavilion\nGallery SEEK address: V\u00e4ike-P\u00e4\u00e4sukese 5, located near R\u00e4vala pst.\nGallery Seek hosts exhibitions of contemporary photography and camera-based art.\nThe building also exhibits ruins from the 13th\u201314th centuries that were part of the former Jaani Seegi complex.\nGALLERY SEEK has been open seasonally in ...<\/p><div class=\"morelink\"><a href=\"https:\/\/linnamuuseum.ee\/en\/fotomuuseum-en\/gallery-seek\/galerii-seek-on-talvel-suletud\/\">MORE &gt;<\/a><\/div><\/div><\/div>\n<p>&nbsp;<\/p>\n<h3>FREE ENTRANCE<\/h3>\n<p><a href=\"https:\/\/linnamuuseum.ee\/en\/tallinna-linnamuuseum-en\/tasuta-muuseumipuhapaevad-kord-kuus\/\">Free museum Sundays<\/a>\u00a0\u2013 admission to the museum is free for everyone once a month, pre-registration is required.<br \/>\nEntrance is free to everyone on the\u00a0International Museum Day, 18 May.<br \/>\nThe admission is free for children under 7 and holders of documents attesting to the following:<\/p>\n<ul>\n<li>holders of\u00a0<strong><a href=\"https:\/\/www.visittallinn.ee\/eng\/tallinncard\">Tallinn Card<\/a><\/strong><\/li>\n<li><a href=\"http:\/\/www.muuseumikaart.ee\/\">Muuseumikaart<\/a><\/li>\n<li>ICOM members<\/li>\n<li>WFTGA members<\/li>\n<li>Employees of Estonian museums<\/li>\n<li>Employees Tallinn Botanical Garden<\/li>\n<li>Holders of valid press cards<\/li>\n<li>Members of Tallinn Tour Guide Association<\/li>\n<li>Tours from children\u2019s homes<\/li>\n<li>Disabled persons and their attendants<\/li>\n<li>ITIC Teacher Card holders with a discounted ticket, free of charge as a group guide<\/li>\n<li>refugees of the war in Ukraine<\/li>\n<\/ul>\n<p>&nbsp;<\/p>\n<h3>CONTACT:<\/h3>\n<p>+372 5309 7535 (from Monday to Friday, 12-18)<\/p>\n<p><a href=\"mailto:foto@linnamuuseum.ee\">foto@linnamuuseum.ee<\/a><\/p>\n<h3><\/h3>\n<p><a class=\"ostabutton\" href=\"https:\/\/www.google.ee\/maps\/place\/Jaani+Seek\/@59.4334865,24.7601531,18.08z\/data=!4m5!3m4!1s0x0:0xb95b52ffa7196459!8m2!3d59.4334864!4d24.7601534\">CHECK THE GOOGLE MAP<\/a><\/p>\n<p><iframe loading=\"lazy\" style=\"border: 0;\" src=\"https:\/\/www.google.com\/maps\/embed?pb=!1m18!1m12!1m3!1d2996.5275663121515!2d24.761455200410097!3d59.432542292238516!2m3!1f0!2f0!3f0!3m2!1i1024!2i768!4f13.1!3m3!1m2!1s0x46929363d3e9089b%3A0xb95b52ffa7196459!2sSt.%20John's%20Almshouse%20Museum!5e0!3m2!1sen!2see!4v1624650234352!5m2!1sen!2see\" width=\"600\" height=\"450\" allowfullscreen=\"allowfullscreen\" data-mce-fragment=\"1\"><\/iframe><\/p>\n<p>&nbsp;<\/p>\n<ul class=\"row oi-gallery oi-gallery-1\">\n<li class=\"col-xs-6 col-sm-4 col-md-3\"><a class=\"gallery-thumb__url\" href=\"https:\/\/www.linnamuuseum.ee\/wp-content\/uploads\/2021\/11\/MK_4118-870x569.jpg\" data-mh=\"gallery\"><span class=\"gallery-thumb__image card-img-top\"><img loading=\"lazy\" decoding=\"async\" src=\"https:\/\/www.linnamuuseum.ee\/wp-content\/uploads\/2021\/11\/MK_4118-250x250.jpg\" alt=\"_MK_4118\" width=\"250\" height=\"250\" \/><\/span><\/a><\/li>\n<li class=\"col-xs-6 col-sm-4 col-md-3\"><a class=\"gallery-thumb__url\" href=\"https:\/\/www.linnamuuseum.ee\/wp-content\/uploads\/2021\/11\/MK_4763-870x558.jpg\" data-mh=\"gallery\"><span class=\"gallery-thumb__image card-img-top\"><img loading=\"lazy\" decoding=\"async\" src=\"https:\/\/www.linnamuuseum.ee\/wp-content\/uploads\/2021\/11\/MK_4763-250x250.jpg\" alt=\"_MK_4763\" width=\"250\" height=\"250\" \/><\/span><\/a><\/li>\n<li class=\"col-xs-6 col-sm-4 col-md-3\"><a class=\"gallery-thumb__url\" href=\"https:\/\/www.linnamuuseum.ee\/wp-content\/uploads\/2021\/11\/MK_4733-870x593.jpg\" data-mh=\"gallery\"><span class=\"gallery-thumb__image card-img-top\"><img loading=\"lazy\" decoding=\"async\" src=\"https:\/\/www.linnamuuseum.ee\/wp-content\/uploads\/2021\/11\/MK_4733-250x250.jpg\" alt=\"_MK_4733\" width=\"250\" height=\"250\" \/><\/span><\/a><\/li>\n<li class=\"col-xs-6 col-sm-4 col-md-3\"><a class=\"gallery-thumb__url\" href=\"https:\/\/www.linnamuuseum.ee\/wp-content\/uploads\/2021\/11\/MK_4708-870x588.jpg\" data-mh=\"gallery\"><span class=\"gallery-thumb__image card-img-top\"><img loading=\"lazy\" decoding=\"async\" src=\"https:\/\/www.linnamuuseum.ee\/wp-content\/uploads\/2021\/11\/MK_4708-250x250.jpg\" alt=\"_MK_4708\" width=\"250\" height=\"250\" \/><\/span><\/a><\/li>\n<li class=\"col-xs-6 col-sm-4 col-md-3\"><a class=\"gallery-thumb__url\" href=\"https:\/\/www.linnamuuseum.ee\/wp-content\/uploads\/2021\/11\/MK_4797-870x585.jpg\" data-mh=\"gallery\"><span class=\"gallery-thumb__image card-img-top\"><img loading=\"lazy\" decoding=\"async\" src=\"https:\/\/www.linnamuuseum.ee\/wp-content\/uploads\/2021\/11\/MK_4797-250x250.jpg\" alt=\"_MK_4797\" width=\"250\" height=\"250\" \/><\/span><\/a><\/li>\n<li class=\"col-xs-6 col-sm-4 col-md-3\"><a class=\"gallery-thumb__url\" href=\"https:\/\/www.linnamuuseum.ee\/wp-content\/uploads\/2021\/11\/MK_4799-870x580.jpg\" data-mh=\"gallery\"><span class=\"gallery-thumb__image card-img-top\"><img loading=\"lazy\" decoding=\"async\" src=\"https:\/\/www.linnamuuseum.ee\/wp-content\/uploads\/2021\/11\/MK_4799-250x250.jpg\" alt=\"_MK_4799\" width=\"250\" height=\"250\" \/><\/span><\/a><\/li>\n<li class=\"col-xs-6 col-sm-4 col-md-3\"><a class=\"gallery-thumb__url\" href=\"https:\/\/www.linnamuuseum.ee\/wp-content\/uploads\/2021\/11\/MK_4930-870x588.jpg\" data-mh=\"gallery\"><span class=\"gallery-thumb__image card-img-top\"><img loading=\"lazy\" decoding=\"async\" src=\"https:\/\/www.linnamuuseum.ee\/wp-content\/uploads\/2021\/11\/MK_4930-250x250.jpg\" alt=\"_MK_4930\" width=\"250\" height=\"250\" \/><\/span><\/a><\/li>\n<li class=\"col-xs-6 col-sm-4 col-md-3\"><a class=\"gallery-thumb__url\" href=\"https:\/\/www.linnamuuseum.ee\/wp-content\/uploads\/2021\/11\/MK_4772-870x591.jpg\" data-mh=\"gallery\"><span class=\"gallery-thumb__image card-img-top\"><img loading=\"lazy\" decoding=\"async\" src=\"https:\/\/www.linnamuuseum.ee\/wp-content\/uploads\/2021\/11\/MK_4772-250x250.jpg\" alt=\"_MK_4772\" width=\"250\" height=\"250\" \/><\/span><\/a><\/li>\n<\/ul>\n","protected":false},"excerpt":{"rendered":"<p>LOCATION ADDRESS V\u00e4ike-P\u00e4\u00e4sukese 5 &nbsp; Gallery Seek is located on the side of R\u00e4vala street. It is an exhibition pavilion of the Museum of Photography, where exhibitions of contemporary photography and Estonian photographic heritage are presented. The building also exhibits the ruins of a building from the Seek complex dating back to the 13th-14th centuries. [&hellip;]<\/p>\n","protected":false},"author":30,"featured_media":0,"parent":56882,"menu_order":6,"comment_status":"closed","ping_status":"closed","template":"","meta":{"footnotes":""},"class_list":["post-74537","page","type-page","status-publish","hentry"],"_links":{"self":[{"href":"https:\/\/linnamuuseum.ee\/en\/wp-json\/wp\/v2\/pages\/74537"}],"collection":[{"href":"https:\/\/linnamuuseum.ee\/en\/wp-json\/wp\/v2\/pages"}],"about":[{"href":"https:\/\/linnamuuseum.ee\/en\/wp-json\/wp\/v2\/types\/page"}],"author":[{"embeddable":true,"href":"https:\/\/linnamuuseum.ee\/en\/wp-json\/wp\/v2\/users\/30"}],"replies":[{"embeddable":true,"href":"https:\/\/linnamuuseum.ee\/en\/wp-json\/wp\/v2\/comments?post=74537"}],"version-history":[{"count":5,"href":"https:\/\/linnamuuseum.ee\/en\/wp-json\/wp\/v2\/pages\/74537\/revisions"}],"predecessor-version":[{"id":97414,"href":"https:\/\/linnamuuseum.ee\/en\/wp-json\/wp\/v2\/pages\/74537\/revisions\/97414"}],"up":[{"embeddable":true,"href":"https:\/\/linnamuuseum.ee\/en\/wp-json\/wp\/v2\/pages\/56882"}],"wp:attachment":[{"href":"https:\/\/linnamuuseum.ee\/en\/wp-json\/wp\/v2\/media?parent=74537"}],"curies":[{"name":"wp","href":"https:\/\/api.w.org\/{rel}","templated":true}]}}