{"id":74965,"date":"2017-02-17T13:18:26","date_gmt":"2017-02-17T11:18:26","guid":{"rendered":"https:\/\/linnamuuseum.ee\/museum-of-photography\/mis-toimub-fm\/"},"modified":"2023-05-17T10:06:52","modified_gmt":"2023-05-17T07:06:52","slug":"mis-toimub-fm","status":"publish","type":"page","link":"https:\/\/linnamuuseum.ee\/en\/museum-of-photography\/mis-toimub-fm\/","title":{"rendered":"EVENTS"},"content":{"rendered":"<p><strong><div class=\"postlist withthumb\"><span class=\"thumbmagic\"><a href=\"https:\/\/linnamuuseum.ee\/en\/fotomuuseum-en\/the-exhibition-the-wealthy-and-handsome-the-brotherhood-of-blackheads-in-tallinn-won-a-silver-egg-at-the-golden-egg-awards\/\" title=\"The architectural competition for the Tallinn City Museum\u2019s Open Collections building won by Kavakava\"><img loading=\"lazy\" decoding=\"async\" width=\"400\" height=\"198\" src=\"https:\/\/linnamuuseum.ee\/wp-content\/uploads\/2026\/03\/Sissevaade_Vaade-Kultuurikilomeetrilt_Autor_Autor_arhitektuuriburoo-Kavakava-OU_Siiri-Vallner-Indrek-Peil-Ko-Ai-400x198.jpg\" class=\"lcp_thumbnail wp-post-image\" alt=\"The architectural competition for the Tallinn City Museum\u2019s Open Collections building won by Kavakava\" srcset=\"https:\/\/linnamuuseum.ee\/wp-content\/uploads\/2026\/03\/Sissevaade_Vaade-Kultuurikilomeetrilt_Autor_Autor_arhitektuuriburoo-Kavakava-OU_Siiri-Vallner-Indrek-Peil-Ko-Ai-400x198.jpg 400w, https:\/\/linnamuuseum.ee\/wp-content\/uploads\/2026\/03\/Sissevaade_Vaade-Kultuurikilomeetrilt_Autor_Autor_arhitektuuriburoo-Kavakava-OU_Siiri-Vallner-Indrek-Peil-Ko-Ai-768x381.jpg 768w, https:\/\/linnamuuseum.ee\/wp-content\/uploads\/2026\/03\/Sissevaade_Vaade-Kultuurikilomeetrilt_Autor_Autor_arhitektuuriburoo-Kavakava-OU_Siiri-Vallner-Indrek-Peil-Ko-Ai-1536x762.jpg 1536w, https:\/\/linnamuuseum.ee\/wp-content\/uploads\/2026\/03\/Sissevaade_Vaade-Kultuurikilomeetrilt_Autor_Autor_arhitektuuriburoo-Kavakava-OU_Siiri-Vallner-Indrek-Peil-Ko-Ai.jpg 1560w\" sizes=\"(max-width: 400px) 100vw, 400px\" \/><\/a><\/span><div class=\"lcp-container\"><h4><a href=\"https:\/\/linnamuuseum.ee\/en\/fotomuuseum-en\/the-exhibition-the-wealthy-and-handsome-the-brotherhood-of-blackheads-in-tallinn-won-a-silver-egg-at-the-golden-egg-awards\/\">The architectural competition for the Tallinn City Museum\u2019s Open Collections building won by Kavakava<\/a><\/h4>  <p class=\"lcp_excerpt\">The architectural competition for the Open Collections building organized by the City of Tallinn was won by Kavakava Architects with the proposal \u201cSissevaade\u201d (View Inside), authored by Siiri Vallner, Indrek Peil, and Ko Ai.\nFrom ...<\/p><div class=\"morelink\"><a href=\"https:\/\/linnamuuseum.ee\/en\/fotomuuseum-en\/the-exhibition-the-wealthy-and-handsome-the-brotherhood-of-blackheads-in-tallinn-won-a-silver-egg-at-the-golden-egg-awards\/\">Loe l\u00e4hemalt...<\/a><\/div><\/div><\/div><div class=\"postlist withthumb\"><span class=\"thumbmagic\"><a href=\"https:\/\/linnamuuseum.ee\/en\/fotomuuseum-en\/varvikodi-fotomuuseumis-elamusnaitus-varvifoto-ajaloost\/\" title=\"NEW EXHIBITION&lt;br&gt;&lt;b&gt;\u201cColour Tickle\u201d at the Museum of Photography.&lt;\/b&gt; An immersive journey through the colour photography\"><img loading=\"lazy\" decoding=\"async\" width=\"400\" height=\"498\" src=\"https:\/\/linnamuuseum.ee\/wp-content\/uploads\/2026\/01\/Varvikodi_1080-x-1350-400x498.png\" class=\"lcp_thumbnail wp-post-image\" alt=\"NEW EXHIBITION&lt;br&gt;&lt;b&gt;\u201cColour Tickle\u201d at the Museum of Photography.&lt;\/b&gt; An immersive journey through the colour photography\" srcset=\"https:\/\/linnamuuseum.ee\/wp-content\/uploads\/2026\/01\/Varvikodi_1080-x-1350-400x498.png 400w, https:\/\/linnamuuseum.ee\/wp-content\/uploads\/2026\/01\/Varvikodi_1080-x-1350.png 634w\" sizes=\"(max-width: 400px) 100vw, 400px\" \/><\/a><\/span><div class=\"lcp-container\"><h4><a href=\"https:\/\/linnamuuseum.ee\/en\/fotomuuseum-en\/varvikodi-fotomuuseumis-elamusnaitus-varvifoto-ajaloost\/\">NEW EXHIBITION<br><b>\u201cColour Tickle\u201d at the Museum of Photography.<\/b> An immersive journey through the colour photography<\/a><\/h4>  <p class=\"lcp_excerpt\">Through installations and animations, the immersive exhibition \u201cColour Tickle\u201d in the Museum of Photography explores the intersections of visual perception, colour synthesis, and the history of photography.\nOver the course of a year, the experiential ...<\/p><div class=\"morelink\"><a href=\"https:\/\/linnamuuseum.ee\/en\/fotomuuseum-en\/varvikodi-fotomuuseumis-elamusnaitus-varvifoto-ajaloost\/\">Loe l\u00e4hemalt...<\/a><\/div><\/div><\/div><div class=\"postlist withthumb\"><span class=\"thumbmagic\"><a href=\"https:\/\/linnamuuseum.ee\/en\/fotomuuseum-en\/naitus-fotograaf-aadu-treufeldti-koloreeritud-fotod-20-sajandi-algusest-salatrepi-galeriis\/\" title=\"&lt;b&gt;Aadu Treufeldt&#039;s Coloured Photographs from the Early 20th Century &lt;br&gt;&lt;\/b&gt;Museum of Photography Secret Staircase Gallery\"><img loading=\"lazy\" decoding=\"async\" width=\"400\" height=\"253\" src=\"https:\/\/linnamuuseum.ee\/wp-content\/uploads\/2026\/02\/A-Treufeldt_foto_tlm_f8884_14_detail1varvid-400x253.jpg\" class=\"lcp_thumbnail wp-post-image\" alt=\"&lt;b&gt;Aadu Treufeldt&#039;s Coloured Photographs from the Early 20th Century &lt;br&gt;&lt;\/b&gt;Museum of Photography Secret Staircase Gallery\" srcset=\"https:\/\/linnamuuseum.ee\/wp-content\/uploads\/2026\/02\/A-Treufeldt_foto_tlm_f8884_14_detail1varvid-400x253.jpg 400w, https:\/\/linnamuuseum.ee\/wp-content\/uploads\/2026\/02\/A-Treufeldt_foto_tlm_f8884_14_detail1varvid-768x486.jpg 768w, https:\/\/linnamuuseum.ee\/wp-content\/uploads\/2026\/02\/A-Treufeldt_foto_tlm_f8884_14_detail1varvid-1536x972.jpg 1536w, https:\/\/linnamuuseum.ee\/wp-content\/uploads\/2026\/02\/A-Treufeldt_foto_tlm_f8884_14_detail1varvid.jpg 1560w\" sizes=\"(max-width: 400px) 100vw, 400px\" \/><\/a><\/span><div class=\"lcp-container\"><h4><a href=\"https:\/\/linnamuuseum.ee\/en\/fotomuuseum-en\/naitus-fotograaf-aadu-treufeldti-koloreeritud-fotod-20-sajandi-algusest-salatrepi-galeriis\/\"><b>Aadu Treufeldt&#8217;s Coloured Photographs from the Early 20th Century <br><\/b>Museum of Photography Secret Staircase Gallery<\/a><\/h4>  <p class=\"lcp_excerpt\">This new mini-exhibition in the Secret Staircase Gallery at the Museum of Photography will inspire you to colourise your photos.\nDreams of colour photography took many forms a hundred years ago. Photography enthusiasts were familiar ...<\/p><div class=\"morelink\"><a href=\"https:\/\/linnamuuseum.ee\/en\/fotomuuseum-en\/naitus-fotograaf-aadu-treufeldti-koloreeritud-fotod-20-sajandi-algusest-salatrepi-galeriis\/\">Loe l\u00e4hemalt...<\/a><\/div><\/div><\/div><div class=\"postlist withthumb\"><span class=\"thumbmagic\"><a href=\"https:\/\/linnamuuseum.ee\/en\/fotomuuseum-en\/naituse-sugu-ja-lugu-kataloog\/\" title=\"&lt;b&gt;The exhibition catalogue Gendered Lens of the Estonian Museum of Photography has been published&lt;\/b&gt;\"><img loading=\"lazy\" decoding=\"async\" width=\"400\" height=\"288\" src=\"https:\/\/linnamuuseum.ee\/wp-content\/uploads\/2025\/11\/Sugu_ja_lugu_Fotomuuseum_RAAMAT_valgetaust-400x288.jpg\" class=\"lcp_thumbnail wp-post-image\" alt=\"&lt;b&gt;The exhibition catalogue Gendered Lens of the Estonian Museum of Photography has been published&lt;\/b&gt;\" srcset=\"https:\/\/linnamuuseum.ee\/wp-content\/uploads\/2025\/11\/Sugu_ja_lugu_Fotomuuseum_RAAMAT_valgetaust-400x288.jpg 400w, https:\/\/linnamuuseum.ee\/wp-content\/uploads\/2025\/11\/Sugu_ja_lugu_Fotomuuseum_RAAMAT_valgetaust-768x553.jpg 768w, https:\/\/linnamuuseum.ee\/wp-content\/uploads\/2025\/11\/Sugu_ja_lugu_Fotomuuseum_RAAMAT_valgetaust.jpg 1390w\" sizes=\"(max-width: 400px) 100vw, 400px\" \/><\/a><\/span><div class=\"lcp-container\"><h4><a href=\"https:\/\/linnamuuseum.ee\/en\/fotomuuseum-en\/naituse-sugu-ja-lugu-kataloog\/\"><b>The exhibition catalogue Gendered Lens of the Estonian Museum of Photography has been published<\/b><\/a><\/h4>  <p class=\"lcp_excerpt\">The long-awaited and comprehensive catalogue accompanying the Estonian Museum of Photography\u2019s main exhibition of the year of the body, Gendered Lens, has been released. \nThe book bears the full title Gendered Lens. Body, Gender, ...<\/p><div class=\"morelink\"><a href=\"https:\/\/linnamuuseum.ee\/en\/fotomuuseum-en\/naituse-sugu-ja-lugu-kataloog\/\">Loe l\u00e4hemalt...<\/a><\/div><\/div><\/div><div class=\"postlist withthumb\"><span class=\"thumbmagic\"><a href=\"https:\/\/linnamuuseum.ee\/en\/fotomuuseum-en\/gallery-seek\/galerii-seek-on-talvel-suletud\/\" title=\"Gallery SEEK is closed in winter\"><img loading=\"lazy\" decoding=\"async\" width=\"400\" height=\"302\" src=\"https:\/\/linnamuuseum.ee\/wp-content\/uploads\/2026\/01\/Seek_v2lisvaade-3_web-400x302.jpg\" class=\"lcp_thumbnail wp-post-image\" alt=\"Gallery SEEK is closed in winter\" srcset=\"https:\/\/linnamuuseum.ee\/wp-content\/uploads\/2026\/01\/Seek_v2lisvaade-3_web-400x302.jpg 400w, https:\/\/linnamuuseum.ee\/wp-content\/uploads\/2026\/01\/Seek_v2lisvaade-3_web-768x580.jpg 768w, https:\/\/linnamuuseum.ee\/wp-content\/uploads\/2026\/01\/Seek_v2lisvaade-3_web.jpg 1325w\" sizes=\"(max-width: 400px) 100vw, 400px\" \/><\/a><\/span><div class=\"lcp-container\"><h4><a href=\"https:\/\/linnamuuseum.ee\/en\/fotomuuseum-en\/gallery-seek\/galerii-seek-on-talvel-suletud\/\">Gallery SEEK is closed in winter<\/a><\/h4>  <p class=\"lcp_excerpt\">&nbsp;\nPhoto Museum Exhibition Pavilion\nGallery SEEK address: V\u00e4ike-P\u00e4\u00e4sukese 5, located near R\u00e4vala pst.\nGallery Seek hosts exhibitions of contemporary photography and camera-based art.\nThe building also exhibits ruins from the 13th\u201314th centuries that were part of the ...<\/p><div class=\"morelink\"><a href=\"https:\/\/linnamuuseum.ee\/en\/fotomuuseum-en\/gallery-seek\/galerii-seek-on-talvel-suletud\/\">Loe l\u00e4hemalt...<\/a><\/div><\/div><\/div><div class=\"postlist withthumb\"><span class=\"thumbmagic\"><a href=\"https:\/\/linnamuuseum.ee\/en\/fotomuuseum-en\/naitus-fotograaf\/\" title=\"&lt;b&gt;PHOTOGRAPHER&lt;br&gt;&lt;\/b&gt;A composite portrait of Estonian photographers&lt;\/b&gt;&lt;br&gt;Museum of Photography\"><img loading=\"lazy\" decoding=\"async\" width=\"400\" height=\"282\" src=\"https:\/\/linnamuuseum.ee\/wp-content\/uploads\/2023\/04\/fotograaf__-400x282.jpg\" class=\"lcp_thumbnail wp-post-image\" alt=\"&lt;b&gt;PHOTOGRAPHER&lt;br&gt;&lt;\/b&gt;A composite portrait of Estonian photographers&lt;\/b&gt;&lt;br&gt;Museum of Photography\" srcset=\"https:\/\/linnamuuseum.ee\/wp-content\/uploads\/2023\/04\/fotograaf__-400x282.jpg 400w, https:\/\/linnamuuseum.ee\/wp-content\/uploads\/2023\/04\/fotograaf__.jpg 737w\" sizes=\"(max-width: 400px) 100vw, 400px\" \/><\/a><\/span><div class=\"lcp-container\"><h4><a href=\"https:\/\/linnamuuseum.ee\/en\/fotomuuseum-en\/naitus-fotograaf\/\"><b>PHOTOGRAPHER<br><\/b>A composite portrait of Estonian photographers<\/b><br>Museum of Photography<\/a><\/h4>  <p class=\"lcp_excerpt\">A creative space and portrait exhibition of Estonian photographers await visitors at the Museum of Photography.\n\u2018Photographer\u2019 is a composite portrait of Estonian photographers with their cameras from the mid-19th century up to the present ...<\/p><div class=\"morelink\"><a href=\"https:\/\/linnamuuseum.ee\/en\/fotomuuseum-en\/naitus-fotograaf\/\">Loe l\u00e4hemalt...<\/a><\/div><\/div><\/div><div class=\"postlist withthumb\"><span class=\"thumbmagic\"><a href=\"https:\/\/linnamuuseum.ee\/en\/fotomuuseum-en\/new-isolation-dialogues-until-18th-of-may\/\" title=\"&lt;b&gt;ISOLATION DIALOGUES&lt;\/b&gt;&lt;BR&gt;photography project of the pandemic years\"><img loading=\"lazy\" decoding=\"async\" width=\"400\" height=\"267\" src=\"https:\/\/linnamuuseum.ee\/wp-content\/uploads\/2020\/04\/03_JoosepKivim\u00e4e_24.04.2020-400x267.jpg\" class=\"lcp_thumbnail wp-post-image\" alt=\"&lt;b&gt;ISOLATION DIALOGUES&lt;\/b&gt;&lt;BR&gt;photography project of the pandemic years\" srcset=\"https:\/\/linnamuuseum.ee\/wp-content\/uploads\/2020\/04\/03_JoosepKivim\u00e4e_24.04.2020-400x267.jpg 400w, https:\/\/linnamuuseum.ee\/wp-content\/uploads\/2020\/04\/03_JoosepKivim\u00e4e_24.04.2020-768x512.jpg 768w, https:\/\/linnamuuseum.ee\/wp-content\/uploads\/2020\/04\/03_JoosepKivim\u00e4e_24.04.2020-870x580.jpg 870w, https:\/\/linnamuuseum.ee\/wp-content\/uploads\/2020\/04\/03_JoosepKivim\u00e4e_24.04.2020.jpg 1500w\" sizes=\"(max-width: 400px) 100vw, 400px\" \/><\/a><\/span><div class=\"lcp-container\"><h4><a href=\"https:\/\/linnamuuseum.ee\/en\/fotomuuseum-en\/new-isolation-dialogues-until-18th-of-may\/\"><b>ISOLATION DIALOGUES<\/b><BR>photography project of the pandemic years<\/a><\/h4>  <p class=\"lcp_excerpt\">PHOTOGRAPHERS HOLD ISOLATION DIALOGUES IN PICTURES\nMore than 120 Estonian photographers are participating in Isolation Dialogues &#8211; a large-scale project of the Tallinn Museum of Photography.\nIn order to provide creative output during the quarantine period ...<\/p><div class=\"morelink\"><a href=\"https:\/\/linnamuuseum.ee\/en\/fotomuuseum-en\/new-isolation-dialogues-until-18th-of-may\/\">Loe l\u00e4hemalt...<\/a><\/div><\/div><\/div><div class=\"postlist withthumb\"><span class=\"thumbmagic\"><a href=\"https:\/\/linnamuuseum.ee\/en\/fotomuuseum-en\/the-photo-history-book-stodom-a-combination-of-letters-that-changed-estonian-photography\/\" title=\"The photo history book \u201cSTODOM. A Combination of Letters that Changed Estonian Photography\u201c\"><img loading=\"lazy\" decoding=\"async\" width=\"227\" height=\"300\" src=\"https:\/\/linnamuuseum.ee\/wp-content\/uploads\/2020\/02\/esikaas-stodom-227x300.jpg\" class=\"lcp_thumbnail wp-post-image\" alt=\"The photo history book \u201cSTODOM. A Combination of Letters that Changed Estonian Photography\u201c\" srcset=\"https:\/\/linnamuuseum.ee\/wp-content\/uploads\/2020\/02\/esikaas-stodom-227x300.jpg 227w, https:\/\/linnamuuseum.ee\/wp-content\/uploads\/2020\/02\/esikaas-stodom.jpg 757w\" sizes=\"(max-width: 227px) 100vw, 227px\" \/><\/a><\/span><div class=\"lcp-container\"><h4><a href=\"https:\/\/linnamuuseum.ee\/en\/fotomuuseum-en\/the-photo-history-book-stodom-a-combination-of-letters-that-changed-estonian-photography\/\">The photo history book \u201cSTODOM. A Combination of Letters that Changed Estonian Photography\u201c<\/a><\/h4>  <p class=\"lcp_excerpt\">The photo history book &#8220;STODOM. A Combination of Letters that Changed Estonian Photography&#8221; will be presented at the Museum of Photography on Thursday, \n6 February at 16:00.\nThe compilation, published by the Museum of Photography, ...<\/p><div class=\"morelink\"><a href=\"https:\/\/linnamuuseum.ee\/en\/fotomuuseum-en\/the-photo-history-book-stodom-a-combination-of-letters-that-changed-estonian-photography\/\">Loe l\u00e4hemalt...<\/a><\/div><\/div><\/div><div class=\"postlist withthumb\"><span class=\"thumbmagic\"><a href=\"https:\/\/linnamuuseum.ee\/en\/fotomuuseum-en\/fotomuuseumi-album-tallinna-sundmustest-18561990\/\" title=\"A book of photographs of Tallinn 1856\u20131990\"><img loading=\"lazy\" decoding=\"async\" width=\"300\" height=\"194\" src=\"https:\/\/linnamuuseum.ee\/wp-content\/uploads\/2019\/12\/tlm_f63_pisipilt-300x194.jpg\" class=\"lcp_thumbnail wp-post-image\" alt=\"A book of photographs of Tallinn 1856\u20131990\" srcset=\"https:\/\/linnamuuseum.ee\/wp-content\/uploads\/2019\/12\/tlm_f63_pisipilt-300x194.jpg 300w, https:\/\/linnamuuseum.ee\/wp-content\/uploads\/2019\/12\/tlm_f63_pisipilt-768x497.jpg 768w, https:\/\/linnamuuseum.ee\/wp-content\/uploads\/2019\/12\/tlm_f63_pisipilt.jpg 800w\" sizes=\"(max-width: 300px) 100vw, 300px\" \/><\/a><\/span><div class=\"lcp-container\"><h4><a href=\"https:\/\/linnamuuseum.ee\/en\/fotomuuseum-en\/fotomuuseumi-album-tallinna-sundmustest-18561990\/\">A book of photographs of Tallinn 1856\u20131990<\/a><\/h4>  <p class=\"lcp_excerpt\">A book of photographs of Tallinn 1856\u20131990 introduces the photography collection of the Tallinn City Museum and its potential\nPublished in the Varamu series: Captured in pictures: event photographs 1856\u20131990 in the collection of the ...<\/p><div class=\"morelink\"><a href=\"https:\/\/linnamuuseum.ee\/en\/fotomuuseum-en\/fotomuuseumi-album-tallinna-sundmustest-18561990\/\">Loe l\u00e4hemalt...<\/a><\/div><\/div><\/div><div class=\"postlist withthumb\"><span class=\"thumbmagic\"><a href=\"https:\/\/linnamuuseum.ee\/en\/fotomuuseum-en\/images-of-estonian-people-a-hundred-years-ago\/\" title=\"Images of Estonian people a hundred years ago\"><img loading=\"lazy\" decoding=\"async\" width=\"239\" height=\"300\" src=\"https:\/\/linnamuuseum.ee\/wp-content\/uploads\/2019\/07\/Eesti-rahva-r\u00f5ivad-kaas-239x300.jpg\" class=\"lcp_thumbnail wp-post-image\" alt=\"Images of Estonian people a hundred years ago\" srcset=\"https:\/\/linnamuuseum.ee\/wp-content\/uploads\/2019\/07\/Eesti-rahva-r\u00f5ivad-kaas-239x300.jpg 239w, https:\/\/linnamuuseum.ee\/wp-content\/uploads\/2019\/07\/Eesti-rahva-r\u00f5ivad-kaas-768x966.jpg 768w, https:\/\/linnamuuseum.ee\/wp-content\/uploads\/2019\/07\/Eesti-rahva-r\u00f5ivad-kaas.jpg 795w\" sizes=\"(max-width: 239px) 100vw, 239px\" \/><\/a><\/span><div class=\"lcp-container\"><h4><a href=\"https:\/\/linnamuuseum.ee\/en\/fotomuuseum-en\/images-of-estonian-people-a-hundred-years-ago\/\">Images of Estonian people a hundred years ago<\/a><\/h4>  <p class=\"lcp_excerpt\">170 ethnographic photographs of Estonian people captured by seven reputable photographers active before 1940\nThis book of photographs is a compilation of images by renowned Estonian photographers before World War II, captured with a sincere ...<\/p><div class=\"morelink\"><a href=\"https:\/\/linnamuuseum.ee\/en\/fotomuuseum-en\/images-of-estonian-people-a-hundred-years-ago\/\">Loe l\u00e4hemalt...<\/a><\/div><\/div><\/div><div class=\"postlist withthumb\"><span class=\"thumbmagic\"><a href=\"https:\/\/linnamuuseum.ee\/en\/fotomuuseum-en\/estonian-photography-1840-1940\/\" title=\"Museum of photography: Estonian photography from 1840 to 1940\"><img loading=\"lazy\" decoding=\"async\" width=\"300\" height=\"200\" src=\"https:\/\/linnamuuseum.ee\/wp-content\/uploads\/2016\/08\/Fotomuuseum-49-1-300x200.jpg\" class=\"lcp_thumbnail wp-post-image\" alt=\"Museum of photography: Estonian photography from 1840 to 1940\" srcset=\"https:\/\/linnamuuseum.ee\/wp-content\/uploads\/2016\/08\/Fotomuuseum-49-1-300x200.jpg 300w, https:\/\/linnamuuseum.ee\/wp-content\/uploads\/2016\/08\/Fotomuuseum-49-1-768x512.jpg 768w, https:\/\/linnamuuseum.ee\/wp-content\/uploads\/2016\/08\/Fotomuuseum-49-1-1024x683.jpg 1024w, https:\/\/linnamuuseum.ee\/wp-content\/uploads\/2016\/08\/Fotomuuseum-49-1.jpg 1200w\" sizes=\"(max-width: 300px) 100vw, 300px\" \/><\/a><\/span><div class=\"lcp-container\"><h4><a href=\"https:\/\/linnamuuseum.ee\/en\/fotomuuseum-en\/estonian-photography-1840-1940\/\">Museum of photography: Estonian photography from 1840 to 1940<\/a><\/h4>  <p class=\"lcp_excerpt\">Our permanent exhibition gives an overview of\u00a0the history of Estonian photography from 1840 to 1940.\nEstonian photographers were highly appreciated even abroad at the time. The display starts with very rare daguerreotypes, amrotypes and ferrotypes. ...<\/p><div class=\"morelink\"><a href=\"https:\/\/linnamuuseum.ee\/en\/fotomuuseum-en\/estonian-photography-1840-1940\/\">Loe l\u00e4hemalt...<\/a><\/div><\/div><\/div><\/strong><\/p>\n<p>&nbsp;<\/p>\n<h2>Past events<\/h2>\n<p><strong><ul class=\"lcp_catlist\" id=\"lcp_instance_0\"><li><a href=\"https:\/\/linnamuuseum.ee\/en\/fotomuuseum-en\/gallery-seek\/alyona-movko-magi\/\"><b>NIGHT GALLERY: solo exhibition &#8220;Soo&#8221; by Alyona Movko-M\u00e4gi at SEEK Gallery<\/b><\/a>  April, 2025<\/li><li><a href=\"https:\/\/linnamuuseum.ee\/en\/cat-fotomuuseum\/gendered-lens\/\"><b>PHOTO EXHIBITION &#8220;GENDERED LENS&#8221;<\/b><\/a>  April, 2025<\/li><li><a href=\"https:\/\/linnamuuseum.ee\/en\/fotomuuseum-en\/december-5-br-bopening-of-the-exhibition-furs-at-the-secret-straiscase-galleryb\/\"><b>EXHIBITION &#8220;FURS&#8221; at the Secret Straircase Gallery<\/b><\/a>  November, 2024<\/li><li><a href=\"https:\/\/linnamuuseum.ee\/en\/fotomuuseum-en\/the-body\/\"><b>Group exhibition &#8220;THE BODY&#8221;<\/b>\u00a0<br>Contemporary Body Representation Through the Camera<\/a>  April, 2024<\/li><li><a href=\"https:\/\/linnamuuseum.ee\/en\/fotomuuseum-en\/b16-detsemberil-marten-meibaumi-tsellariton-fotomuuseumisb\/\"><b>Christmas Concert: Marten Meibaum&#8217;s Cellariton in the Museum of Photography<\/b><\/a>  November, 2023<\/li><li><a href=\"https:\/\/linnamuuseum.ee\/en\/fotomuuseum-en\/kohtumine-soome-fotokunstniku-joonas-ahtikallioga-23112023\/\"><b>Artist talk with Joonas Ahtikallio: Sustainability in Analog Photography<b \/><\/a>  November, 2023<\/li><li><a href=\"https:\/\/linnamuuseum.ee\/en\/fotomuuseum-en\/blooduskarnevalb\/\"><b>Nature Carnival in the Museum of Photography<\/b><\/a>  November, 2023<\/li><li><a href=\"https:\/\/linnamuuseum.ee\/en\/fotomuuseum-en\/gallery-seek\/gallery-seek-ritva-kovalainen-sanni-seppo\/\"><b> In the gallery Seek: Forests of the North Wind by Ritva Kovalainen &#038; Sanni Seppo <\/b><\/a>  June, 2023<\/li><li><a href=\"https:\/\/linnamuuseum.ee\/en\/fotomuuseum-en\/prof-dr-peeter-linnaps-lecture-images-and-fear\/\">Postponed: Prof. Dr. Peeter Linnap&#8217;s lecture &#8220;Images and Fear&#8221;<\/a>  March, 2023<\/li><li><a href=\"https:\/\/linnamuuseum.ee\/en\/fotomuuseum-en\/toomas-kalves-retrospective\/\"><b>ESTONIAN PHOTOGRAPHY CLASSICS<BR> Toomas Kalve&#8217;s Retrospective<\/b><\/a>  March, 2023<\/li><li><a href=\"https:\/\/linnamuuseum.ee\/en\/fotomuuseum-en\/karoliina-kase-in-the-project-room\/\">An exhibition on an important topic by Karoliina Kase in the project room<\/a>  April, 2022<\/li><li><a href=\"https:\/\/linnamuuseum.ee\/en\/fotomuuseum-en\/artist-talk-with-sanni-saarinen-at-the-museum-of-photography\/\"><b> Artist talk with Sanni Saarinen at the Museum of Photography <\/b><\/a>  February, 2022<\/li><li><a href=\"https:\/\/linnamuuseum.ee\/en\/fotomuuseum-en\/b-exhibition-southern-boys-southern-girls-by-paola-suhonen-coming-soon-b\/\"><b> Exhibition &#8220;Southern boys, southern girls&#8221; by Paola Suhonen coming soon! <\/b><\/a>  January, 2022<\/li><li><a href=\"https:\/\/linnamuuseum.ee\/en\/fotomuuseum-en\/solo-exhibition-the-earths-circle-kolodozero-by-ekaterina-solovieva\/\">Solo exhibition \u201cThe Earth\u2019s Circle. Kolodozero \u201d by Ekaterina Solovieva<\/a>  December, 2021<\/li><li><a href=\"https:\/\/linnamuuseum.ee\/en\/fotomuuseum-en\/photo-hunt-for-the-museum-of-photography-a-day-in-tallinn\/\">PHOTO HUNT FOR THE MUSEUM OF PHOTOGRAPHY: A DAY IN TALLINN<\/a>  January, 2021<\/li><li><a href=\"https:\/\/linnamuuseum.ee\/en\/fotomuuseum-en\/museum-of-photographys-portrait-photography-theme-year-exhibition-estonian-portrait-avant-garde-19802000\/\">Museum of Photography\u2019s portrait photography theme year exhibition: ESTONIAN PORTRAIT AVANT-GARDE  1980\u20132000<\/a>  June, 2020<\/li><li><a href=\"https:\/\/linnamuuseum.ee\/en\/fotomuuseum-en\/fotomuuseumis-avatakse-18-oktoobril-naitus-stodom-tahekombinatsioon-mis-muutis-eesti-fotograafiat\/\">Museum of Photography: <br><b>\u201cSTODOM. The Group that Changed Estonian Photography\u201d<\/b><\/a>  July, 2019<\/li><\/ul><\/strong><\/p>\n<p>&nbsp;<\/p>\n","protected":false},"excerpt":{"rendered":"<p>&nbsp; Past events &nbsp;<\/p>\n","protected":false},"author":21,"featured_media":0,"parent":352,"menu_order":26,"comment_status":"closed","ping_status":"closed","template":"","meta":{"footnotes":""},"class_list":["post-74965","page","type-page","status-publish","hentry"],"_links":{"self":[{"href":"https:\/\/linnamuuseum.ee\/en\/wp-json\/wp\/v2\/pages\/74965"}],"collection":[{"href":"https:\/\/linnamuuseum.ee\/en\/wp-json\/wp\/v2\/pages"}],"about":[{"href":"https:\/\/linnamuuseum.ee\/en\/wp-json\/wp\/v2\/types\/page"}],"author":[{"embeddable":true,"href":"https:\/\/linnamuuseum.ee\/en\/wp-json\/wp\/v2\/users\/21"}],"replies":[{"embeddable":true,"href":"https:\/\/linnamuuseum.ee\/en\/wp-json\/wp\/v2\/comments?post=74965"}],"version-history":[{"count":3,"href":"https:\/\/linnamuuseum.ee\/en\/wp-json\/wp\/v2\/pages\/74965\/revisions"}],"predecessor-version":[{"id":76254,"href":"https:\/\/linnamuuseum.ee\/en\/wp-json\/wp\/v2\/pages\/74965\/revisions\/76254"}],"up":[{"embeddable":true,"href":"https:\/\/linnamuuseum.ee\/en\/wp-json\/wp\/v2\/pages\/352"}],"wp:attachment":[{"href":"https:\/\/linnamuuseum.ee\/en\/wp-json\/wp\/v2\/media?parent=74965"}],"curies":[{"name":"wp","href":"https:\/\/api.w.org\/{rel}","templated":true}]}}