{"id":74967,"date":"2022-10-13T14:03:08","date_gmt":"2022-10-13T11:03:08","guid":{"rendered":"https:\/\/linnamuuseum.ee\/museum-of-photography\/toimunud-fm\/"},"modified":"2023-05-17T10:13:17","modified_gmt":"2023-05-17T07:13:17","slug":"toimunud-fm","status":"publish","type":"page","link":"https:\/\/linnamuuseum.ee\/en\/museum-of-photography\/toimunud-fm\/","title":{"rendered":"Past Events"},"content":{"rendered":"<p><strong><ul class=\"lcp_catlist\" id=\"lcp_instance_0\"><li><a href=\"https:\/\/linnamuuseum.ee\/en\/cat-fotomuuseum\/august-14-special-tour-in-english-at-alyona-movko-magis-exhibition-soo-in-gallery-seek\/\">August 14: Special tour in English at Alyona Movko-M\u00e4gi\u2019s exhibition SOO in gallery SEEK<\/a>  August, 2025<\/li><li><a href=\"https:\/\/linnamuuseum.ee\/en\/fotomuuseum-en\/fotomuuseumi-kogumik-paev-tallinnas-2020\/\">Fotomuuseumi kogumik \u201cP\u00e4ev Tallinnas 2020\u201d<\/a>  July, 2025<\/li><li><a href=\"https:\/\/linnamuuseum.ee\/en\/fotomuuseum-en\/gallery-seek\/alyona-movko-magi\/\"><b>NIGHT GALLERY: solo exhibition &#8220;Soo&#8221; by Alyona Movko-M\u00e4gi at SEEK Gallery<\/b><\/a>  April, 2025<\/li><li><a href=\"https:\/\/linnamuuseum.ee\/en\/cat-fotomuuseum\/gendered-lens\/\"><b>PHOTO EXHIBITION &#8220;GENDERED LENS&#8221;<\/b><\/a>  April, 2025<\/li><li><a href=\"https:\/\/linnamuuseum.ee\/en\/fotomuuseum-en\/december-5-br-bopening-of-the-exhibition-furs-at-the-secret-straiscase-galleryb\/\"><b>EXHIBITION &#8220;FURS&#8221; at the Secret Straircase Gallery<\/b><\/a>  November, 2024<\/li><li><a href=\"https:\/\/linnamuuseum.ee\/en\/fotomuuseum-en\/the-body\/\"><b>Group exhibition &#8220;THE BODY&#8221;<\/b>\u00a0<br>Contemporary Body Representation Through the Camera<\/a>  April, 2024<\/li><li><a href=\"https:\/\/linnamuuseum.ee\/en\/cat-linnaelumuuseum-en\/tallinn-city-museum-branches-are-closed-today-june-30-from-430-pm\/\">Tallinn City Museum branches are closed today, June 30, from 4:30 p.m.<\/a>  June, 2023<\/li><li><a href=\"https:\/\/linnamuuseum.ee\/en\/fotomuuseum-en\/toomas-kalves-retrospective\/\"><b>ESTONIAN PHOTOGRAPHY CLASSICS<BR> Toomas Kalve&#8217;s Retrospective<\/b><\/a>  March, 2023<\/li><li><a href=\"https:\/\/linnamuuseum.ee\/en\/fotomuuseum-en\/fotomuuseumis-eesti-pildis-fotograaf-carl-sarap-18931942\/\"><b>ESTONIA IN THE 1930s.<\/b><br>Photographer Carl Sarap (1893\u20131942) in the Museum of Photography<\/a>  July, 2022<\/li><li><a href=\"https:\/\/linnamuuseum.ee\/en\/fotomuuseum-en\/gallery-seek\/estonian-and-finnish-analogue-photography\/\"><b>Estonian and Finnish Analogue Photography Today<\/b><\/a>  May, 2022<\/li><li><a href=\"https:\/\/linnamuuseum.ee\/en\/fotomuuseum-en\/karoliina-kase-in-the-project-room\/\">An exhibition on an important topic by Karoliina Kase in the project room<\/a>  April, 2022<\/li><li><a href=\"https:\/\/linnamuuseum.ee\/en\/fotomuuseum-en\/artist-talk-with-sanni-saarinen-at-the-museum-of-photography\/\"><b> Artist talk with Sanni Saarinen at the Museum of Photography <\/b><\/a>  February, 2022<\/li><li><a href=\"https:\/\/linnamuuseum.ee\/en\/fotomuuseum-en\/b-exhibition-southern-boys-southern-girls-by-paola-suhonen-coming-soon-b\/\"><b> Exhibition &#8220;Southern boys, southern girls&#8221; by Paola Suhonen coming soon! <\/b><\/a>  January, 2022<\/li><li><a href=\"https:\/\/linnamuuseum.ee\/en\/fotomuuseum-en\/solo-exhibition-the-earths-circle-kolodozero-by-ekaterina-solovieva\/\">Solo exhibition \u201cThe Earth\u2019s Circle. Kolodozero \u201d by Ekaterina Solovieva<\/a>  December, 2021<\/li><li><a href=\"https:\/\/linnamuuseum.ee\/en\/fotomuuseum-en\/the-project-kohti-towards-by-sanni-saarinen-at-the-museum-of-photography\/\">The project \u201cKohti : Towards\u201d by Sanni Saarinen at the Museum of Photography<\/a>  October, 2021<\/li><li><a href=\"https:\/\/linnamuuseum.ee\/en\/fotomuuseum-en\/from-8th-of-july-elina-kostabi-exhibition-ekki-hugsa\/\">Elina Kostabi exhibition &#8220;Ekki hugsa&#8221;<\/a>  July, 2021<\/li><li><a href=\"https:\/\/linnamuuseum.ee\/en\/fotomuuseum-en\/sirli-raitmas-exhibition-eha\/\">Sirli Raitma`s exhibition &#8220;EHA&#8221; 28.01-25.04<\/a>  January, 2021<\/li><li><a href=\"https:\/\/linnamuuseum.ee\/en\/fotomuuseum-en\/on-17th-of-september-laurene-bois-mariages-exhibition-49-colors-of-susceptibility-will-be-opened-in-the-museum-of-photography\/\">Laurene Bois-Mariage&#8217;s exhibition &#8220;49 Colors of Susceptibility&#8221; in the Museum of Photography<\/a>  September, 2020<\/li><li><a href=\"https:\/\/linnamuuseum.ee\/en\/fotomuuseum-en\/the-museum-of-photographys-photostreet-a-summer-family-day-on-6th-of-august-1100-1600\/\">The Museum of Photography\u2019s Photostreet: a summer family day on 6th of August 11:00 &#8211; 16:00!<\/a>  July, 2020<\/li><li><a href=\"https:\/\/linnamuuseum.ee\/en\/fotomuuseum-en\/dialogues-by-alena-shminke-and-mike-ross-0406130920\/\">Dialogues by Alena Shminke and Mike Ross 04.06\u201313.09.20<\/a>  June, 2020<\/li><li><a href=\"https:\/\/linnamuuseum.ee\/en\/fotomuuseum-en\/museum-of-photographys-portrait-photography-theme-year-exhibition-estonian-portrait-avant-garde-19802000\/\">Museum of Photography\u2019s portrait photography theme year exhibition: ESTONIAN PORTRAIT AVANT-GARDE  1980\u20132000<\/a>  June, 2020<\/li><li><a href=\"https:\/\/linnamuuseum.ee\/en\/fotomuuseum-en\/paola-suhonens-exhibition-southern-boys-southern-girls-2603-1005\/\">Paola Suhonen`s exhibition &#8220;Southern boys, southern girls&#8221; 26.03-10.05<\/a>  February, 2020<\/li><li><a href=\"https:\/\/linnamuuseum.ee\/en\/fotomuuseum-en\/jaanus-rees-exhibition-ott-3001-150320\/\">Jaanus Ree`s exhibition &#8220;Ott&#8221; 30.01-15.03.20<\/a>  January, 2020<\/li><li><a href=\"https:\/\/linnamuuseum.ee\/en\/fotomuuseum-en\/photo-group-beg-45-2301-150320\/\">&#8220;Photo Group BEG 45&#8221; 23.01-15.03.20<\/a>  January, 2020<\/li><li><a href=\"https:\/\/linnamuuseum.ee\/en\/fotomuuseum-en\/dan-mikkin-photo-exhibition-141119-120120\/\">Dan Mikkin photo exhibition 14.11.19-12.01.20<\/a>  November, 2019<\/li><li><a href=\"https:\/\/linnamuuseum.ee\/en\/fotomuuseum-en\/jalo-porkkalas-exhibition-daguerrotypes-71119-270120\/\">Jalo Porkkala`s exhibition &#8220;Daguerrotypes&#8221; 7.11.19-27.01.20<\/a>  November, 2019<\/li><li><a href=\"https:\/\/linnamuuseum.ee\/en\/uncategorized\/fotomuuseumis-georgs-avetisjansi-naitus-kodumaa-1909-111119\/\">Fotomuuseumis Georgs Avetisjans`i n\u00e4itus &#8220;Kodumaa&#8221; 19.09-11.11.19<\/a>  August, 2019<\/li><li><a href=\"https:\/\/linnamuuseum.ee\/en\/fotomuuseum-en\/fotomuuseumis-avatakse-18-oktoobril-naitus-stodom-tahekombinatsioon-mis-muutis-eesti-fotograafiat\/\">Museum of Photography: <br><b>\u201cSTODOM. The Group that Changed Estonian Photography\u201d<\/b><\/a>  July, 2019<\/li><li><a href=\"https:\/\/linnamuuseum.ee\/en\/fotomuuseum-en\/city-at-night-nocturnal-views-of-tallinn-from-the-city-museums-collection\/\">Museum of Photography:<br><b> Nocturnal views of Tallinn from the City Museum\u2019s art and photograph collection<\/b><\/a>  July, 2019<\/li><li><a href=\"https:\/\/linnamuuseum.ee\/en\/uncategorized\/anna-kudryavtsevas-exhibition-the-space-of-silence-open-until-may-2019\/\">Anna Kudryavtseva`s exhibition &#8220;The Space of Silence&#8221; open until 26 May<\/a>  April, 2019<\/li><li><a href=\"https:\/\/linnamuuseum.ee\/en\/fotomuuseum-en\/indrek-galetin-exhibition-undefined-perfection-8-february-4-april-2019\/\">Indrek Galetin exhibition Undefined Perfection 8 February-31 March 2019<\/a>  January, 2019<\/li><li><a href=\"https:\/\/linnamuuseum.ee\/en\/fotomuuseum-en\/berit-barbel-rebane-exhibition-tuhisuse-ilu-the-beauty-of-nullity-opening-17th-of-october-at-1700\/\">Berit-B\u00e4rbel Rebane &#8220;T\u00fchisuse ilu \/ The beauty of nullity&#8221;<\/a>  October, 2018<\/li><li><a href=\"https:\/\/linnamuuseum.ee\/en\/fotomuuseum-en\/the-latvian-museum-of-photography-exhibition-riga-photography-club-151118-40219\/\">The Latvian Museum of Photography exhibition &#8220;Photography Club R\u012bga&#8221; 15.11.18-4.02.19<\/a>  October, 2018<\/li><li><a href=\"https:\/\/linnamuuseum.ee\/en\/fotomuuseum-en\/exhibitionlandscapes-iv-by-peeter-sirge-1307-1908\/\">Exhibition&#8221;Landscapes IV&#8221; by Peeter Sirge 13.07-19.08<\/a>  July, 2018<\/li><li><a href=\"https:\/\/linnamuuseum.ee\/en\/fotomuuseum-en\/eliis-laul-photoinstallation-otherness-open-from-2806\/\">Eliis Laul photoinstallation &#8220;OTHERNESS&#8221;<\/a>  June, 2018<\/li><li><a href=\"https:\/\/linnamuuseum.ee\/en\/fotomuuseum-en\/hirohisa-koike-nommegraphy-2405-090718\/\">Hirohisa Koike &#8220;N\u00f5mmegraphy&#8221; 24.05-09.07.18<\/a>  May, 2018<\/li><li><a href=\"https:\/\/linnamuuseum.ee\/en\/fotomuuseum-en\/nathalie-daoust-korean-dreams-1502-15042018\/\">Nathalie Daoust &#8220;Korean Dreams&#8221; 15.02-15.04.2018<\/a>  February, 2018<\/li><li><a href=\"https:\/\/linnamuuseum.ee\/en\/fotomuuseum-en\/gustav-german-pressphoto-1957-1967-1201-110218\/\">Gustav German &#8220;Press photo 1957-1967&#8221; 12.01-11.02.18<\/a>  January, 2018<\/li><li><a href=\"https:\/\/linnamuuseum.ee\/en\/fotomuuseum-en\/laura-arum-laats-kudres-laats-exhibition-land-childhood-summers-13-dec-5-feb\/\">Laura Arum-L\u00e4\u00e4ts and Kudres L\u00e4\u00e4ts exhibition &#8220;In the Land of the Childhood Summers&#8221; 13.12-5.02.2018<\/a>  December, 2017<\/li><li><a href=\"https:\/\/linnamuuseum.ee\/en\/fotomuuseum-en\/11122017-avatakse-projektiruumis-tarmo-virvese-naitus-isiklikud-pildid\/\">Tarmo Virves &#8220;Personal pictures&#8221; 11.12-07.01.2018<\/a>  December, 2017<\/li><li><a href=\"https:\/\/linnamuuseum.ee\/en\/fotomuuseum-en\/meeli-kuttim-urban-dogs-tallinna-koerad-13oct-04dec-2017\/\">Meeli K\u00fcttim &#8220;Urban Dogs-Tallinna koerad&#8221; 13.Oct-04.Dec 2017<\/a>  October, 2017<\/li><li><a href=\"https:\/\/linnamuuseum.ee\/en\/?p=10598\">Ija Papstel exhibition &#8220;Young musicians&#8221; 20.07-27.08<\/a>  July, 2017<\/li><li><a href=\"https:\/\/linnamuuseum.ee\/en\/fotomuuseum-en\/aastanaitus-pealinna-aerodroomid-1916-1944-avatakse-13juulil\/\">Annual exhibition &#8220;Aerodromes of the Tallinn 1916-1944&#8221;<\/a>  June, 2017<\/li><li><a href=\"https:\/\/linnamuuseum.ee\/en\/fotomuuseum-en\/take-picture-806-2808\/\">&#8220;Take a picture of me!&#8221; 8.06-28.08<\/a>  June, 2017<\/li><li><a href=\"https:\/\/linnamuuseum.ee\/en\/?p=10599\">Kristian Saks &#8220;Tallinn Lives \u2013 A Glance at the Capital\u2019s Streets&#8221; 15.06-16.07<\/a>  June, 2017<\/li><li><a href=\"https:\/\/linnamuuseum.ee\/en\/fotomuuseum-en\/six-views-lens-405-2905\/\">&#8220;6 objective views&#8221; 4.05-29.05<\/a>  May, 2017<\/li><li><a href=\"https:\/\/linnamuuseum.ee\/en\/?p=6438\">Next master class on 20 May<\/a>  April, 2017<\/li><\/ul><\/strong><\/p>\n<p>&nbsp;<\/p>\n","protected":false},"excerpt":{"rendered":"<p>&nbsp;<\/p>\n","protected":false},"author":21,"featured_media":0,"parent":352,"menu_order":6,"comment_status":"closed","ping_status":"closed","template":"","meta":{"footnotes":""},"class_list":["post-74967","page","type-page","status-publish","hentry"],"_links":{"self":[{"href":"https:\/\/linnamuuseum.ee\/en\/wp-json\/wp\/v2\/pages\/74967"}],"collection":[{"href":"https:\/\/linnamuuseum.ee\/en\/wp-json\/wp\/v2\/pages"}],"about":[{"href":"https:\/\/linnamuuseum.ee\/en\/wp-json\/wp\/v2\/types\/page"}],"author":[{"embeddable":true,"href":"https:\/\/linnamuuseum.ee\/en\/wp-json\/wp\/v2\/users\/21"}],"replies":[{"embeddable":true,"href":"https:\/\/linnamuuseum.ee\/en\/wp-json\/wp\/v2\/comments?post=74967"}],"version-history":[{"count":5,"href":"https:\/\/linnamuuseum.ee\/en\/wp-json\/wp\/v2\/pages\/74967\/revisions"}],"predecessor-version":[{"id":76257,"href":"https:\/\/linnamuuseum.ee\/en\/wp-json\/wp\/v2\/pages\/74967\/revisions\/76257"}],"up":[{"embeddable":true,"href":"https:\/\/linnamuuseum.ee\/en\/wp-json\/wp\/v2\/pages\/352"}],"wp:attachment":[{"href":"https:\/\/linnamuuseum.ee\/en\/wp-json\/wp\/v2\/media?parent=74967"}],"curies":[{"name":"wp","href":"https:\/\/api.w.org\/{rel}","templated":true}]}}