{"id":74976,"date":"2016-11-03T16:15:30","date_gmt":"2016-11-03T14:15:30","guid":{"rendered":"https:\/\/linnamuuseum.ee\/museum-of-photography\/haridus-fm\/"},"modified":"2025-05-30T23:22:37","modified_gmt":"2025-05-30T20:22:37","slug":"haridus-fm","status":"publish","type":"page","link":"https:\/\/linnamuuseum.ee\/en\/museum-of-photography\/haridus-fm\/","title":{"rendered":"EDUCATION"},"content":{"rendered":"<p><span style=\"font-weight: 400;\">The Museum of Photography has various educational programmes for any person, a child or an adult, interested in photography.<\/span><\/p>\n<p><span style=\"font-weight: 400;\"><strong>Additional information:<\/strong> +372 58857113; <\/span><a href=\"mailto:alesja.savitskaja@linnamuuseum.ee\"><span style=\"font-weight: 400;\">alesja.savitskaja@linnamuuseum.ee<\/span><\/a><\/p>\n<p>&nbsp;<\/p>\n<p><strong>The workshops can be booked in Estonian, Russian and English. Museum lessons are also offered outside of the museum&#8217;s regular opening hours.<\/strong><\/p>\n<h2><\/h2>\n<h2><span style=\"font-weight: 400;\">WORKSHOPS<\/span><\/h2>\n<div class=\"postlist withthumb\"><span class=\"thumbmagic\"><a href=\"https:\/\/linnamuuseum.ee\/en\/fotomuuseum-en\/fotogrammi-ehk-varjupildi-tootuba\/\" title=\"Photogram Printing Workshop\"><img loading=\"lazy\" decoding=\"async\" width=\"400\" height=\"312\" src=\"https:\/\/linnamuuseum.ee\/wp-content\/uploads\/2022\/10\/IMG_20221027_145814_resized_20221027_030221992-400x312.jpg\" class=\"lcp_thumbnail wp-post-image\" alt=\"Photogram Printing Workshop\" srcset=\"https:\/\/linnamuuseum.ee\/wp-content\/uploads\/2022\/10\/IMG_20221027_145814_resized_20221027_030221992-400x312.jpg 400w, https:\/\/linnamuuseum.ee\/wp-content\/uploads\/2022\/10\/IMG_20221027_145814_resized_20221027_030221992-768x600.jpg 768w, https:\/\/linnamuuseum.ee\/wp-content\/uploads\/2022\/10\/IMG_20221027_145814_resized_20221027_030221992-870x679.jpg 870w, https:\/\/linnamuuseum.ee\/wp-content\/uploads\/2022\/10\/IMG_20221027_145814_resized_20221027_030221992.jpg 1281w\" sizes=\"(max-width: 400px) 100vw, 400px\" \/><\/a><\/span><div class=\"lcp-container\"><h4><a href=\"https:\/\/linnamuuseum.ee\/en\/fotomuuseum-en\/fotogrammi-ehk-varjupildi-tootuba\/\">Photogram Printing Workshop<\/a><\/h4>  <p class=\"lcp_excerpt\"><p>In this workshop, we will embark on an exciting journey of experimentation by creating our very own photograms. Throughout this immersive experience, participants will have the unique opportunity to become acquainted of working in darkrooms. Whether you&#8217;re a seasoned photographer ...<\/p><div class=\"morelink\"><\/div><\/div><\/div><div class=\"postlist withthumb\"><span class=\"thumbmagic\"><a href=\"https:\/\/linnamuuseum.ee\/en\/fotomuuseum-en\/fotokeemilise-kaetruki-tootuba\/\" title=\"Photochemical Hand Printing Workshop\"><img loading=\"lazy\" decoding=\"async\" width=\"400\" height=\"552\" src=\"https:\/\/linnamuuseum.ee\/wp-content\/uploads\/2022\/10\/IMG_20221027_150022_resized_20221027_030221172-400x552.jpg\" class=\"lcp_thumbnail wp-post-image\" alt=\"Photochemical Hand Printing Workshop\" srcset=\"https:\/\/linnamuuseum.ee\/wp-content\/uploads\/2022\/10\/IMG_20221027_150022_resized_20221027_030221172-400x552.jpg 400w, https:\/\/linnamuuseum.ee\/wp-content\/uploads\/2022\/10\/IMG_20221027_150022_resized_20221027_030221172.jpg 724w\" sizes=\"(max-width: 400px) 100vw, 400px\" \/><\/a><\/span><div class=\"lcp-container\"><h4><a href=\"https:\/\/linnamuuseum.ee\/en\/fotomuuseum-en\/fotokeemilise-kaetruki-tootuba\/\">Photochemical Hand Printing Workshop<\/a><\/h4>  <p class=\"lcp_excerpt\"><p>We will explore the fascinating world of darkroom techniques from a fresh perspective. During the workshop, participants will become familiar with photosensitive photographic paper and chemistry. Additionally, they will gain insights into the work of a photographer in a darkroom ...<\/p><div class=\"morelink\"><\/div><\/div><\/div><div class=\"postlist withthumb\"><span class=\"thumbmagic\"><a href=\"https:\/\/linnamuuseum.ee\/en\/fotomuuseum-en\/camera-obscura-tootuba\/\" title=\"Camera Obscura Workshop\"><img loading=\"lazy\" decoding=\"async\" width=\"400\" height=\"318\" src=\"https:\/\/linnamuuseum.ee\/wp-content\/uploads\/2022\/10\/Camera-obscura-meistriklass-400x318.jpg\" class=\"lcp_thumbnail wp-post-image\" alt=\"Camera Obscura Workshop\" srcset=\"https:\/\/linnamuuseum.ee\/wp-content\/uploads\/2022\/10\/Camera-obscura-meistriklass-400x318.jpg 400w, https:\/\/linnamuuseum.ee\/wp-content\/uploads\/2022\/10\/Camera-obscura-meistriklass-768x611.jpg 768w, https:\/\/linnamuuseum.ee\/wp-content\/uploads\/2022\/10\/Camera-obscura-meistriklass-870x692.jpg 870w, https:\/\/linnamuuseum.ee\/wp-content\/uploads\/2022\/10\/Camera-obscura-meistriklass.jpg 1200w\" sizes=\"(max-width: 400px) 100vw, 400px\" \/><\/a><\/span><div class=\"lcp-container\"><h4><a href=\"https:\/\/linnamuuseum.ee\/en\/fotomuuseum-en\/camera-obscura-tootuba\/\">Camera Obscura Workshop<\/a><\/h4>  <p class=\"lcp_excerpt\"><p>In this workshop, students will have the opportunity to delve into the history of photographic technology and experiment with constructing their very own camera obscura.<\/p>\n<\/p><div class=\"morelink\"><\/div><\/div><\/div><div class=\"postlist withthumb\"><span class=\"thumbmagic\"><a href=\"https:\/\/linnamuuseum.ee\/en\/fotomuuseum-en\/fotokeemilise-joonistuse-tootuba\/\" title=\"Chemogram Painting Workshop\"><img loading=\"lazy\" decoding=\"async\" width=\"400\" height=\"298\" src=\"https:\/\/linnamuuseum.ee\/wp-content\/uploads\/2022\/10\/KYT2388-400x298.jpg\" class=\"lcp_thumbnail wp-post-image\" alt=\"Chemogram Painting Workshop\" srcset=\"https:\/\/linnamuuseum.ee\/wp-content\/uploads\/2022\/10\/KYT2388-400x298.jpg 400w, https:\/\/linnamuuseum.ee\/wp-content\/uploads\/2022\/10\/KYT2388-768x571.jpg 768w, https:\/\/linnamuuseum.ee\/wp-content\/uploads\/2022\/10\/KYT2388-870x647.jpg 870w, https:\/\/linnamuuseum.ee\/wp-content\/uploads\/2022\/10\/KYT2388.jpg 1344w\" sizes=\"(max-width: 400px) 100vw, 400px\" \/><\/a><\/span><div class=\"lcp-container\"><h4><a href=\"https:\/\/linnamuuseum.ee\/en\/fotomuuseum-en\/fotokeemilise-joonistuse-tootuba\/\">Chemogram Painting Workshop<\/a><\/h4>  <p class=\"lcp_excerpt\"><p>In the Chemogram Painting Workshop, we will crete a silver image using a brush and gain a glimpse into the world of a chemist&#8217;s work.<\/p>\n<\/p><div class=\"morelink\"><\/div><\/div><\/div><div class=\"postlist withthumb\"><span class=\"thumbmagic\"><a href=\"https:\/\/linnamuuseum.ee\/en\/fotomuuseum-en\/pinhole-fotograafia-tootuba\/\" title=\"Pinhole Photography Workshop\"><img loading=\"lazy\" decoding=\"async\" width=\"400\" height=\"282\" src=\"https:\/\/linnamuuseum.ee\/wp-content\/uploads\/2022\/10\/IMG_20221027_151051_resized_20221027_031234343-400x282.jpg\" class=\"lcp_thumbnail wp-post-image\" alt=\"Pinhole Photography Workshop\" srcset=\"https:\/\/linnamuuseum.ee\/wp-content\/uploads\/2022\/10\/IMG_20221027_151051_resized_20221027_031234343-400x282.jpg 400w, https:\/\/linnamuuseum.ee\/wp-content\/uploads\/2022\/10\/IMG_20221027_151051_resized_20221027_031234343-768x541.jpg 768w, https:\/\/linnamuuseum.ee\/wp-content\/uploads\/2022\/10\/IMG_20221027_151051_resized_20221027_031234343-870x613.jpg 870w, https:\/\/linnamuuseum.ee\/wp-content\/uploads\/2022\/10\/IMG_20221027_151051_resized_20221027_031234343.jpg 1419w\" sizes=\"(max-width: 400px) 100vw, 400px\" \/><\/a><\/span><div class=\"lcp-container\"><h4><a href=\"https:\/\/linnamuuseum.ee\/en\/fotomuuseum-en\/pinhole-fotograafia-tootuba\/\">Pinhole Photography Workshop<\/a><\/h4>  <p class=\"lcp_excerpt\"><p>Photograph Tallinn&#8217;s Old Town through a pinhole and develop the negative in the museum\u2019s darkroom.\u00a0<\/p>\n<\/p><div class=\"morelink\"><\/div><\/div><\/div><div class=\"postlist withthumb\"><span class=\"thumbmagic\"><a href=\"https:\/\/linnamuuseum.ee\/en\/fotomuuseum-en\/tsuanotuupia-tootuba\/\" title=\"Cyanotype Workshop\"><img loading=\"lazy\" decoding=\"async\" width=\"215\" height=\"300\" src=\"https:\/\/linnamuuseum.ee\/wp-content\/uploads\/2016\/11\/ts\u00fcanot\u00fc\u00fcpia-215x300.jpg\" class=\"lcp_thumbnail wp-post-image\" alt=\"Cyanotype Workshop\" srcset=\"https:\/\/linnamuuseum.ee\/wp-content\/uploads\/2016\/11\/ts\u00fcanot\u00fc\u00fcpia-215x300.jpg 215w, https:\/\/linnamuuseum.ee\/wp-content\/uploads\/2016\/11\/ts\u00fcanot\u00fc\u00fcpia-768x1071.jpg 768w, https:\/\/linnamuuseum.ee\/wp-content\/uploads\/2016\/11\/ts\u00fcanot\u00fc\u00fcpia-734x1024.jpg 734w, https:\/\/linnamuuseum.ee\/wp-content\/uploads\/2016\/11\/ts\u00fcanot\u00fc\u00fcpia.jpg 1903w\" sizes=\"(max-width: 215px) 100vw, 215px\" \/><\/a><\/span><div class=\"lcp-container\"><h4><a href=\"https:\/\/linnamuuseum.ee\/en\/fotomuuseum-en\/tsuanotuupia-tootuba\/\">Cyanotype Workshop<\/a><\/h4>  <p class=\"lcp_excerpt\"><p>Cyanotype was invented by English scientist Sir John Herschel in 1842. Despite being one of the world&#8217;s oldest photographic processes, cyanotype can also be combined with modern technology, i.e. with a printed negative or a photogram combining different objects. The ...<\/p><div class=\"morelink\"><\/div><\/div><\/div>\n<p>&nbsp;<\/p>\n<div class=\"hidden\">\n<h2>MUSEUM LESSONS<\/h2>\n<div class=\"postlist withthumb\"><span class=\"thumbmagic\"><a href=\"https:\/\/linnamuuseum.ee\/en\/fotomuuseum-en\/loodusteadused-ja-kunst-fotograafias\/\" title=\"Natural sciences and art in photography\"><img loading=\"lazy\" decoding=\"async\" width=\"400\" height=\"418\" src=\"https:\/\/linnamuuseum.ee\/wp-content\/uploads\/2023\/02\/Fotograafiline-herbaarium-AlesjaStavitskaja-1-400x418.jpg\" class=\"lcp_thumbnail wp-post-image\" alt=\"Natural sciences and art in photography\" srcset=\"https:\/\/linnamuuseum.ee\/wp-content\/uploads\/2023\/02\/Fotograafiline-herbaarium-AlesjaStavitskaja-1-400x418.jpg 400w, https:\/\/linnamuuseum.ee\/wp-content\/uploads\/2023\/02\/Fotograafiline-herbaarium-AlesjaStavitskaja-1-768x803.jpg 768w, https:\/\/linnamuuseum.ee\/wp-content\/uploads\/2023\/02\/Fotograafiline-herbaarium-AlesjaStavitskaja-1.jpg 957w\" sizes=\"(max-width: 400px) 100vw, 400px\" \/><\/a><\/span><div class=\"lcp-container\"><h4><a href=\"https:\/\/linnamuuseum.ee\/en\/fotomuuseum-en\/loodusteadused-ja-kunst-fotograafias\/\">Natural sciences and art in photography<\/a><\/h4>  <p class=\"lcp_excerpt\"><p>Here we try the oldest photo technique -cyanotype. Cyanotype photography is a camera-less technique that involves laying an object on paper coated with a solution of iron salts before exposing it to UV light and washing with water to create ...<\/p><div class=\"morelink\"><\/div><\/div><\/div><div class=\"postlist withthumb\"><span class=\"thumbmagic\"><a href=\"https:\/\/linnamuuseum.ee\/en\/fotomuuseum-en\/bkuidas-pildistada-loodust-pilguheit-ajakirja-eesti-loodus-fototoimetusseb\/\" title=\"&lt;b&gt;How to photograph nature?&lt;\/b&gt;\"><img loading=\"lazy\" decoding=\"async\" width=\"400\" height=\"331\" src=\"https:\/\/linnamuuseum.ee\/wp-content\/uploads\/2023\/02\/eesti_looduse_fototeek_mkyttim-22-400x331.jpg\" class=\"lcp_thumbnail wp-post-image\" alt=\"&lt;b&gt;How to photograph nature?&lt;\/b&gt;\" srcset=\"https:\/\/linnamuuseum.ee\/wp-content\/uploads\/2023\/02\/eesti_looduse_fototeek_mkyttim-22-400x331.jpg 400w, https:\/\/linnamuuseum.ee\/wp-content\/uploads\/2023\/02\/eesti_looduse_fototeek_mkyttim-22-768x636.jpg 768w, https:\/\/linnamuuseum.ee\/wp-content\/uploads\/2023\/02\/eesti_looduse_fototeek_mkyttim-22.jpg 1207w\" sizes=\"(max-width: 400px) 100vw, 400px\" \/><\/a><\/span><div class=\"lcp-container\"><h4><a href=\"https:\/\/linnamuuseum.ee\/en\/fotomuuseum-en\/bkuidas-pildistada-loodust-pilguheit-ajakirja-eesti-loodus-fototoimetusseb\/\"><b>How to photograph nature?<\/b><\/a><\/h4>  <p class=\"lcp_excerpt\"><p>Let\u00b4s explore the exhibition of Estonian nature photos and get to know tips and tricks for a successful nature photography.<\/p>\n<\/p><div class=\"morelink\"><\/div><\/div><\/div>\n<\/div>\n","protected":false},"excerpt":{"rendered":"<p>The Museum of Photography has various educational programmes for any person, a child or an adult, interested in photography. Additional information: +372 58857113; alesja.savitskaja@linnamuuseum.ee &nbsp; The workshops can be booked in Estonian, Russian and English. Museum lessons are also offered outside of the museum&#8217;s regular opening hours. WORKSHOPS &nbsp; MUSEUM LESSONS<\/p>\n","protected":false},"author":21,"featured_media":0,"parent":352,"menu_order":15,"comment_status":"closed","ping_status":"closed","template":"","meta":{"footnotes":""},"class_list":["post-74976","page","type-page","status-publish","hentry"],"_links":{"self":[{"href":"https:\/\/linnamuuseum.ee\/en\/wp-json\/wp\/v2\/pages\/74976"}],"collection":[{"href":"https:\/\/linnamuuseum.ee\/en\/wp-json\/wp\/v2\/pages"}],"about":[{"href":"https:\/\/linnamuuseum.ee\/en\/wp-json\/wp\/v2\/types\/page"}],"author":[{"embeddable":true,"href":"https:\/\/linnamuuseum.ee\/en\/wp-json\/wp\/v2\/users\/21"}],"replies":[{"embeddable":true,"href":"https:\/\/linnamuuseum.ee\/en\/wp-json\/wp\/v2\/comments?post=74976"}],"version-history":[{"count":5,"href":"https:\/\/linnamuuseum.ee\/en\/wp-json\/wp\/v2\/pages\/74976\/revisions"}],"predecessor-version":[{"id":97193,"href":"https:\/\/linnamuuseum.ee\/en\/wp-json\/wp\/v2\/pages\/74976\/revisions\/97193"}],"up":[{"embeddable":true,"href":"https:\/\/linnamuuseum.ee\/en\/wp-json\/wp\/v2\/pages\/352"}],"wp:attachment":[{"href":"https:\/\/linnamuuseum.ee\/en\/wp-json\/wp\/v2\/media?parent=74976"}],"curies":[{"name":"wp","href":"https:\/\/api.w.org\/{rel}","templated":true}]}}