{"id":74985,"date":"2020-03-10T12:26:58","date_gmt":"2020-03-10T10:26:58","guid":{"rendered":"https:\/\/linnamuuseum.ee\/museum-of-photography\/teema-aasta-2020\/"},"modified":"2023-04-03T22:52:51","modified_gmt":"2023-04-03T19:52:51","slug":"teema-aasta-2020","status":"publish","type":"page","link":"https:\/\/linnamuuseum.ee\/en\/museum-of-photography\/teema-aasta-2020\/","title":{"rendered":"Portrait Photography 2020"},"content":{"rendered":"<p><strong>Fotomuuseumi portreefoto teema-aasta n\u00e4itab, tutvustab ja uurib portreefotot nii Eesti ajaloolise fotop\u00e4randi kui ka kaasaegse fotoportretistika ja kodu- ning v\u00e4lismaiste fotokunstnike loomingu kaudu. <\/strong><\/p>\n<p>Portreefoto teema-aasta Fotomuuseumis ei piirdu n\u00e4itustega. Kaasneb mahukas haridusprogramm loengusarjade, meistriklasside ja t\u00f6\u00f6tubadega, toimuvad artist talk\u2019id kunstnikega, kuraatorituurid ning eraldi kohtumis\u00f5htute sari koost\u00f6\u00f6s fotokunsti ajakirjaga Positiiv, mille veergudel on esinenud paljud portreefotograafid.<\/p>\n\n<p>&nbsp;<\/p>\n<p>&nbsp;<\/p>\n<p>&nbsp;<\/p>\n<p>&nbsp;<\/p>\n<p>&nbsp;<\/p>\n<p>&nbsp;<\/p>\n<p>&nbsp;<\/p>\n<p>&nbsp;<\/p>\n<p>&nbsp;<\/p>\n<p>&nbsp;<\/p>\n<p>&nbsp;<\/p>\n<p>&nbsp;<\/p>\n<p>&nbsp;<\/p>\n<p>&nbsp;<\/p>\n<p>&nbsp;<\/p>\n<p>&nbsp;<\/p>\n<p>&nbsp;<\/p>\n<p>&nbsp;<\/p>\n<p>&nbsp;<\/p>\n","protected":false},"excerpt":{"rendered":"<p>Fotomuuseumi portreefoto teema-aasta n\u00e4itab, tutvustab ja uurib portreefotot nii Eesti ajaloolise fotop\u00e4randi kui ka kaasaegse fotoportretistika ja kodu- ning v\u00e4lismaiste fotokunstnike loomingu kaudu. Portreefoto teema-aasta Fotomuuseumis ei piirdu n\u00e4itustega. Kaasneb mahukas haridusprogramm loengusarjade, meistriklasside ja t\u00f6\u00f6tubadega, toimuvad artist talk\u2019id kunstnikega, kuraatorituurid ning eraldi kohtumis\u00f5htute sari koost\u00f6\u00f6s fotokunsti ajakirjaga Positiiv, mille veergudel on esinenud paljud portreefotograafid. [&hellip;]<\/p>\n","protected":false},"author":30,"featured_media":0,"parent":352,"menu_order":14,"comment_status":"closed","ping_status":"closed","template":"","meta":{"footnotes":""},"class_list":["post-74985","page","type-page","status-publish","hentry"],"_links":{"self":[{"href":"https:\/\/linnamuuseum.ee\/en\/wp-json\/wp\/v2\/pages\/74985"}],"collection":[{"href":"https:\/\/linnamuuseum.ee\/en\/wp-json\/wp\/v2\/pages"}],"about":[{"href":"https:\/\/linnamuuseum.ee\/en\/wp-json\/wp\/v2\/types\/page"}],"author":[{"embeddable":true,"href":"https:\/\/linnamuuseum.ee\/en\/wp-json\/wp\/v2\/users\/30"}],"replies":[{"embeddable":true,"href":"https:\/\/linnamuuseum.ee\/en\/wp-json\/wp\/v2\/comments?post=74985"}],"version-history":[{"count":2,"href":"https:\/\/linnamuuseum.ee\/en\/wp-json\/wp\/v2\/pages\/74985\/revisions"}],"predecessor-version":[{"id":74992,"href":"https:\/\/linnamuuseum.ee\/en\/wp-json\/wp\/v2\/pages\/74985\/revisions\/74992"}],"up":[{"embeddable":true,"href":"https:\/\/linnamuuseum.ee\/en\/wp-json\/wp\/v2\/pages\/352"}],"wp:attachment":[{"href":"https:\/\/linnamuuseum.ee\/en\/wp-json\/wp\/v2\/media?parent=74985"}],"curies":[{"name":"wp","href":"https:\/\/api.w.org\/{rel}","templated":true}]}}