{"id":74988,"date":"2019-02-28T13:56:40","date_gmt":"2019-02-28T11:56:40","guid":{"rendered":"https:\/\/linnamuuseum.ee\/museum-of-photography\/teema-aasta-2020\/teema-aasta-2019\/"},"modified":"2023-04-03T22:53:14","modified_gmt":"2023-04-03T19:53:14","slug":"teema-aasta-2019","status":"publish","type":"page","link":"https:\/\/linnamuuseum.ee\/en\/museum-of-photography\/teema-aasta-2020\/teema-aasta-2019\/","title":{"rendered":"Architecture Photography 2019"},"content":{"rendered":"<p><strong>Fotomuuseumi Arhitektuuriaasta n\u00e4itab, tutvustab ja uurib arhitektuurifotot ja kutsub koost\u00f6\u00f6le k\u00f5iki arhitektuurihuvilisi. T\u00e4helepanu all on fotod ehitusest, ehitistest ja t\u00e4navatest ning postkaardid Tallinna vaadetega.\u00a0<\/strong><\/p>\n<p>Teema-aastal on oodata mitut huvitavat teemaga seotud n\u00e4itust ja loengusari, kus praktikud jagavad oma teadmisi ja kogemusi.\u00a0Loengud toimuvad Fotomuuseumis neljap\u00e4eva\u00f5htuti.\u00a0Loengutel osalemine muuseumipiletiga.<\/p>\n\n<p>&nbsp;<\/p>\n<p>&nbsp;<\/p>\n<p>&nbsp;<\/p>\n<p>&nbsp;<\/p>\n<p>&nbsp;<\/p>\n<p>&nbsp;<\/p>\n<p>&nbsp;<\/p>\n<p>&nbsp;<\/p>\n<p>&nbsp;<\/p>\n<p>&nbsp;<\/p>\n<p>&nbsp;<\/p>\n<p>&nbsp;<\/p>\n<p>&nbsp;<\/p>\n<p>&nbsp;<\/p>\n<p>&nbsp;<\/p>\n<p>&nbsp;<\/p>\n<p>&nbsp;<\/p>\n<p>&nbsp;<\/p>\n<p>&nbsp;<\/p>\n<p>&nbsp;<\/p>\n<p>&nbsp;<\/p>\n<p>&nbsp;<\/p>\n<p>&nbsp;<\/p>\n<p>&nbsp;<\/p>\n<p>&nbsp;<\/p>\n<p>&nbsp;<\/p>\n<p>&nbsp;<\/p>\n<p>&nbsp;<\/p>\n<p>&nbsp;<\/p>\n<p>&nbsp;<\/p>\n<p>&nbsp;<\/p>\n<p>&nbsp;<\/p>\n<p>&nbsp;<\/p>\n<p>&nbsp;<\/p>\n<p>&nbsp;<\/p>\n<p>&nbsp;<\/p>\n<p>&nbsp;<\/p>\n<p>&nbsp;<\/p>\n<p>&nbsp;<\/p>\n<p>&nbsp;<\/p>\n","protected":false},"excerpt":{"rendered":"<p>Fotomuuseumi Arhitektuuriaasta n\u00e4itab, tutvustab ja uurib arhitektuurifotot ja kutsub koost\u00f6\u00f6le k\u00f5iki arhitektuurihuvilisi. T\u00e4helepanu all on fotod ehitusest, ehitistest ja t\u00e4navatest ning postkaardid Tallinna vaadetega.\u00a0 Teema-aastal on oodata mitut huvitavat teemaga seotud n\u00e4itust ja loengusari, kus praktikud jagavad oma teadmisi ja kogemusi.\u00a0Loengud toimuvad Fotomuuseumis neljap\u00e4eva\u00f5htuti.\u00a0Loengutel osalemine muuseumipiletiga. &nbsp; &nbsp; &nbsp; &nbsp; &nbsp; &nbsp; &nbsp; &nbsp; &nbsp; [&hellip;]<\/p>\n","protected":false},"author":21,"featured_media":0,"parent":74985,"menu_order":0,"comment_status":"closed","ping_status":"closed","template":"","meta":{"footnotes":""},"class_list":["post-74988","page","type-page","status-publish","hentry"],"_links":{"self":[{"href":"https:\/\/linnamuuseum.ee\/en\/wp-json\/wp\/v2\/pages\/74988"}],"collection":[{"href":"https:\/\/linnamuuseum.ee\/en\/wp-json\/wp\/v2\/pages"}],"about":[{"href":"https:\/\/linnamuuseum.ee\/en\/wp-json\/wp\/v2\/types\/page"}],"author":[{"embeddable":true,"href":"https:\/\/linnamuuseum.ee\/en\/wp-json\/wp\/v2\/users\/21"}],"replies":[{"embeddable":true,"href":"https:\/\/linnamuuseum.ee\/en\/wp-json\/wp\/v2\/comments?post=74988"}],"version-history":[{"count":2,"href":"https:\/\/linnamuuseum.ee\/en\/wp-json\/wp\/v2\/pages\/74988\/revisions"}],"predecessor-version":[{"id":74993,"href":"https:\/\/linnamuuseum.ee\/en\/wp-json\/wp\/v2\/pages\/74988\/revisions\/74993"}],"up":[{"embeddable":true,"href":"https:\/\/linnamuuseum.ee\/en\/wp-json\/wp\/v2\/pages\/74985"}],"wp:attachment":[{"href":"https:\/\/linnamuuseum.ee\/en\/wp-json\/wp\/v2\/media?parent=74988"}],"curies":[{"name":"wp","href":"https:\/\/api.w.org\/{rel}","templated":true}]}}