{"id":89758,"date":"2024-08-01T14:02:26","date_gmt":"2024-08-01T11:02:26","guid":{"rendered":"https:\/\/linnamuuseum.ee\/museum-of-photography\/fotomuuseumi-missioon-ja-visioon\/"},"modified":"2024-09-05T16:58:55","modified_gmt":"2024-09-05T13:58:55","slug":"fotomuuseumi-missioon-ja-visioon","status":"publish","type":"page","link":"https:\/\/linnamuuseum.ee\/en\/museum-of-photography\/fotomuuseumi-missioon-ja-visioon\/","title":{"rendered":"OUR MISSION AND VISION"},"content":{"rendered":"<h3>THE MISSION OF THE MUSEUM OF PHOTOGRAPHY<\/h3>\n<p><span style=\"font-weight: 400;\">&#8211; To be a welcoming and engaging thematic museum of the history of Estonian photographic culture, a valuable branch of the Tallinn City Museum and an efficient steward of the museum&#8217;s photographic collection;<\/span><\/p>\n<p><span style=\"font-weight: 400;\">&#8211; To be a focal point for the history of Estonian photography, where Estonian photographic culture is preserved and interpreted as it changes;<\/span><\/p>\n<p><span style=\"font-weight: 400;\">&#8211; To be a branch of the Tallinn City Museum that collects and communicates the history of Tallinn&#8217;s development through photographs;<\/span><\/p>\n<p><span style=\"font-weight: 400;\">&#8211; To promote the appreciative use of Estonia&#8217;s photographic heritage;<\/span><\/p>\n<p><span style=\"font-weight: 400;\">&#8211; To introduce different areas of photography through thematic years and thereby map and collect information on the subject;<\/span><\/p>\n<p><span style=\"font-weight: 400;\">&#8211; Present the museum building as an exciting whole, where photography and unique medieval architecture come together.<\/span><\/p>\n<p>&nbsp;<\/p>\n<p><strong>COOPERATION<\/strong><\/p>\n<p><span style=\"font-weight: 400;\">&#8211; The staff of the Museum of Photography are friendly and helpful professionals who contribute to their own professional development and are experts in their field;<\/span><\/p>\n<p><span style=\"font-weight: 400;\">&#8211; The museum is a valuable partner for educational institutions in carrying out internships, educational projects and special lessons;<\/span><\/p>\n<p><span style=\"font-weight: 400;\">&#8211; The museum involves volunteers and trainees in the museum&#8217;s activities in the fields of collection management and research, education, exhibitions and events;<\/span><\/p>\n<p><span style=\"font-weight: 400;\">&#8211; The museum is a useful value-added partner for other organisations and events contributing to the development of the sector;<\/span><\/p>\n<p><span style=\"font-weight: 400;\">&#8211; The museum is a participant in the photographic communities operating in Estonia.<\/span><\/p>\n<p>&nbsp;<\/p>\n<p><strong>COLLECTIONS<\/strong><\/p>\n<p><span style=\"font-weight: 400;\">&#8211; The museum collects, researches, preserves and disseminates Estonian photographic heritage and historical and contemporary manifestations of Estonian photographic culture;<\/span><\/p>\n<p><span style=\"font-weight: 400;\">&#8211; The museum maps the internal and external connections of Estonian photographic culture &#8211; including compiling literature on the history of Estonian photography, maintaining a biographical database of Estonian photographers and a dictionary of historical and contemporary photographic processes in Estonian;<\/span><\/p>\n<p><span style=\"font-weight: 400;\">&#8211; The museum popularises the content of its collections through regular social media posts, increasing the usability of the collections through virtual channels other than MuIS.<\/span><\/p>\n<p>&nbsp;<\/p>\n<p><strong>EDUCATION<\/strong><\/p>\n<p><span style=\"font-weight: 400;\">&#8211; The museum offers experiential and practical workshops and educational programmes;<\/span><\/p>\n<p><span style=\"font-weight: 400;\">&#8211; The museum&#8217;s thematic year and educational activities dovetail and related courses, training and lectures are organised;<\/span><\/p>\n<p><span style=\"font-weight: 400;\">&#8211; The museum has an education room with the necessary equipment, a photo lab with equipment and the most extensive collection of photo books in Estonia;<\/span><\/p>\n<p><span style=\"font-weight: 400;\">&#8211; The museum provides opportunities for acquiring specialist skills and knowledge.<\/span><\/p>\n<p>&nbsp;<\/p>\n<p><strong>EXHIBITIONS<\/strong><\/p>\n<p><span style=\"font-weight: 400;\">&#8211; The museum&#8217;s thematic year exhibitions, projects and events involve professionals, photographers, artists and researchers;<\/span><\/p>\n<p><span style=\"font-weight: 400;\">&#8211; The museum produces high-quality exhibitions and accompanying public programmes, articles and brochures that introduce and bind together Estonian and world photographic culture and history;<\/span><\/p>\n<p><span style=\"font-weight: 400;\">&#8211; Research exhibitions based on the museum and other Estonian photographic collections are organised as part of the museum\u2019s thematic year;<\/span><\/p>\n<p><span style=\"font-weight: 400;\">&#8211; In the context of the museum thematic year, contemporary photography exhibitions will be held in the Town Hall Prison for half a year &#8211; January-June and June-January. Also in the courtyard of the museum and Gallery Seek during the summer.<\/span><\/p>\n<p>&nbsp;<\/p>\n<p><strong>ROOMS<\/strong><\/p>\n<p><span style=\"font-weight: 400;\">&#8211; The museum is located in Tallinn&#8217;s Town Hall Prison, Raekoja 4\/6, and also includes Gallery Seek, V\u00e4ike-P\u00e4\u00e4sukese 5;<\/span><\/p>\n<p><span style=\"font-weight: 400;\">&#8211; The museum is home to Estonia&#8217;s oldest photo gallery Fotokelder Lee, which hosts the museum&#8217;s semi-annual exhibitions, along with a project room and gallery spaces on the second floor;<\/span><\/p>\n<p><span style=\"font-weight: 400;\">&#8211; The museum houses a professional analogue photography laboratory;<\/span><\/p>\n<p><span style=\"font-weight: 400;\">&#8211; The permanent exhibition rooms of the museum on the 1st and 2nd floors present photographic artefacts and the history of photography;<\/span><\/p>\n<p><span style=\"font-weight: 400;\">&#8211; The museum has a courtyard suitable for exhibitions during the summer season;<\/span><\/p>\n<p><span style=\"font-weight: 400;\">&#8211; The museum houses the Secret Staircase Gallery, a miniature photo gallery set in a medieval masonry wall;<\/span><\/p>\n<p><span style=\"font-weight: 400;\">&#8211; The museum\u2019s Gallery Seek is designed for larger exhibitions during the summer season.<\/span><\/p>\n<p>&nbsp;<\/p>\n<h3>VISION FOR THE MUSEUM OF PHOTOGRAPHY 2023-2028<\/h3>\n<p><span style=\"font-weight: 400;\">&#8211; To be a constantly evolving and up-to-date center of photographic culture;<\/span><\/p>\n<p><span style=\"font-weight: 400;\">&#8211; To implement a sustainable approach to collections, education, and exhibitions;\u00a0<\/span><\/p>\n<p><span style=\"font-weight: 400;\">&#8211; The museum will periodically organise feedback campaigns to see the museum through the eyes of the visitor.<\/span><\/p>\n<p>&nbsp;<\/p>\n<p><strong>COOPERATION<\/strong><\/p>\n<p><span style=\"font-weight: 400;\">&#8211; The museum is a member and partner of major photographic and art associations;<\/span><\/p>\n<p><span style=\"font-weight: 400;\">&#8211; The museum cooperates with Estonia&#8217;s near neighbours in education and exhibitions and carries out joint projects;<\/span><\/p>\n<p><span style=\"font-weight: 400;\">&#8211; The museum organises annual residency projects through open competitions.<\/span><\/p>\n<p>&nbsp;<\/p>\n<p><strong>COLLECTIONS<\/strong><\/p>\n<p><span style=\"font-weight: 400;\">&#8211; All collections managed by the museum are properly packaged and storage conditions are guaranteed;<\/span><\/p>\n<p><span style=\"font-weight: 400;\">&#8211; Digital images of the most used, valuable and oldest part of the collections are available in the MuIS digital repository;<\/span><\/p>\n<p><span style=\"font-weight: 400;\">&#8211; The museum produces mementos to commemorate the content of the collections;<\/span><\/p>\n<p><span style=\"font-weight: 400;\">&#8211; Publications reflecting the content of the museum&#8217;s collections are published in collaboration with publishers;<\/span><\/p>\n<p><span style=\"font-weight: 400;\">&#8211; The museum conducts collection campaigns to collect photographs of life in Tallinn&#8217;s different neighbourhoods and settlements, to document the arrival of digital photography in Estonia, and to fill other gaps in its collections in an inclusive way. Whenever possible, it will carry out collection campaigns based on the year&#8217;s thematic programmes;<\/span><\/p>\n<p><span style=\"font-weight: 400;\">&#8211; The museum conducts collection campaigns in cooperation with other departments of Tallinn City Museum.<\/span><\/p>\n<p>&nbsp;<\/p>\n<p><strong>EDUCATION<\/strong><\/p>\n<p><span style=\"font-weight: 400;\">&#8211; The museum\u2019s public programmes reflect social debates and current issues;<\/span><\/p>\n<p><span style=\"font-weight: 400;\">&#8211; The museum offers a wide range of educational activities for different ages, targets and interest groups, which are up-to-date, safe and accessible;<\/span><\/p>\n<p><span style=\"font-weight: 400;\">&#8211; The museum\u2019s educational programmes are in line with the national curriculum and promote the development of generic and future competencies;<\/span><\/p>\n<p><span style=\"font-weight: 400;\">&#8211; The museum\u2019s educational programmes contribute to raising awareness of environmental and social issues and are geared towards the sustainable and sustainable development of society;<\/span><\/p>\n<p><span style=\"font-weight: 400;\">&#8211; The museum, as a provider of non-formal education, has active, flexible and open cooperation with primary, general, higher and vocational education institutions, preschool institutions;<\/span><\/p>\n<p><span style=\"font-weight: 400;\">&#8211; The museum involves teachers\/specialists more extensively in its work;<\/span><\/p>\n<p><span style=\"font-weight: 400;\">&#8211; The museum creates opportunities for diversified recreational education and lifelong learning for adults;<\/span><\/p>\n<p><span style=\"font-weight: 400;\">&#8211; The museum takes a learner-centered approach to learning;<\/span><\/p>\n<p><span style=\"font-weight: 400;\">&#8211; The museum creates the conditions for an equitable learning environment;<\/span><\/p>\n<p><span style=\"font-weight: 400;\">&#8211; The museum attaches importance to the development of language skills through the use of language immersion and integrated learning of subjects and languages programmes;<\/span><\/p>\n<p><span style=\"font-weight: 400;\">&#8211; The museum cooperates with foreign educators to keep abreast of the latest trends.<\/span><\/p>\n<p>&nbsp;<\/p>\n<p><strong>EXHIBITIONS<\/strong><\/p>\n<p><span style=\"font-weight: 400;\">&#8211; The museum\u2019s new permanent exhibition (2023) will present a chronological overview of the history of Estonian photography, based on information from recent studies of Estonian photographic history and the FM&#8217;s collections;<\/span><\/p>\n<p><span style=\"font-weight: 400;\">&#8211; The museum will develop a new permanent exhibition zone and exhibition programme for the new Museum of Photography, opening in 2029.<\/span><\/p>\n<p>&nbsp;<\/p>\n<p><span style=\"font-weight: 400;\">\u00a0<\/span><\/p>\n<p><strong>ROOMS<\/strong><\/p>\n<p><span style=\"font-weight: 400;\">&#8211; A virtual tour of the museum building will be created;<\/span><\/p>\n<p><span style=\"font-weight: 400;\">&#8211; The museum will improve accessibility for children, the elderly and people with special needs;<\/span><\/p>\n<p><span style=\"font-weight: 400;\">&#8211; An attractive museum shop in the museum\u2019s lobby;<\/span><\/p>\n<p><span style=\"font-weight: 400;\">&#8211; A permanent exhibition space in the museum will tell the story of Estonian photography through the role of the photographer. The room also serves as a lecture hall and is applicable as an extension of the educational space;<\/span><\/p>\n<p><span style=\"font-weight: 400;\">&#8211; The museum houses a creative room where workshops, museum lessons and birthday parties are organised;<\/span><\/p>\n<p><span style=\"font-weight: 400;\">&#8211; The museum houses a visitor lounge with a photo book display;<\/span><\/p>\n<p><span style=\"font-weight: 400;\">&#8211; The attic of the museum will be insulated to improve the climate of the storage and working space on the third floor;\u00a0<\/span><\/p>\n<p><span style=\"font-weight: 400;\">&#8211; The museum will move to a new location by early 2029.<\/span><\/p>\n<p>&nbsp;<\/p>\n","protected":false},"excerpt":{"rendered":"<p>THE MISSION OF THE MUSEUM OF PHOTOGRAPHY &#8211; To be a welcoming and engaging thematic museum of the history of Estonian photographic culture, a valuable branch of the Tallinn City Museum and an efficient steward of the museum&#8217;s photographic collection; &#8211; To be a focal point for the history of Estonian photography, where Estonian photographic [&hellip;]<\/p>\n","protected":false},"author":21,"featured_media":0,"parent":352,"menu_order":13,"comment_status":"closed","ping_status":"closed","template":"","meta":{"footnotes":""},"class_list":["post-89758","page","type-page","status-publish","hentry"],"_links":{"self":[{"href":"https:\/\/linnamuuseum.ee\/en\/wp-json\/wp\/v2\/pages\/89758"}],"collection":[{"href":"https:\/\/linnamuuseum.ee\/en\/wp-json\/wp\/v2\/pages"}],"about":[{"href":"https:\/\/linnamuuseum.ee\/en\/wp-json\/wp\/v2\/types\/page"}],"author":[{"embeddable":true,"href":"https:\/\/linnamuuseum.ee\/en\/wp-json\/wp\/v2\/users\/21"}],"replies":[{"embeddable":true,"href":"https:\/\/linnamuuseum.ee\/en\/wp-json\/wp\/v2\/comments?post=89758"}],"version-history":[{"count":1,"href":"https:\/\/linnamuuseum.ee\/en\/wp-json\/wp\/v2\/pages\/89758\/revisions"}],"predecessor-version":[{"id":89759,"href":"https:\/\/linnamuuseum.ee\/en\/wp-json\/wp\/v2\/pages\/89758\/revisions\/89759"}],"up":[{"embeddable":true,"href":"https:\/\/linnamuuseum.ee\/en\/wp-json\/wp\/v2\/pages\/352"}],"wp:attachment":[{"href":"https:\/\/linnamuuseum.ee\/en\/wp-json\/wp\/v2\/media?parent=89758"}],"curies":[{"name":"wp","href":"https:\/\/api.w.org\/{rel}","templated":true}]}}