{"id":12810,"date":"2017-11-27T09:59:08","date_gmt":"2017-11-27T07:59:08","guid":{"rendered":"http:\/\/linnamuuseum.ee\/?page_id=12810\/"},"modified":"2017-11-27T09:59:08","modified_gmt":"2017-11-27T07:59:08","slug":"lektorij-2014","status":"publish","type":"page","link":"https:\/\/linnamuuseum.ee\/ru\/peetrimaja-rus\/lektorij\/lektorij-2014\/","title":{"rendered":"\u041b\u0435\u043a\u0442\u043e\u0440\u0438\u0439 (2014)"},"content":{"rendered":"<p><strong>\u041c\u0435\u0440\u043e\u043f\u0440\u0438\u044f\u0442\u0438\u044f \u044e\u0431\u0438\u043b\u0435\u0439\u043d\u043e\u0433\u043e \u0433\u043e\u0434\u0430: 300-\u043b\u0435\u0442\u043d\u044f\u044f \u0438\u0441\u0442\u043e\u0440\u0438\u044f \u0434\u043e\u043c\u0430 \u041f\u0435\u0442\u0440\u0430 I<\/strong><\/p>\n<p><strong>\u0426\u0438\u043a\u043b \u043b\u0435\u043a\u0446\u0438\u0439 \u043f\u043e\u0441\u0432\u044f\u0449\u0435\u043d 300-\u043b\u0435\u0442\u043d\u0435\u043c\u0443 \u044e\u0431\u0438\u043b\u0435\u044e \u043f\u0435\u0442\u0440\u043e\u0432\u0441\u043a\u043e\u0439 \u0438\u0441\u0442\u043e\u0440\u0438\u0438 \u0434\u043e\u043c\u0430, \u0430 \u0442\u0430\u043a\u0436\u0435 \u0437\u043d\u0430\u043c\u0435\u043d\u0430\u0442\u0435\u043b\u044c\u043d\u044b\u043c \u0441\u043e\u0431\u044b\u0442\u0438\u044f\u043c\u00a0 \u044d\u043f\u043e\u0445\u0438 \u041f\u0435\u0442\u0440\u0430 \u0412\u0435\u043b\u0438\u043a\u043e\u0433\u043e. \u041c\u0443\u0437\u0435\u0439\u043d\u044b\u0435 \u043b\u0435\u043a\u0446\u0438\u0438 \u0440\u0430\u0441\u0441\u0447\u0438\u0442\u0430\u043d\u044b \u043d\u0430 \u0441\u0430\u043c\u0443\u044e \u0448\u0438\u0440\u043e\u043a\u0443\u044e \u0441\u043b\u0443\u0448\u0430\u0442\u0435\u043b\u044c\u0441\u043a\u0443\u044e \u0430\u0443\u0434\u0438\u0442\u043e\u0440\u0438\u044e, \u043f\u0440\u043e\u0445\u043e\u0434\u044f\u0442 \u0432 \u043b\u0435\u043a\u0446\u0438\u043e\u043d\u043d\u043e\u043c \u0437\u0430\u043b\u0435 \u043c\u0443\u0437\u0435\u044f.<\/strong><\/p>\n<hr \/>\n<p><strong>\u041f\u0440\u043e\u0448\u0435\u0434\u0448\u0438\u0435 \u043b\u0435\u043a\u0446\u0438\u0438<\/strong> <\/p>\n<div style=\"color: gray;\">\n<p><strong>11.01.2014<\/strong><br \/> \u201e\u041d\u043e\u0432\u044b\u0439 \u0433\u043e\u0434, \u043d\u043e\u0432\u044b\u0435 \u0442\u0440\u0430\u0434\u0438\u0446\u0438\u0438: \u0440\u0435\u0444\u043e\u0440\u043c\u0430 \u043a\u0430\u043b\u0435\u043d\u0434\u0430\u0440\u044f \u0438 \u043f\u0440\u0430\u0437\u0434\u043d\u043e\u0432\u0430\u043d\u0438\u0435 \u041d\u043e\u0432\u043e\u0433\u043e \u0433\u043e\u0434\u0430 \u0432 \u041f\u0435\u0442\u0440\u043e\u0432\u0441\u043a\u0443\u044e \u044d\u043f\u043e\u0445\u0443\u201c.<br \/> \u041b\u0435\u043a\u0442\u043e\u0440 &#8212; \u041c\u0430\u0440\u0438\u044f \u0421\u043c\u043e\u0440\u0436\u0435\u0432\u0441\u043a\u0438\u0445-\u0421\u043c\u0438\u0440\u043d\u043e\u0432\u0430. <\/p>\n<p><strong>8.02.2014 <\/strong><br \/> \u041f\u043e\u0434 \u0437\u043d\u0430\u043a\u0430\u043c\u0438 \u041e\u0440\u043b\u0430 \u0438 \u041b\u044c\u0432\u0430: \u0420\u043e\u0441\u0441\u0438\u0439\u0441\u043a\u043e\u0435 \u0446\u0430\u0440\u0441\u0442\u0432\u043e \u0438 \u043a\u043e\u0440\u043e\u043b\u0435\u0432\u0441\u0442\u0432\u043e \u0428\u0432\u0435\u0434\u0441\u043a\u043e\u0435 \u043d\u0430\u043a\u0430\u043d\u0443\u043d\u0435 \u0421\u0435\u0432\u0435\u0440\u043d\u043e\u0439 \u0432\u043e\u0439\u043d\u044b.<br \/> \u041b\u0435\u043a\u0442\u043e\u0440 &#8212; \u041c\u0430\u0440\u0438\u044f \u0421\u043c\u043e\u0440\u0436\u0435\u0432\u0441\u043a\u0438\u0445-\u0421\u043c\u0438\u0440\u043d\u043e\u0432\u0430.<\/p>\n<p><strong>8.03.2014<\/strong><br \/> \u041b\u044e\u0431\u0438\u043c\u044b\u0435 \u0436\u0435\u043d\u0449\u0438\u043d\u044b \u0438\u043c\u043f\u0435\u0440\u0430\u0442\u043e\u0440\u0430 \u041f\u0435\u0442\u0440\u0430 \u0412\u0435\u043b\u0438\u043a\u043e\u0433\u043e.<br \/> \u041b\u0435\u043a\u0442\u043e\u0440 &#8212; \u041c\u0430\u0440\u0438\u044f \u0421\u043c\u043e\u0440\u0436\u0435\u0432\u0441\u043a\u0438\u0445-\u0421\u043c\u0438\u0440\u043d\u043e\u0432\u0430.<\/p>\n<p><strong>9.03.2014<\/strong><br \/> Vene keisrite portreed Peeter I maja ekspositsioonis: ajalugu, kunstnikud ja eeskujud.<br \/> \u041b\u0435\u043a\u0442\u043e\u0440  &#8212; \u0410\u043b\u0435\u043a\u0441\u0430\u043d\u0434\u0440\u0430 \u041c\u0443\u0440\u0440\u0435, \u041a\u0430\u0434\u0440\u0438\u043e\u0440\u0433\u0441\u043a\u0438\u0439 \u0445\u0443\u0434\u043e\u0436\u0435\u0441\u0442\u0432\u0435\u043d\u043d\u044b\u0439 \u043c\u0443\u0437\u0435\u0439 (\u043d\u0430 \u044d\u0441\u0442\u043e\u043d\u0441\u043a\u043e\u043c \u044f\u0437\u044b\u043a\u0435).<\/p>\n<p><strong>15.03.2014<\/strong><br \/> \u041e\u0442 \u00ab\u043d\u0430\u0440\u0432\u0441\u043a\u043e\u0433\u043e \u043a\u043e\u043d\u0444\u0443\u0437\u0430\u00bb \u043a \u0432\u0437\u044f\u0442\u0438\u044e \u0414\u0435\u0440\u043f\u0442\u0430 \u0438 \u041d\u0430\u0440\u0432\u044b \u0432 1704-\u0433\u043e\u0434\u0443: \u0441\u0440\u0430\u0436\u0435\u043d\u0438\u044f \u0421\u0435\u0432\u0435\u0440\u043d\u043e\u0439 \u0432\u043e\u0439\u043d\u044b \u0438 \u0438\u0445 \u043e\u0442\u0440\u0430\u0436\u0435\u043d\u0438\u0435 \u0432 \u043f\u0430\u043d\u0435\u0433\u0438\u0440\u0438\u0447\u0435\u0441\u043a\u043e\u0439 \u043a\u0443\u043b\u044c\u0442\u0443\u0440\u0435.<br \/> \u041b\u0435\u043a\u0442\u043e\u0440 &#8212; \u041c\u0430\u0440\u0438\u044f \u0421\u043c\u043e\u0440\u0436\u0435\u0432\u0441\u043a\u0438\u0445-\u0421\u043c\u0438\u0440\u043d\u043e\u0432\u0430.<\/p>\n<p><strong>16.03.2014<\/strong><br \/> Narva \u201eeba\u00f5nnest\u201c Tartu ja Narva vallutamiseni: P\u00f5hjas\u00f5ja lahingud ja nende peegeldus paneg\u00fc\u00fcrilises kultuuris.<br \/> \u041b\u0435\u043a\u0442\u043e\u0440 \u2013 \u0417\u0443\u0440\u0430\u0431 \u042f\u043d\u0435\u0441 (\u043d\u0430 \u044d\u0441\u0442\u043e\u043d\u0441\u043a\u043e\u043c \u044f\u0437\u044b\u043a\u0435).<\/p>\n<p><strong>12.04.2014 <\/strong><br \/> \u0415\u043a\u0430\u0442\u0435\u0440\u0438\u043d\u0430 I \u2013 \u0446\u0430\u0440\u0441\u043a\u0430\u044f \u0438\u0437\u0431\u0440\u0430\u043d\u043d\u0438\u0446\u0430 \u0438 \u043f\u0435\u0440\u0432\u0430\u044f \u0440\u0443\u0441\u0441\u043a\u0430\u044f \u0438\u043c\u043f\u0435\u0440\u0430\u0442\u0440\u0438\u0446\u0430.<br \/> \u041b\u0435\u043a\u0442\u043e\u0440 &#8212; \u041c\u0430\u0440\u0438\u044f \u0421\u043c\u043e\u0440\u0436\u0435\u0432\u0441\u043a\u0438\u0445-\u0421\u043c\u0438\u0440\u043d\u043e\u0432\u0430.<\/p>\n<p><strong>10.05.2014<\/strong><br \/> \u0420\u0438\u0433\u0430 \u0438 \u0420\u0435\u0432\u0435\u043b\u044c \u2013 \u0431\u0430\u043b\u0442\u0438\u0439\u0441\u043a\u0438\u0435 \u00ab\u043d\u0435\u0432\u0435\u0441\u0442\u044b\u00bb \u041f\u0435\u0442\u0440\u0430 I: \u043f\u043e\u0431\u0435\u0434\u044b 1710 \u0433\u043e\u0434\u0430 \u0432 \u043e\u0444\u0438\u0446\u0438\u0430\u043b\u044c\u043d\u043e\u0439 \u043a\u0443\u043b\u044c\u0442\u0443\u0440\u0435 \u041f\u0435\u0442\u0440\u043e\u0432\u0441\u043a\u043e\u0439 \u044d\u043f\u043e\u0445\u0438.<br \/> \u041b\u0435\u043a\u0442\u043e\u0440 &#8212; \u041c\u0430\u0440\u0438\u044f \u0421\u043c\u043e\u0440\u0436\u0435\u0432\u0441\u043a\u0438\u0445-\u0421\u043c\u0438\u0440\u043d\u043e\u0432\u0430.<\/p>\n<p><strong>11.05. 2014<\/strong>.<br \/> Katariina I \u2013 tsaari pruut ja esimene Vene keisrinna.<br \/> \u041b\u0435\u043a\u0442\u043e\u0440 &#8212; \u041c\u0430\u0440\u0438\u044f \u0421\u043c\u043e\u0440\u0436\u0435\u0432\u0441\u043a\u0438\u0445-\u0421\u043c\u0438\u0440\u043d\u043e\u0432\u0430 (\u043d\u0430 \u044d\u0441\u0442\u043e\u043d\u0441\u043a\u043e\u043c \u044f\u0437\u044b\u043a\u0435).<\/p>\n<p><strong>14.06.2014<\/strong><br \/> \u041f\u043e\u0441\u0432\u044f\u0449\u0435\u043d\u0438\u044f \u0415\u043a\u0430\u0442\u0435\u0440\u0438\u043d\u0435 I \u0432 \u0422\u0430\u043b\u043b\u0438\u043d\u043d\u0435 \u2013 \u043e\u0442 \u0441\u0430\u043a\u0440\u0430\u043b\u044c\u043d\u043e\u0433\u043e \u043a \u0441\u0432\u0435\u0442\u0441\u043a\u043e\u043c\u0443.<br \/> \u041b\u0435\u043a\u0442\u043e\u0440 &#8212; \u041c\u0430\u0440\u0438\u044f \u0421\u043c\u043e\u0440\u0436\u0435\u0432\u0441\u043a\u0438\u0445-\u0421\u043c\u0438\u0440\u043d\u043e\u0432\u0430.<\/p>\n<p><strong>15.06.2014<\/strong><br \/> 1714. aasta: tsaari Tallinna \u201evana\u201c palee ajalugu.<br \/> \u041b\u0435\u043a\u0442\u043e\u0440 \u2013 \u0417\u0443\u0440\u0430\u0431 \u042f\u043d\u0435\u0441 (\u043d\u0430 \u044d\u0441\u0442\u043e\u043d\u0441\u043a\u043e\u043c \u044f\u0437\u044b\u043a\u0435).<\/p>\n<p><strong>12.07.2014 <\/strong><br \/> \u041a \u00ab\u0437\u0435\u043c\u043b\u0435 \u043e\u0431\u0435\u0442\u043e\u0432\u0430\u043d\u043d\u043e\u0439\u00bb: \u0413\u0430\u043d\u0433\u0443\u0442\u0441\u043a\u043e\u0435 \u0441\u0440\u0430\u0436\u0435\u043d\u0438\u0435 1714 \u0433\u043e\u0434\u0430 \u0438 \u0420\u0435\u0432\u0435\u043b\u044c.<br \/> \u041b\u0435\u043a\u0442\u043e\u0440 &#8212; \u041c\u0430\u0440\u0438\u044f \u0421\u043c\u043e\u0440\u0436\u0435\u0432\u0441\u043a\u0438\u0445-\u0421\u043c\u0438\u0440\u043d\u043e\u0432\u0430.<\/p>\n<p><strong>27.07.2014 <\/strong><br \/> Parema elu otsinguil. Ajalooline \u00fclevaade eestlaste v\u00e4ljar\u00e4ndest Vene impeeriumis 1917. aastani.<br \/> \u041b\u0435\u043a\u0442\u043e\u0440 \u2013 \u0417\u0443\u0440\u0430\u0431 \u042f\u043d\u0435\u0441 (\u043d\u0430 \u044d\u0441\u0442\u043e\u043d\u0441\u043a\u043e\u043c \u044f\u0437\u044b\u043a\u0435).<\/p>\n<p><strong>9.08.2014<\/strong><br \/> 1714 \u0433\u043e\u0434: \u0438\u0441\u0442\u043e\u0440\u0438\u044f \u00ab\u043f\u0435\u0440\u0432\u043e\u0433\u043e\u00bb \u0446\u0430\u0440\u0441\u043a\u043e\u0433\u043e \u0434\u0432\u043e\u0440\u0446\u0430 \u0432 \u0422\u0430\u043b\u043b\u0438\u043d\u043d\u0435.<br \/> \u041b\u0435\u043a\u0442\u043e\u0440 &#8212; \u041c\u0430\u0440\u0438\u044f \u0421\u043c\u043e\u0440\u0436\u0435\u0432\u0441\u043a\u0438\u0445-\u0421\u043c\u0438\u0440\u043d\u043e\u0432\u0430.<\/p>\n<p><strong>13.09.2014 <\/strong><br \/> \u041f\u0430\u043c\u044f\u0442\u043d\u0438\u043a\u0438 \u041f\u0435\u0442\u0440\u043e\u0432\u0441\u043a\u043e\u0439 \u044d\u043f\u043e\u0445\u0438 \u043d\u0430 \u044d\u0441\u0442\u043e\u043d\u0441\u043a\u043e\u0439 \u0437\u0435\u043c\u043b\u0435.<br \/> \u041b\u0435\u043a\u0442\u043e\u0440 &#8212; \u041c\u0430\u0440\u0438\u044f \u0421\u043c\u043e\u0440\u0436\u0435\u0432\u0441\u043a\u0438\u0445-\u0421\u043c\u0438\u0440\u043d\u043e\u0432\u0430.<\/p>\n<p><strong>01.11.2014 <\/strong><br \/> Peeter I ajastu m\u00e4lestised Eestimaal.<br \/> \u041b\u0435\u043a\u0442\u043e\u0440 \u2013 \u0417\u0443\u0440\u0430\u0431 \u042f\u043d\u0435\u0441 (\u043d\u0430 \u044d\u0441\u0442\u043e\u043d\u0441\u043a\u043e\u043c \u044f\u0437\u044b\u043a\u0435).\n<\/div>\n","protected":false},"excerpt":{"rendered":"<p>\u041c\u0435\u0440\u043e\u043f\u0440\u0438\u044f\u0442\u0438\u044f \u044e\u0431\u0438\u043b\u0435\u0439\u043d\u043e\u0433\u043e \u0433\u043e\u0434\u0430: 300-\u043b\u0435\u0442\u043d\u044f\u044f \u0438\u0441\u0442\u043e\u0440\u0438\u044f \u0434\u043e\u043c\u0430 \u041f\u0435\u0442\u0440\u0430 I \u0426\u0438\u043a\u043b \u043b\u0435\u043a\u0446\u0438\u0439 \u043f\u043e\u0441\u0432\u044f\u0449\u0435\u043d 300-\u043b\u0435\u0442\u043d\u0435\u043c\u0443 \u044e\u0431\u0438\u043b\u0435\u044e \u043f\u0435\u0442\u0440\u043e\u0432\u0441\u043a\u043e\u0439 \u0438\u0441\u0442\u043e\u0440\u0438\u0438 \u0434\u043e\u043c\u0430, \u0430 \u0442\u0430\u043a\u0436\u0435 \u0437\u043d\u0430\u043c\u0435\u043d\u0430\u0442\u0435\u043b\u044c\u043d\u044b\u043c \u0441\u043e\u0431\u044b\u0442\u0438\u044f\u043c\u00a0 \u044d\u043f\u043e\u0445\u0438 \u041f\u0435\u0442\u0440\u0430 \u0412\u0435\u043b\u0438\u043a\u043e\u0433\u043e. \u041c\u0443\u0437\u0435\u0439\u043d\u044b\u0435 \u043b\u0435\u043a\u0446\u0438\u0438 \u0440\u0430\u0441\u0441\u0447\u0438\u0442\u0430\u043d\u044b \u043d\u0430 \u0441\u0430\u043c\u0443\u044e \u0448\u0438\u0440\u043e\u043a\u0443\u044e \u0441\u043b\u0443\u0448\u0430\u0442\u0435\u043b\u044c\u0441\u043a\u0443\u044e \u0430\u0443\u0434\u0438\u0442\u043e\u0440\u0438\u044e, \u043f\u0440\u043e\u0445\u043e\u0434\u044f\u0442 \u0432 \u043b\u0435\u043a\u0446\u0438\u043e\u043d\u043d\u043e\u043c \u0437\u0430\u043b\u0435 \u043c\u0443\u0437\u0435\u044f. \u041f\u0440\u043e\u0448\u0435\u0434\u0448\u0438\u0435 \u043b\u0435\u043a\u0446\u0438\u0438 11.01.2014 \u201e\u041d\u043e\u0432\u044b\u0439 \u0433\u043e\u0434, \u043d\u043e\u0432\u044b\u0435 \u0442\u0440\u0430\u0434\u0438\u0446\u0438\u0438: \u0440\u0435\u0444\u043e\u0440\u043c\u0430 \u043a\u0430\u043b\u0435\u043d\u0434\u0430\u0440\u044f \u0438 \u043f\u0440\u0430\u0437\u0434\u043d\u043e\u0432\u0430\u043d\u0438\u0435 \u041d\u043e\u0432\u043e\u0433\u043e \u0433\u043e\u0434\u0430 \u0432 \u041f\u0435\u0442\u0440\u043e\u0432\u0441\u043a\u0443\u044e \u044d\u043f\u043e\u0445\u0443\u201c. \u041b\u0435\u043a\u0442\u043e\u0440 &#8212; \u041c\u0430\u0440\u0438\u044f [&hellip;]<\/p>\n","protected":false},"author":2,"featured_media":0,"parent":10458,"menu_order":3,"comment_status":"closed","ping_status":"closed","template":"","meta":{"footnotes":""},"class_list":["post-12810","page","type-page","status-publish","hentry"],"_links":{"self":[{"href":"https:\/\/linnamuuseum.ee\/ru\/wp-json\/wp\/v2\/pages\/12810"}],"collection":[{"href":"https:\/\/linnamuuseum.ee\/ru\/wp-json\/wp\/v2\/pages"}],"about":[{"href":"https:\/\/linnamuuseum.ee\/ru\/wp-json\/wp\/v2\/types\/page"}],"author":[{"embeddable":true,"href":"https:\/\/linnamuuseum.ee\/ru\/wp-json\/wp\/v2\/users\/2"}],"replies":[{"embeddable":true,"href":"https:\/\/linnamuuseum.ee\/ru\/wp-json\/wp\/v2\/comments?post=12810"}],"version-history":[{"count":1,"href":"https:\/\/linnamuuseum.ee\/ru\/wp-json\/wp\/v2\/pages\/12810\/revisions"}],"predecessor-version":[{"id":12811,"href":"https:\/\/linnamuuseum.ee\/ru\/wp-json\/wp\/v2\/pages\/12810\/revisions\/12811"}],"up":[{"embeddable":true,"href":"https:\/\/linnamuuseum.ee\/ru\/wp-json\/wp\/v2\/pages\/10458"}],"wp:attachment":[{"href":"https:\/\/linnamuuseum.ee\/ru\/wp-json\/wp\/v2\/media?parent=12810"}],"curies":[{"name":"wp","href":"https:\/\/api.w.org\/{rel}","templated":true}]}}