{"id":4209,"date":"2017-02-07T23:03:34","date_gmt":"2017-02-07T21:03:34","guid":{"rendered":"http:\/\/linnamuuseum.ee\/ru\/?page_id=4209"},"modified":"2026-02-17T14:25:46","modified_gmt":"2026-02-17T12:25:46","slug":"tootajad-lm","status":"publish","type":"page","link":"https:\/\/linnamuuseum.ee\/ru\/kalamaja\/muuseumist-lm\/tootajad-lm\/","title":{"rendered":"\u0421\u043e\u0442\u0440\u0443\u0434\u043d\u0438\u043a\u0438"},"content":{"rendered":"<p><a href=\"https:\/\/www.linnamuuseum.ee\/wp-content\/uploads\/2026\/01\/Daniel.jpg\"><img loading=\"lazy\" decoding=\"async\" class=\"alignnone wp-image-104046 size-thumbnail\" src=\"https:\/\/linnamuuseum.ee\/wp-content\/uploads\/2026\/02\/Maibel_MK-7-e1771331012383-180x180.jpg\" alt=\"\" width=\"180\" height=\"180\" srcset=\"https:\/\/linnamuuseum.ee\/wp-content\/uploads\/2026\/02\/Maibel_MK-7-e1771331012383-180x180.jpg 180w, https:\/\/linnamuuseum.ee\/wp-content\/uploads\/2026\/02\/Maibel_MK-7-e1771331012383-250x250.jpg 250w\" sizes=\"(max-width: 180px) 100vw, 180px\" \/><\/a><\/p>\n<p><strong>\u0420\u0443\u043a\u043e\u0432\u043e\u0434\u0438\u0442\u0435\u043b\u044c<\/strong><br \/>\n\u041c\u0430\u0439\u0431\u0435\u043b \u041d\u0430\u043f\u0430<br \/>\n<a href=\"mailto:@linnamuuseum.ee\">@linnamuuseum.ee<\/a><\/p>\n<p>&nbsp;<\/p>\n<p><a href=\"https:\/\/www.linnamuuseum.ee\/wp-content\/uploads\/2022\/10\/Tuuli.jpg\"><img loading=\"lazy\" decoding=\"async\" class=\"alignnone wp-image-67890 size-thumbnail\" src=\"https:\/\/www.linnamuuseum.ee\/wp-content\/uploads\/2022\/10\/Tuuli-180x180.jpg\" alt=\"\" width=\"180\" height=\"180\" srcset=\"https:\/\/linnamuuseum.ee\/wp-content\/uploads\/2022\/10\/Tuuli-180x180.jpg 180w, https:\/\/linnamuuseum.ee\/wp-content\/uploads\/2022\/10\/Tuuli-250x250.jpg 250w\" sizes=\"(max-width: 180px) 100vw, 180px\" \/><\/a><\/p>\n<p><strong>\u041f\u0435\u0434\u0430\u0433\u043e\u0433-\u043a\u0443\u0440\u0430\u0442\u043e\u0440<\/strong><br \/>\n\u0422\u0443\u0443\u043b\u0438 \u0421\u0438\u043b\u044c\u0431\u0435\u0440<br \/>\n5309 9772<br \/>\n<a href=\"mailto:tuuli.silber@linnamuuseum.ee\">tuuli.silber@linnamuuseum.ee<\/a><\/p>\n<p>&nbsp;<\/p>\n<p><a href=\"https:\/\/www.linnamuuseum.ee\/wp-content\/uploads\/2022\/10\/Kristi.jpg\"><img loading=\"lazy\" decoding=\"async\" class=\"alignnone wp-image-67887 size-thumbnail\" src=\"https:\/\/www.linnamuuseum.ee\/wp-content\/uploads\/2022\/10\/Kristi-180x180.jpg\" alt=\"\" width=\"180\" height=\"180\" srcset=\"https:\/\/linnamuuseum.ee\/wp-content\/uploads\/2022\/10\/Kristi-180x180.jpg 180w, https:\/\/linnamuuseum.ee\/wp-content\/uploads\/2022\/10\/Kristi-250x250.jpg 250w\" sizes=\"(max-width: 180px) 100vw, 180px\" \/><\/a><\/p>\n<p><strong>\u0420\u0443\u043a\u043e\u0432\u043e\u0434\u0438\u0442\u0435\u043b\u044c<\/strong><br \/>\n\u041a\u0440\u0438\u0441\u0442\u0438 \u041f\u0430\u0430\u0442\u0441\u0438<br \/>\n<span style=\"background-color: #dddddd;\">\u0432 \u0434\u043b\u0438\u0442\u0435\u043b\u044c\u043d\u043e\u043c \u043e\u0442\u043f\u0443\u0441\u043a\u0435<\/span><br \/>\n<a href=\"mailto:kristi.paatsi@linnamuuseum.ee\">kristi.paatsi@linnamuuseum.ee<\/a><\/p>\n<p>&nbsp;<\/p>\n<p><a href=\"https:\/\/linnamuuseum.ee\/wp-content\/uploads\/2022\/10\/\u00dclle-pilt.jpg\"><img loading=\"lazy\" decoding=\"async\" class=\"alignnone wp-image-67899 size-thumbnail\" src=\"https:\/\/linnamuuseum.ee\/wp-content\/uploads\/2022\/10\/\u00dclle-pilt-180x180.jpg\" alt=\"\" width=\"180\" height=\"180\" srcset=\"https:\/\/linnamuuseum.ee\/wp-content\/uploads\/2022\/10\/\u00dclle-pilt-180x180.jpg 180w, https:\/\/linnamuuseum.ee\/wp-content\/uploads\/2022\/10\/\u00dclle-pilt-250x250.jpg 250w\" sizes=\"(max-width: 180px) 100vw, 180px\" \/><\/a><\/p>\n<p><strong>\u0421\u043f\u0435\u0446\u0438\u0430\u043b\u0438\u0441\u0442 \u043f\u043e \u0440\u0430\u0431\u043e\u0442\u0435 \u0441 \u043f\u043e\u0441\u0435\u0442\u0438\u0442\u0435\u043b\u044f\u043c\u0438<\/strong><br \/>\n\u00dclle Suursaar<\/p>\n<p>&nbsp;<\/p>\n<p><a href=\"https:\/\/www.linnamuuseum.ee\/wp-content\/uploads\/2022\/10\/ENE.jpg\"><img loading=\"lazy\" decoding=\"async\" class=\"alignnone wp-image-67896 size-thumbnail\" src=\"https:\/\/www.linnamuuseum.ee\/wp-content\/uploads\/2022\/10\/ENE-180x180.jpg\" alt=\"\" width=\"180\" height=\"180\" srcset=\"https:\/\/linnamuuseum.ee\/wp-content\/uploads\/2022\/10\/ENE-180x180.jpg 180w, https:\/\/linnamuuseum.ee\/wp-content\/uploads\/2022\/10\/ENE-250x250.jpg 250w\" sizes=\"(max-width: 180px) 100vw, 180px\" \/><\/a><\/p>\n<p><strong>\u0421\u043f\u0435\u0446\u0438\u0430\u043b\u0438\u0441\u0442\u044b \u043f\u043e \u0440\u0430\u0431\u043e\u0442\u0435 \u0441 \u043f\u043e\u0441\u0435\u0442\u0438\u0442\u0435\u043b\u044f\u043c\u0438<\/strong><br \/>\n\u042d\u043d\u0435 \u041f\u0438\u0439\u0440\u043e\u044f<br \/>\n<a href=\"mailto:ene.piiroja@linnamuuseum.ee\">ene.piiroja@linnamuuseum.ee<\/a><\/p>\n<p>&nbsp;<\/p>\n<p><a href=\"https:\/\/www.linnamuuseum.ee\/wp-content\/uploads\/2024\/02\/Ingrid_Vagur_Kalamaja.jpg\"><img loading=\"lazy\" decoding=\"async\" class=\"alignnone wp-image-84441 size-thumbnail\" src=\"https:\/\/www.linnamuuseum.ee\/wp-content\/uploads\/2024\/02\/Ingrid_Vagur_Kalamaja-180x180.jpg\" alt=\"\" width=\"180\" height=\"180\" srcset=\"https:\/\/linnamuuseum.ee\/wp-content\/uploads\/2024\/02\/Ingrid_Vagur_Kalamaja-180x180.jpg 180w, https:\/\/linnamuuseum.ee\/wp-content\/uploads\/2024\/02\/Ingrid_Vagur_Kalamaja-250x250.jpg 250w\" sizes=\"(max-width: 180px) 100vw, 180px\" \/><\/a><\/p>\n<p><strong>K\u00fclastusjuht<\/strong><br \/>\nIngrid Vagur<br \/>\n<a href=\"mailto:ingrid.vagur@linnamuuseum.ee\">ingrid.vagur@linnamuuseum.ee<\/a><\/p>\n<p>&nbsp;<\/p>\n<p><img loading=\"lazy\" decoding=\"async\" class=\"alignnone size-thumbnail wp-image-95743\" src=\"https:\/\/www.linnamuuseum.ee\/wp-content\/uploads\/2025\/04\/valeria-180x180.jpg\" alt=\"\" width=\"180\" height=\"180\" srcset=\"https:\/\/linnamuuseum.ee\/wp-content\/uploads\/2025\/04\/valeria-180x180.jpg 180w, https:\/\/linnamuuseum.ee\/wp-content\/uploads\/2025\/04\/valeria-250x250.jpg 250w\" sizes=\"(max-width: 180px) 100vw, 180px\" \/><\/p>\n<p><strong>K\u00fclastusjuht<\/strong><br \/>\nValeria Potjava<br \/>\n<a href=\"mailto:valeria.potjava@linnamuuseum.ee\">valeria.potjava@linnamuuseum.ee<\/a><\/p>\n<p>&nbsp;<\/p>\n<p><a href=\"https:\/\/www.linnamuuseum.ee\/wp-content\/uploads\/2026\/01\/Daniel.jpg\"><img loading=\"lazy\" decoding=\"async\" class=\"alignnone wp-image-104049 size-thumbnail\" src=\"https:\/\/linnamuuseum.ee\/wp-content\/uploads\/2026\/02\/Daniel_MK-29-e1771330914435-180x180.jpg\" alt=\"\" width=\"180\" height=\"180\" srcset=\"https:\/\/linnamuuseum.ee\/wp-content\/uploads\/2026\/02\/Daniel_MK-29-e1771330914435-180x180.jpg 180w, https:\/\/linnamuuseum.ee\/wp-content\/uploads\/2026\/02\/Daniel_MK-29-e1771330914435-250x250.jpg 250w\" sizes=\"(max-width: 180px) 100vw, 180px\" \/><\/a><\/p>\n<p><strong>K\u00fclastusjuht<\/strong><br \/>\nDaniel Teichmann<br \/>\n<a href=\"mailto:daniel.teichmann@linnamuuseum.ee\">daniel.teichmann@linnamuuseum.ee<\/a><\/p>\n<p>&nbsp;<\/p>\n<p>&nbsp;<\/p>\n<p>&nbsp;<\/p>\n<p>&nbsp;<\/p>\n<p>&nbsp;<\/p>\n<p>&nbsp;<\/p>\n<p>&nbsp;<\/p>\n<p>&nbsp;<\/p>\n<p>&nbsp;<\/p>\n<p>&nbsp;<\/p>\n","protected":false},"excerpt":{"rendered":"<p>\u0420\u0443\u043a\u043e\u0432\u043e\u0434\u0438\u0442\u0435\u043b\u044c \u041c\u0430\u0439\u0431\u0435\u043b \u041d\u0430\u043f\u0430 @linnamuuseum.ee &nbsp; \u041f\u0435\u0434\u0430\u0433\u043e\u0433-\u043a\u0443\u0440\u0430\u0442\u043e\u0440 \u0422\u0443\u0443\u043b\u0438 \u0421\u0438\u043b\u044c\u0431\u0435\u0440 5309 9772 tuuli.silber@linnamuuseum.ee &nbsp; \u0420\u0443\u043a\u043e\u0432\u043e\u0434\u0438\u0442\u0435\u043b\u044c \u041a\u0440\u0438\u0441\u0442\u0438 \u041f\u0430\u0430\u0442\u0441\u0438 \u0432 \u0434\u043b\u0438\u0442\u0435\u043b\u044c\u043d\u043e\u043c \u043e\u0442\u043f\u0443\u0441\u043a\u0435 kristi.paatsi@linnamuuseum.ee &nbsp; \u0421\u043f\u0435\u0446\u0438\u0430\u043b\u0438\u0441\u0442 \u043f\u043e \u0440\u0430\u0431\u043e\u0442\u0435 \u0441 \u043f\u043e\u0441\u0435\u0442\u0438\u0442\u0435\u043b\u044f\u043c\u0438 \u00dclle Suursaar &nbsp; \u0421\u043f\u0435\u0446\u0438\u0430\u043b\u0438\u0441\u0442\u044b \u043f\u043e \u0440\u0430\u0431\u043e\u0442\u0435 \u0441 \u043f\u043e\u0441\u0435\u0442\u0438\u0442\u0435\u043b\u044f\u043c\u0438 \u042d\u043d\u0435 \u041f\u0438\u0439\u0440\u043e\u044f ene.piiroja@linnamuuseum.ee &nbsp; K\u00fclastusjuht Ingrid Vagur ingrid.vagur@linnamuuseum.ee &nbsp; K\u00fclastusjuht Valeria Potjava valeria.potjava@linnamuuseum.ee &nbsp; K\u00fclastusjuht Daniel Teichmann daniel.teichmann@linnamuuseum.ee &nbsp; &nbsp; &nbsp; &nbsp; [&hellip;]<\/p>\n","protected":false},"author":54,"featured_media":0,"parent":54873,"menu_order":1,"comment_status":"closed","ping_status":"closed","template":"","meta":{"footnotes":""},"class_list":["post-4209","page","type-page","status-publish","hentry"],"_links":{"self":[{"href":"https:\/\/linnamuuseum.ee\/ru\/wp-json\/wp\/v2\/pages\/4209"}],"collection":[{"href":"https:\/\/linnamuuseum.ee\/ru\/wp-json\/wp\/v2\/pages"}],"about":[{"href":"https:\/\/linnamuuseum.ee\/ru\/wp-json\/wp\/v2\/types\/page"}],"author":[{"embeddable":true,"href":"https:\/\/linnamuuseum.ee\/ru\/wp-json\/wp\/v2\/users\/54"}],"replies":[{"embeddable":true,"href":"https:\/\/linnamuuseum.ee\/ru\/wp-json\/wp\/v2\/comments?post=4209"}],"version-history":[{"count":5,"href":"https:\/\/linnamuuseum.ee\/ru\/wp-json\/wp\/v2\/pages\/4209\/revisions"}],"predecessor-version":[{"id":104054,"href":"https:\/\/linnamuuseum.ee\/ru\/wp-json\/wp\/v2\/pages\/4209\/revisions\/104054"}],"up":[{"embeddable":true,"href":"https:\/\/linnamuuseum.ee\/ru\/wp-json\/wp\/v2\/pages\/54873"}],"wp:attachment":[{"href":"https:\/\/linnamuuseum.ee\/ru\/wp-json\/wp\/v2\/media?parent=4209"}],"curies":[{"name":"wp","href":"https:\/\/api.w.org\/{rel}","templated":true}]}}