{"id":56894,"date":"2016-11-28T15:37:57","date_gmt":"2016-11-28T13:37:57","guid":{"rendered":"https:\/\/linnamuuseum.ee\/jaani-seek\/kulastajale\/"},"modified":"2025-06-06T15:12:49","modified_gmt":"2025-06-06T12:12:49","slug":"posetiteljam-galereja-seek","status":"publish","type":"page","link":"https:\/\/linnamuuseum.ee\/ru\/galereja-seek\/posetiteljam-galereja-seek\/","title":{"rendered":"\u041f\u043e\u0441\u0435\u0442\u0438\u0442\u0435\u043b\u044f\u043c \u0413\u0430\u043b\u0435\u0440\u0435\u044f SEEK"},"content":{"rendered":"<div class=\"article\">\n<h4><img loading=\"lazy\" decoding=\"async\" class=\"wp-image-77704 size-medium alignright\" src=\"https:\/\/linnamuuseum.ee\/wp-content\/uploads\/2023\/07\/Galerii-Seek-visit-estonia_-400x270.jpg\" alt=\"\" width=\"400\" height=\"270\" srcset=\"https:\/\/linnamuuseum.ee\/wp-content\/uploads\/2023\/07\/Galerii-Seek-visit-estonia_-400x270.jpg 400w, https:\/\/linnamuuseum.ee\/wp-content\/uploads\/2023\/07\/Galerii-Seek-visit-estonia_-768x519.jpg 768w, https:\/\/linnamuuseum.ee\/wp-content\/uploads\/2023\/07\/Galerii-Seek-visit-estonia_.jpg 1480w\" sizes=\"(max-width: 400px) 100vw, 400px\" \/><\/h4>\n<h5><\/h5>\n<h5><span lang=\"ru\"><strong>\u041c\u0415\u0421\u0422\u041e \u041d\u0410\u0425\u041e\u0416\u0414\u0415\u041d\u0418\u042f<\/strong><\/span><\/h5>\n<h5><strong>V\u00e4ike-P\u00e4\u00e4suke 5<\/strong><\/h5>\n<div class=\"flex-shrink-0 flex flex-col relative items-end\">\n<div>\n<div class=\"pt-0\">\n<div class=\"gizmo-bot-avatar flex h-8 w-8 items-center justify-center overflow-hidden rounded-full\">\n<div class=\"relative p-1 rounded-sm flex items-center justify-center bg-token-main-surface-primary text-token-text-primary h-8 w-8\"><\/div>\n<\/div>\n<\/div>\n<\/div>\n<\/div>\n<div class=\"group\/conversation-turn relative flex w-full min-w-0 flex-col agent-turn\">\n<div class=\"flex-col gap-1 md:gap-3\">\n<div class=\"flex max-w-full flex-col flex-grow\">\n<div class=\"min-h-[20px] text-message flex w-full flex-col items-end gap-2 whitespace-normal break-words [.text-message+&amp;]:mt-5 overflow-x-auto\" dir=\"auto\" data-message-author-role=\"assistant\" data-message-id=\"8d311d68-55a3-4fe2-a0fa-b3feeb383a50\">\n<div class=\"flex w-full flex-col gap-1 empty:hidden first:pt-[3px]\">\n<div class=\"markdown prose w-full break-words dark:prose-invert light\">\n<p>\u0413\u0430\u043b\u0435\u0440\u0435\u044f Seek, \u0440\u0430\u0441\u043f\u043e\u043b\u043e\u0436\u0435\u043d\u043d\u0430\u044f \u0440\u044f\u0434\u043e\u043c \u0441 \u0442\u043e\u0440\u0433\u043e\u0432\u044b\u043c \u0446\u0435\u043d\u0442\u0440\u043e\u043c Stockmann \u043d\u0430 \u0443\u043b\u0438\u0446\u0435 R\u00e4vala pst, \u044f\u0432\u043b\u044f\u0435\u0442\u0441\u044f \u0432\u044b\u0441\u0442\u0430\u0432\u043e\u0447\u043d\u044b\u043c \u043f\u0430\u0432\u0438\u043b\u044c\u043e\u043d\u043e\u043c \u041c\u0443\u0437\u0435\u044f \u0444\u043e\u0442\u043e\u0433\u0440\u0430\u0444\u0438\u0438.<\/p>\n<\/div>\n<\/div>\n<\/div>\n<\/div>\n<\/div>\n<\/div>\n<p>\u0412 \u0433\u0430\u043b\u0435\u0440\u0435\u0435 Seek \u043f\u0440\u043e\u0432\u043e\u0434\u044f\u0442\u0441\u044f \u0432\u044b\u0441\u0442\u0430\u0432\u043a\u0438 \u0441\u043e\u0432\u0440\u0435\u043c\u0435\u043d\u043d\u043e\u0433\u043e \u0444\u043e\u0442\u043e-\u0438\u0441\u043a\u0443\u0441\u0441\u0442\u0432\u0430 \u0438 \u043f\u0440\u0435\u0434\u0441\u0442\u0430\u0432\u043b\u044f\u0435\u0442\u0441\u044f \u0444\u043e\u0442\u043e\u0433\u0440\u0430\u0444\u0438\u0447\u0435\u0441\u043a\u043e\u0435 \u043d\u0430\u0441\u043b\u0435\u0434\u0438\u0435 \u042d\u0441\u0442\u043e\u043d\u0438\u0438. \u0412 \u0437\u0434\u0430\u043d\u0438\u0438 \u0442\u0430\u043a\u0436\u0435 \u044d\u043a\u0441\u043f\u043e\u043d\u0438\u0440\u0443\u044e\u0442\u0441\u044f \u0440\u0443\u0438\u043d\u044b, \u043e\u0442\u043d\u043e\u0441\u044f\u0449\u0438\u0435\u0441\u044f \u043a \u043a\u043e\u043c\u043f\u043b\u0435\u043a\u0441\u0443 \u0446\u0435\u0440\u043a\u0432\u0438 \u0421\u0432\u044f\u0442\u043e\u0433\u043e \u0418\u043e\u0430\u043d\u043d\u0430 XIII-XIV \u0432\u0435\u043a\u043e\u0432.<\/p>\n<div><\/div>\n<\/div>\n<div class=\"article mt-4\">\n<p>&nbsp;<\/p>\n<h3>\u0411\u0415\u0421\u041f\u041b\u0410\u0422\u041d\u041e\u0415 \u041f\u041e\u0421\u0415\u0429\u0415\u041d\u0418\u0415 \u041c\u0423\u0417\u0415\u042f<\/h3>\n<p>\u0412 \u00ab<a href=\"https:\/\/linnamuuseum.ee\/ru\/tallinna-linnamuuseum-ru\/bsledujushheje-besplatnoje-voskresenje-15-majab-raz-v-mesac-filialy-tallinnskogo-gorodskogo-muzeja-mozhno-posetit-besplatno\/\">\u041c\u0443\u0437\u0435\u0439\u043d\u044b\u0435 \u0432\u043e\u0441\u043a\u0440\u0435\u0441\u0435\u043d\u044c\u044f<\/a>\u00bb \u0440\u0430\u0437 \u0432 \u043c\u0435\u0441\u044f\u0446 \u2013 \u0432\u0445\u043e\u0434 \u0431\u0435\u0441\u043f\u043b\u0430\u0442\u043d\u044b\u0439 \u0434\u043b\u044f \u0432\u0441\u0435\u0445, \u043d\u0435\u043e\u0431\u0445\u043e\u0434\u0438\u043c\u0430 \u043f\u0440\u0435\u0434\u0432\u0430\u0440\u0438\u0442\u0435\u043b\u044c\u043d\u0430\u044f \u0440\u0435\u0433\u0438\u0441\u0442\u0440\u0430\u0446\u0438\u044f.<br \/>\n\u0412 \u041c\u0435\u0436\u0434\u0443\u043d\u0430\u0440\u043e\u0434\u043d\u044b\u0439 \u0434\u0435\u043d\u044c \u043c\u0443\u0437\u0435\u0435\u0432, 18 \u043c\u0430\u044f, \u0432\u0445\u043e\u0434 \u0431\u0435\u0441\u043f\u043b\u0430\u0442\u043d\u044b\u0439 \u0434\u043b\u044f \u0432\u0441\u0435\u0445.<br \/>\n\u041f\u0440\u0430\u0432\u043e\u043c \u043d\u0430 \u0431\u0435\u0441\u043f\u043b\u0430\u0442\u043d\u043e\u0435 \u043f\u043e\u0441\u0435\u0449\u0435\u043d\u0438\u0435 \u043e\u0431\u043b\u0430\u0434\u0430\u044e\u0442 \u0434\u0435\u0442\u0438 \u0432 \u0432\u043e\u0437\u0440\u0430\u0441\u0442\u0435 \u0434\u043e 6 \u043b\u0435\u0442<strong>,\u00a0<\/strong>\u0438 \u0442\u0430\u043a\u0436\u0435 \u043f\u0440\u0438 \u043f\u0440\u0435\u0434\u044a\u044f\u0432\u043b\u0435\u043d\u0438\u0438 \u0441\u043e\u043e\u0442\u0432\u0435\u0442\u0441\u0442\u0432\u0443\u044e\u0449\u0435\u0433\u043e \u0443\u0434\u043e\u0441\u0442\u043e\u0432\u0435\u0440\u0435\u043d\u0438\u044f:<\/p>\n<ul>\n<li>\u043e\u0431\u043b\u0430\u0434\u0430\u0442\u0435\u043b\u0438\u00a0<a href=\"https:\/\/www.visittallinn.ee\/rus\/tallinncard\" target=\"_blank\" rel=\"noopener noreferrer\">Tallinn Card<\/a><\/li>\n<li>\u043e\u0431\u043b\u0430\u0434\u0430\u0442\u0435\u043b\u0438\u00a0<a href=\"http:\/\/www.muuseumikaart.ee\/\" target=\"_blank\" rel=\"noopener\" data-saferedirecturl=\"https:\/\/www.google.com\/url?q=http:\/\/www.muuseumikaart.ee&amp;source=gmail&amp;ust=1699525592592000&amp;usg=AOvVaw0SAIxbO-rLLNKDpFhZlkSu\">Muuseumikaart<\/a><\/li>\n<li>\u0447\u043b\u0435\u043d\u044b ICOM<\/li>\n<li>\u0447\u043b\u0435\u043d\u044b WFTGA<\/li>\n<li>\u043c\u0443\u0437\u0435\u0439\u043d\u044b\u0435 \u0440\u0430\u0431\u043e\u0442\u043d\u0438\u043a\u0438<\/li>\n<li>\u0440\u0430\u0431\u043e\u0442\u043d\u0438\u043a\u0438 \u0422\u0430\u043b\u043b\u0438\u043d\u043d\u0441\u043a\u043e\u0433\u043e \u0431\u043e\u0442\u0430\u043d\u0438\u0447\u0435\u0441\u043a\u043e\u0433\u043e \u0441\u0430\u0434\u0430<\/li>\n<li>\u043e\u0431\u043b\u0430\u0434\u0430\u0442\u0435\u043b\u0438 \u043f\u0440\u0435\u0441\u0441-\u043a\u0430\u0440\u0442\u044b<\/li>\n<li>\u0447\u043b\u0435\u043d\u044b \u0421\u043e\u044e\u0437\u0430 \u0433\u0438\u0434\u043e\u0432<\/li>\n<li>\u0438\u043d\u0432\u0430\u043b\u0438\u0434\u044b \u0438 \u0441\u043e\u043f\u0440\u043e\u0432\u043e\u0436\u0434\u0430\u044e\u0449\u0438\u0435 \u0438\u0445 \u043b\u0438\u0446\u0430<\/li>\n<li>\u044d\u043a\u0441\u043a\u0443\u0440\u0441\u0438\u0438 \u0438\u0437 \u043f\u0440\u0438\u044e\u0442\u043e\u0432 \u0438\u043b\u0438 \u0434\u0435\u0442\u0441\u043a\u0438\u0445 \u0434\u043e\u043c\u043e\u0439<\/li>\n<li>\u0440\u0430\u0431\u043e\u0442\u043d\u0438\u043a\u0438 \u042d\u0441\u0442\u043e\u043d\u0441\u043a\u0438\u0445 \u043c\u0443\u0437\u0435\u0435\u0432<\/li>\n<li>\u043f\u0435\u0434\u0430\u0433\u043e\u0433\u0430\u043c \u0441 \u043a\u0430\u0440\u0442\u043e\u0447\u043a\u043e\u0439 ITIC \u043f\u043e\u0441\u0435\u0449\u0435\u043d\u0438\u0435 \u043c\u0443\u0437\u0435\u044f \u043f\u043e \u043b\u044c\u0433\u043e\u0442\u043d\u043e\u0439 \u0441\u0442\u043e\u0438\u043c\u043e\u0441\u0442\u0438 \u0431\u0438\u043b\u0435\u0442\u0430, \u0432 \u043a\u0430\u0447\u0435\u0441\u0442\u0432\u0435 \u0441\u043e\u043f\u0440\u043e\u0432\u043e\u0436\u0434\u0430\u044e\u0449\u0435\u0433\u043e \u0433\u0440\u0443\u043f\u043f\u044b \u043f\u043e\u0441\u0435\u0449\u0435\u043d\u0438\u0435 \u043c\u0443\u0437\u0435\u044f \u0431\u0435\u0441\u043f\u043b\u0430\u0442\u043d\u043e<\/li>\n<\/ul>\n<p>&nbsp;<\/p>\n<\/div>\n<p><strong>KOHTAKT:<\/strong><\/p>\n<p>\u0422\u0435\u043b: <a href=\"https:\/\/linnamuuseum.ee\/en\/museum-of-photography\/museum-photography-old-town-jail\/staff\/(+372)53097535\">(+372)5309 7535<\/a><br \/>\nE-mail:\u00a0\u00a0<a data-enc-email=\"sbgb[at]yvaanzhhfrhz.rr\" data-wpel-link=\"ignore\"><span id=\"eeb-253315-304451\">foto@linnamuuseum.ee<\/span><\/a><\/p>\n<p>&nbsp;<\/p>\n<p id=\"tw-target-text\" dir=\"ltr\" data-placeholder=\"Translation\"><strong><span lang=\"ru\">\u041c\u0415\u0421\u0422\u041e \u041d\u0410\u0425\u041e\u0416\u0414\u0415\u041d\u0418\u042f<\/span><\/strong><\/p>\n<p dir=\"ltr\" data-placeholder=\"Translation\"><span lang=\"ru\">V\u00e4ike-P\u00e4\u00e4sukese 5 <\/span><\/p>\n<p><a class=\"ostabutton\" href=\"https:\/\/goo.gl\/maps\/NFLZSvicoKeVqmdu5\"><span lang=\"ru\">\u043f\u043e\u0441\u043c\u043e\u0442\u0440\u0435\u0442\u044c \u043a\u0430\u0440\u0442\u0443<\/span><\/a><\/p>\n<p>&nbsp;<\/p>\n<ul class=\"row oi-gallery oi-gallery-1\" >\n<li class=\"col-xs-6 col-sm-4 col-md-3\">\n                        <a href=\"https:\/\/linnamuuseum.ee\/wp-content\/uploads\/2021\/11\/MK_4118-870x569.jpg\" class=\"gallery-thumb__url\" data-mh=\"gallery\">\n                            <span class=\"gallery-thumb__image card-img-top\"><img loading=\"lazy\" decoding=\"async\" src=\"https:\/\/linnamuuseum.ee\/wp-content\/uploads\/2021\/11\/MK_4118-250x250.jpg\" alt=\"_MK_4118\" width=\"250\" height=\"250\" \/><\/span>\n                            \n                        <\/a>\n                    <\/li>\n<li class=\"col-xs-6 col-sm-4 col-md-3\">\n                        <a href=\"https:\/\/linnamuuseum.ee\/wp-content\/uploads\/2021\/11\/MK_4763-870x558.jpg\" class=\"gallery-thumb__url\" data-mh=\"gallery\">\n                            <span class=\"gallery-thumb__image card-img-top\"><img loading=\"lazy\" decoding=\"async\" src=\"https:\/\/linnamuuseum.ee\/wp-content\/uploads\/2021\/11\/MK_4763-250x250.jpg\" alt=\"_MK_4763\" width=\"250\" height=\"250\" \/><\/span>\n                            \n                        <\/a>\n                    <\/li>\n<li class=\"col-xs-6 col-sm-4 col-md-3\">\n                        <a href=\"https:\/\/linnamuuseum.ee\/wp-content\/uploads\/2021\/11\/MK_4733-870x593.jpg\" class=\"gallery-thumb__url\" data-mh=\"gallery\">\n                            <span class=\"gallery-thumb__image card-img-top\"><img loading=\"lazy\" decoding=\"async\" src=\"https:\/\/linnamuuseum.ee\/wp-content\/uploads\/2021\/11\/MK_4733-250x250.jpg\" alt=\"_MK_4733\" width=\"250\" height=\"250\" \/><\/span>\n                            \n                        <\/a>\n                    <\/li>\n<li class=\"col-xs-6 col-sm-4 col-md-3\">\n                        <a href=\"https:\/\/linnamuuseum.ee\/wp-content\/uploads\/2021\/11\/MK_4708-870x588.jpg\" class=\"gallery-thumb__url\" data-mh=\"gallery\">\n                            <span class=\"gallery-thumb__image card-img-top\"><img loading=\"lazy\" decoding=\"async\" src=\"https:\/\/linnamuuseum.ee\/wp-content\/uploads\/2021\/11\/MK_4708-250x250.jpg\" alt=\"_MK_4708\" width=\"250\" height=\"250\" \/><\/span>\n                            \n                        <\/a>\n                    <\/li>\n<li class=\"col-xs-6 col-sm-4 col-md-3\">\n                        <a href=\"https:\/\/linnamuuseum.ee\/wp-content\/uploads\/2021\/11\/MK_4797-870x585.jpg\" class=\"gallery-thumb__url\" data-mh=\"gallery\">\n                            <span class=\"gallery-thumb__image card-img-top\"><img loading=\"lazy\" decoding=\"async\" src=\"https:\/\/linnamuuseum.ee\/wp-content\/uploads\/2021\/11\/MK_4797-250x250.jpg\" alt=\"_MK_4797\" width=\"250\" height=\"250\" \/><\/span>\n                            \n                        <\/a>\n                    <\/li>\n<li class=\"col-xs-6 col-sm-4 col-md-3\">\n                        <a href=\"https:\/\/linnamuuseum.ee\/wp-content\/uploads\/2021\/11\/MK_4799-870x580.jpg\" class=\"gallery-thumb__url\" data-mh=\"gallery\">\n                            <span class=\"gallery-thumb__image card-img-top\"><img loading=\"lazy\" decoding=\"async\" src=\"https:\/\/linnamuuseum.ee\/wp-content\/uploads\/2021\/11\/MK_4799-250x250.jpg\" alt=\"_MK_4799\" width=\"250\" height=\"250\" \/><\/span>\n                            \n                        <\/a>\n                    <\/li>\n<li class=\"col-xs-6 col-sm-4 col-md-3\">\n                        <a href=\"https:\/\/linnamuuseum.ee\/wp-content\/uploads\/2021\/11\/MK_4930-870x588.jpg\" class=\"gallery-thumb__url\" data-mh=\"gallery\">\n                            <span class=\"gallery-thumb__image card-img-top\"><img loading=\"lazy\" decoding=\"async\" src=\"https:\/\/linnamuuseum.ee\/wp-content\/uploads\/2021\/11\/MK_4930-250x250.jpg\" alt=\"_MK_4930\" width=\"250\" height=\"250\" \/><\/span>\n                            \n                        <\/a>\n                    <\/li>\n<li class=\"col-xs-6 col-sm-4 col-md-3\">\n                        <a href=\"https:\/\/linnamuuseum.ee\/wp-content\/uploads\/2021\/11\/MK_4772-870x591.jpg\" class=\"gallery-thumb__url\" data-mh=\"gallery\">\n                            <span class=\"gallery-thumb__image card-img-top\"><img loading=\"lazy\" decoding=\"async\" src=\"https:\/\/linnamuuseum.ee\/wp-content\/uploads\/2021\/11\/MK_4772-250x250.jpg\" alt=\"_MK_4772\" width=\"250\" height=\"250\" \/><\/span>\n                            \n                        <\/a>\n                    <\/li>\n<\/ul>\n<p>&nbsp;<\/p>\n<p>&nbsp;<\/p>\n","protected":false},"excerpt":{"rendered":"<p>\u041c\u0415\u0421\u0422\u041e \u041d\u0410\u0425\u041e\u0416\u0414\u0415\u041d\u0418\u042f V\u00e4ike-P\u00e4\u00e4suke 5 \u0413\u0430\u043b\u0435\u0440\u0435\u044f Seek, \u0440\u0430\u0441\u043f\u043e\u043b\u043e\u0436\u0435\u043d\u043d\u0430\u044f \u0440\u044f\u0434\u043e\u043c \u0441 \u0442\u043e\u0440\u0433\u043e\u0432\u044b\u043c \u0446\u0435\u043d\u0442\u0440\u043e\u043c Stockmann \u043d\u0430 \u0443\u043b\u0438\u0446\u0435 R\u00e4vala pst, \u044f\u0432\u043b\u044f\u0435\u0442\u0441\u044f \u0432\u044b\u0441\u0442\u0430\u0432\u043e\u0447\u043d\u044b\u043c \u043f\u0430\u0432\u0438\u043b\u044c\u043e\u043d\u043e\u043c \u041c\u0443\u0437\u0435\u044f \u0444\u043e\u0442\u043e\u0433\u0440\u0430\u0444\u0438\u0438. \u0412 \u0433\u0430\u043b\u0435\u0440\u0435\u0435 Seek \u043f\u0440\u043e\u0432\u043e\u0434\u044f\u0442\u0441\u044f \u0432\u044b\u0441\u0442\u0430\u0432\u043a\u0438 \u0441\u043e\u0432\u0440\u0435\u043c\u0435\u043d\u043d\u043e\u0433\u043e \u0444\u043e\u0442\u043e-\u0438\u0441\u043a\u0443\u0441\u0441\u0442\u0432\u0430 \u0438 \u043f\u0440\u0435\u0434\u0441\u0442\u0430\u0432\u043b\u044f\u0435\u0442\u0441\u044f \u0444\u043e\u0442\u043e\u0433\u0440\u0430\u0444\u0438\u0447\u0435\u0441\u043a\u043e\u0435 \u043d\u0430\u0441\u043b\u0435\u0434\u0438\u0435 \u042d\u0441\u0442\u043e\u043d\u0438\u0438. \u0412 \u0437\u0434\u0430\u043d\u0438\u0438 \u0442\u0430\u043a\u0436\u0435 \u044d\u043a\u0441\u043f\u043e\u043d\u0438\u0440\u0443\u044e\u0442\u0441\u044f \u0440\u0443\u0438\u043d\u044b, \u043e\u0442\u043d\u043e\u0441\u044f\u0449\u0438\u0435\u0441\u044f \u043a \u043a\u043e\u043c\u043f\u043b\u0435\u043a\u0441\u0443 \u0446\u0435\u0440\u043a\u0432\u0438 \u0421\u0432\u044f\u0442\u043e\u0433\u043e \u0418\u043e\u0430\u043d\u043d\u0430 XIII-XIV \u0432\u0435\u043a\u043e\u0432. &nbsp; \u0411\u0415\u0421\u041f\u041b\u0410\u0422\u041d\u041e\u0415 \u041f\u041e\u0421\u0415\u0429\u0415\u041d\u0418\u0415 \u041c\u0423\u0417\u0415\u042f \u0412 \u00ab\u041c\u0443\u0437\u0435\u0439\u043d\u044b\u0435 \u0432\u043e\u0441\u043a\u0440\u0435\u0441\u0435\u043d\u044c\u044f\u00bb \u0440\u0430\u0437 \u0432 [&hellip;]<\/p>\n","protected":false},"author":21,"featured_media":0,"parent":56892,"menu_order":6,"comment_status":"closed","ping_status":"closed","template":"","meta":{"footnotes":""},"class_list":["post-56894","page","type-page","status-publish","hentry"],"_links":{"self":[{"href":"https:\/\/linnamuuseum.ee\/ru\/wp-json\/wp\/v2\/pages\/56894"}],"collection":[{"href":"https:\/\/linnamuuseum.ee\/ru\/wp-json\/wp\/v2\/pages"}],"about":[{"href":"https:\/\/linnamuuseum.ee\/ru\/wp-json\/wp\/v2\/types\/page"}],"author":[{"embeddable":true,"href":"https:\/\/linnamuuseum.ee\/ru\/wp-json\/wp\/v2\/users\/21"}],"replies":[{"embeddable":true,"href":"https:\/\/linnamuuseum.ee\/ru\/wp-json\/wp\/v2\/comments?post=56894"}],"version-history":[{"count":5,"href":"https:\/\/linnamuuseum.ee\/ru\/wp-json\/wp\/v2\/pages\/56894\/revisions"}],"predecessor-version":[{"id":97291,"href":"https:\/\/linnamuuseum.ee\/ru\/wp-json\/wp\/v2\/pages\/56894\/revisions\/97291"}],"up":[{"embeddable":true,"href":"https:\/\/linnamuuseum.ee\/ru\/wp-json\/wp\/v2\/pages\/56892"}],"wp:attachment":[{"href":"https:\/\/linnamuuseum.ee\/ru\/wp-json\/wp\/v2\/media?parent=56894"}],"curies":[{"name":"wp","href":"https:\/\/api.w.org\/{rel}","templated":true}]}}