{"id":6628,"date":"2017-01-09T13:24:08","date_gmt":"2017-01-09T11:24:08","guid":{"rendered":"http:\/\/www.linnamuuseum.ee\/peetrimaja-rus\/meedia-pm\/"},"modified":"2021-03-24T08:57:30","modified_gmt":"2021-03-24T06:57:30","slug":"meedia-pm","status":"publish","type":"page","link":"https:\/\/linnamuuseum.ee\/ru\/peetrimaja-rus\/meedia-pm\/","title":{"rendered":"\u0421\u041c\u0418 \u043e \u043d\u0430\u0441"},"content":{"rendered":"<p>2021<\/p>\n<p><strong>23 \u043c\u0430\u0440\u0442\u0430<\/strong> <a href=\"https:\/\/www.youtube.com\/watch?v=SoE1JscPgvc\">&#171;\u0413\u043e\u0440\u043e\u0434\u0441\u043a\u043e\u0439 \u043c\u0443\u0437\u0435\u0439 \u043f\u0440\u0435\u0434\u043b\u0430\u0433\u0430\u0435\u0442 \u0434\u043e\u0441\u0443\u0433 \u0438 \u0432\u043e \u0432\u0440\u0435\u043c\u044f \u043b\u043e\u043a\u0434\u0430\u0443\u043d\u0430&#187;<\/a><\/p>\n<p>&nbsp;<\/p>\n<dl>\n<dt><\/dt>\n<dt><\/dt>\n<dt><\/dt>\n<dt>2019<\/dt>\n<dd><b>27 \u0430\u0432\u0433\u0443\u0441\u0442\u0430<\/b> <a href=\"https:\/\/rus.postimees.ee\/6762948\/iskusstvo-petrovskoy-taynopisi\" target=\"_blank;\" rel=\"noopener noreferrer\">Postimees. &#171;\u0418\u0441\u043a\u0443\u0441\u0441\u0442\u0432\u043e \u043f\u0435\u0442\u0440\u043e\u0432\u0441\u043a\u043e\u0439 \u0442\u0430\u0439\u043d\u043e\u043f\u0438\u0441\u0438&#187;<\/a><\/dd>\n<dd><b>22 \u0438\u044e\u043b\u044f<\/b> <a href=\"https:\/\/ee.sputniknews.ru\/estonian_news\/20190722\/17284448\/Tri-dnya-prazdnika-kak-otmetil-den-rozhdeniya-stolichnyy-Kadriorg-.html\" target=\"_blank;\" rel=\"noopener noreferrer\">Sputnik. &#171;\u0422\u0440\u0438 \u0434\u043d\u044f \u043f\u0440\u0430\u0437\u0434\u043d\u0438\u043a\u0430: \u043a\u0430\u043a \u043e\u0442\u043c\u0435\u0442\u0438\u043b \u0434\u0435\u043d\u044c \u0440\u043e\u0436\u0434\u0435\u043d\u0438\u044f \u0441\u0442\u043e\u043b\u0438\u0447\u043d\u044b\u0439 \u041a\u0430\u0434\u0440\u0438\u043e\u0440\u0433&#187;<\/a><\/dd>\n<dd><b>6 \u0438\u044e\u043d\u044f<\/b> <a href=\"https:\/\/sputnik-news.ee\/culture\/20190606\/16597603\/Peetrilinn-Tallinn-osutus-auhinna-vriliseks.html\" target=\"_blank;\" rel=\"noopener noreferrer\">Sputnik. &#171;&#8216;Peetrilinn&#8217; Tallinn osutus auhinna v\u00e4\u00e4riliseks&#187; (\u043d\u0430 \u044d\u0441\u0442\u043e\u043d\u0441\u043a\u043e\u043c \u044f\u0437\u044b\u043a\u0435)<\/a><\/dd>\n<dd><b>3 \u0444\u0435\u0432\u0440\u0430\u043b\u044f<\/b> <a href=\"https:\/\/ee.sputniknews.ru\/society\/20190203\/14892395\/beremennaya-bochka-Petr-Pervyy-vino.html\" target=\"_blank;\" rel=\"noopener noreferrer\">Sputnik. &#171;\u0427\u0442\u043e \u043f\u0440\u044f\u0442\u0430\u043b\u0430 \u0432 \u0441\u0435\u0431\u0435 &#8216;\u0431\u0435\u0440\u0435\u043c\u0435\u043d\u043d\u0430\u044f&#8217; \u0431\u043e\u0447\u043a\u0430 \u0432\u043e \u0432\u0440\u0435\u043c\u0435\u043d\u0430 \u041f\u0435\u0442\u0440\u0430 \u041f\u0435\u0440\u0432\u043e\u0433\u043e&#187;<\/a><\/dd>\n<\/dl>\n<p>&nbsp;<\/p>\n<dl>\n<dt>2018<\/dt>\n<dd><b>26 \u043e\u043a\u0442\u044f\u0431\u0440\u044f<\/b> <a href=\"https:\/\/www.arte.tv\/fr\/videos\/085600-000-A\/tallinn-la-tsarine-de-l-estonie\" target=\"_blank;\" rel=\"noopener noreferrer\">Arte TV. &#171;Tallinn, la tsarine de l\u2019Estonie. Invitation au Voyage&#187; (\u043d\u0430 \u0444\u0440\u0430\u043d\u0446\u0443\u0437\u0441\u043a\u043e\u043c \u044f\u0437\u044b\u043a\u0435)<\/a><\/dd>\n<dd><b>\u0430\u0432\u0433\u0443\u0441\u0442<\/b> <a href=\"https:\/\/www.narva.ut.ee\/sites\/default\/files\/nc\/mitmekeelne_haridus._nr_3._koosope_-_voimaluste_teostamine.pdf\" target=\"_blank;\" rel=\"noopener noreferrer\">Mitmekeelne haridus. 2018\/3 &#171;\u041f\u0443\u0442\u0435\u0448\u0435\u0441\u0442\u0432\u0438\u0435 \u0432 \u0438\u0441\u0442\u043e\u0440\u0438\u044e: \u0438\u043d\u0442\u0435\u0440\u0435\u0441\u043d\u043e, \u043b\u0435\u0433\u043a\u043e, \u0432\u0435\u0441\u0435\u043b\u043e!&#187;<\/a><\/dd>\n<dd><b>21 \u0438\u044e\u043b\u044f<\/b> <a href=\"https:\/\/www.vecherka.ee\/749590\/5-faktov-o-parke-kadriorg-kotorye-vy-mogli-ne-znat\" target=\"_blank;\" rel=\"noopener noreferrer\">Vecherka. &#171;5 \u0444\u0430\u043a\u0442\u043e\u0432 \u043e \u043f\u0430\u0440\u043a\u0435 \u041a\u0430\u0434\u0440\u0438\u043e\u0440\u0433, \u043a\u043e\u0442\u043e\u0440\u044b\u0435 \u0432\u044b \u043c\u043e\u0433\u043b\u0438 \u043d\u0435 \u0437\u043d\u0430\u0442\u044c&#187;<\/a><\/dd>\n<dd><b>20 \u0438\u044e\u043b\u044f<\/b> <a href=\"https:\/\/sputnik-news.ee\/infographics\/20180720\/11746944\/Kadriorg-saab-300-aastaseks.html\" target=\"_blank;\" rel=\"noopener noreferrer\">Sputnik. &#171;Kadriorg saab 300-aastaseks&#187; <\/a><\/dd>\n<dd><b>19 \u043c\u0430\u044f<\/b> <a href=\"https:\/\/youtu.be\/1QWs5O_o6wg\" target=\"_blank;\" rel=\"noopener noreferrer\">ETV. Aktuaalne kaamera. &#171;\u041c\u0443\u0437\u0435\u0439\u043d\u0430\u044f \u043d\u043e\u0447\u044c 2018&#187; (\u043d\u0430 \u044d\u0441\u0442\u043e\u043d\u0441\u043a\u043e\u043c \u044f\u0437\u044b\u043a\u0435) <\/a><\/dd>\n<dd><b>\u0444\u0435\u0432\u0440\u0430\u043b\u044c<\/b> <a href=\"https:\/\/drive.google.com\/file\/d\/1eRYhL4xm_P2iJcWldYPAhM9j6lO9xwOA\/view\" target=\"_blank;\" rel=\"noopener noreferrer\">\u0416\u0443\u0440\u043d\u0430\u043b &#171;\u042f\u043d\u0430&#187;. &#171;\u0415\u043a\u0430\u0442\u0435\u0440\u0438\u043d\u0435\u043d\u0442\u0430\u043b\u044c: \u0438\u0441\u0442\u043e\u0440\u0438\u044f \u043b\u044e\u0431\u0432\u0438&#187;<\/a><\/dd>\n<dd><b>25 \u044f\u043d\u0432\u0430\u0440\u044f<\/b> <a href=\"https:\/\/www.youtube.com\/watch?v=LFT4eF2ik4c\" target=\"_blank;\" rel=\"noopener noreferrer\">ETV+. &#171;\u0411\u044b\u043b\u044b\u0435 \u0432\u0440\u0435\u043c\u0435\u043d\u0430. \u0412\u044b\u043f\u0443\u0441\u043a 4&#187; <\/a><\/dd>\n<\/dl>\n<p>&nbsp;<\/p>\n<dl>\n<dt>2017<\/dt>\n<dd><b>17 \u0434\u0435\u043a\u0430\u0431\u0440\u044f<\/b> <a href=\"https:\/\/ru.sputnik-news.ee\/society\/20171217\/8448700\/Ogni-i-blesk-Novogo-goda-kogo-pugajut-fejerverkami.html\" target=\"_blank;\" rel=\"noopener noreferrer\">Sputnik. &#171;&#8216;\u041e\u0433\u043d\u0438 \u0438 \u0431\u043b\u0435\u0441\u043a \u041d\u043e\u0432\u043e\u0433\u043e \u0433\u043e\u0434\u0430&#8217;: \u043a\u043e\u0433\u043e \u043f\u0443\u0433\u0430\u044e\u0442 \u0444\u0435\u0439\u0435\u0440\u0432\u0435\u0440\u043a\u0430\u043c\u0438?&#187;<\/a><\/dd>\n<dd><b>24 \u043e\u043a\u0442\u044f\u0431\u0440\u044f<\/b> <a href=\"https:\/\/www.youtube.com\/watch?v=dZPEvAWakLE\" target=\"_blank;\" rel=\"noopener noreferrer\">\u041f\u0411\u041a. \u0414\u043e\u0431\u0440\u043e\u0435 \u0443\u0442\u0440\u043e, \u0422\u0430\u043b\u043b\u0438\u043d\u043d! &#171;\u041c\u0443\u0437\u0435\u0439\u043d\u044b\u0439 \u043f\u0435\u0434\u0430\u0433\u043e\u0433 \u0440\u0430\u0441\u0441\u043a\u0430\u0437\u044b\u0432\u0430\u0435\u0442 \u043e \u043c\u0435\u0440\u043e\u043f\u0440\u0438\u044f\u0442\u0438\u044f\u0445 \u043d\u0430 \u043a\u0430\u043d\u0438\u043a\u0443\u043b\u0430\u0445&#187;<\/a><\/dd>\n<dd><b>26 \u0438\u044e\u043b\u044f<\/b> <a href=\"https:\/\/theculturetrip.com\/europe\/estonia\/articles\/top-10-museums-tallinn-estonia\/\" target=\"_blank;\" rel=\"noopener noreferrer\">theculturetrip.com &#171;The Top 10 Museums in Tallinn, Estonia&#187;<\/a><\/dd>\n<dd><b>23 \u0438\u044e\u043b\u044f<\/b> <a href=\"https:\/\/ee.sputniknews.ru\/radio\/20170723\/6549088\/jekspert-unikalnom-portrete-original-tallinne-tretjakovke-kopija.html\" target=\"_blank;\" rel=\"noopener noreferrer\">Sputnik. &#171;\u042d\u043a\u0441\u043f\u0435\u0440\u0442 \u043e\u0431 \u0443\u043d\u0438\u043a\u0430\u043b\u044c\u043d\u043e\u043c \u043f\u043e\u0440\u0442\u0440\u0435\u0442\u0435: \u043e\u0440\u0438\u0433\u0438\u043d\u0430\u043b \u0432 \u0422\u0430\u043b\u043b\u0438\u043d\u043d\u0435, \u0432 \u0422\u0440\u0435\u0442\u044c\u044f\u043a\u043e\u0432\u043a\u0435 &#8212; \u043a\u043e\u043f\u0438\u044f&#187;<\/a><\/dd>\n<dd><b>22 \u0438\u044e\u043b\u044f<\/b> <a href=\"https:\/\/youtu.be\/reEGTwZ4di4\" target=\"_blank;\" rel=\"noopener noreferrer\">TallinnaTV &#171;Kadrioru park t\u00e4histas oma 299. s\u00fcnnip\u00e4eva&#187; (\u043d\u0430 \u044d\u0441\u0442\u043e\u043d\u0441\u043a\u043e\u043c \u044f\u0437\u044b\u043a\u0435)<\/a><\/dd>\n<\/dl>\n<p>&nbsp;<\/p>\n<dl>\n<dt>2016<\/dt>\n<dd><b>15 \u0434\u0435\u043a\u0430\u0431\u0440\u044f<\/b>\u00a0<a href=\"http:\/\/etvpluss.err.ee\/v\/kultuur\/rabarber\/videod\/15ece237-e869-4133-8f06-da6ad70c21fa\/dom-muzey-petra-pervogo-zhdet-gostey\" target=\"_blank;\" rel=\"noopener noreferrer\">ETV+ Rabarbar. \u041d\u0430\u0448\u0430 \u043a\u0443\u043b\u044c\u0442\u0443\u0440\u0430. &#171;\u0414\u043e\u043c-\u043c\u0443\u0437\u0435\u0439 \u041f\u0435\u0442\u0440\u0430 \u041f\u0435\u0440\u0432\u043e\u0433\u043e \u0436\u0434\u0435\u0442 \u0433\u043e\u0441\u0442\u0435\u0439&#187;<\/a><\/dd>\n<dd><b>09 \u0441\u0435\u043d\u0442\u044f\u0431\u0440\u044f<\/b>\u00a0<a href=\"http:\/\/www.linnaleht.ee\/pdf\/tallinn-rus\/2016-09-09.pdf\" target=\"_blank;\" rel=\"noopener noreferrer\">Linnaleht. &#171;\u041c\u0443\u0437\u0435\u044e \u041f\u0435\u0442\u0440\u0430 &#8212; 210&#187;<\/a><br \/>\n<a href=\"https:\/\/docs.google.com\/uc?export=download&amp;id=0B8CIu4rEGhqQWnhaUUpnNERPTkU\" target=\"_blank;\" rel=\"noopener noreferrer\"><img decoding=\"async\" src=\"\/\/www.smorzhevskihh.com\/Images\/bullet-acrobat.png\" \/><\/a><\/dd>\n<dd><b>23 \u0438\u044e\u043b\u044f<\/b>\u00a0<a href=\"http:\/\/www.vecherka.ee\/749590\/5-faktov-o-parke-kadriorg-kotorye-vy-mogli-ne-znat\" target=\"_blank;\" rel=\"noopener noreferrer\">Vecherka. &#171;5 \u0444\u0430\u043a\u0442\u043e\u0432 \u043e \u043f\u0430\u0440\u043a\u0435 \u041a\u0430\u0434\u0440\u0438\u043e\u0440\u0433, \u043a\u043e\u0442\u043e\u0440\u044b\u0435 \u0432\u044b \u043c\u043e\u0433\u043b\u0438 \u043d\u0435 \u0437\u043d\u0430\u0442\u044c&#187;<\/a><\/dd>\n<dd><b>17 \u0438\u044e\u043d\u044f<\/b>\u00a0<a href=\"https:\/\/www.youtube.com\/watch?v=08-KK9IUscw\" target=\"_blank;\" rel=\"noopener noreferrer\">PBK. Eesti Uudised. &#171;\u0414\u043e\u043c\u0438\u043a \u041f\u0435\u0442\u0440\u0430 \u041f\u0435\u0440\u0432\u043e\u0433\u043e \u0432 \u041a\u0430\u0434\u0440\u0438\u043e\u0440\u0433\u0435 \u043e\u0442\u043c\u0435\u0447\u0430\u0435\u0442 \u0441\u0432\u043e\u0439 \u044e\u0431\u0438\u043b\u0435\u0439 \u044d\u043a\u0441\u043a\u0443\u0440\u0441\u0438\u044f\u043c\u0438&#187;<\/a><\/dd>\n<dd><b>14 \u0430\u043f\u0440\u0435\u043b\u044f<\/b>\u00a0<a href=\"http:\/\/www.rtr.spb.ru\/Radio_ru\/First_Person\/news_detail_v.asp?id=11961\" target=\"_blank;\" rel=\"noopener noreferrer\">\u0420\u0430\u0434\u0438\u043e \u0420\u043e\u0441\u0441\u0438\u0438. \u0421\u0430\u043d\u043a\u0442-\u041f\u0435\u0442\u0435\u0440\u0431\u0443\u0440\u0433. \u0413\u043e\u0440\u043e\u0434\u0441\u043a\u043e\u0439 \u043d\u0430\u0431\u043b\u044e\u0434\u0430\u0442\u0435\u043b\u044c. 0:38-13:00 Maria Smor\u017eevskihh-Smirnova r\u00e4\u00e4gib muuseumist, 2. osa<\/a><\/dd>\n<dd><b>10 \u043c\u0430\u0440\u0442\u0430\u00a0<\/b><a href=\"http:\/\/www.rtr.spb.ru\/Radio_ru\/First_Person\/news_detail_v.asp?id=11606\" target=\"_blank;\" rel=\"noopener noreferrer\">\u0420\u0430\u0434\u0438\u043e \u0420\u043e\u0441\u0441\u0438\u0438. \u0421\u0430\u043d\u043a\u0442-\u041f\u0435\u0442\u0435\u0440\u0431\u0443\u0440\u0433. \u0413\u043e\u0440\u043e\u0434\u0441\u043a\u043e\u0439 \u043d\u0430\u0431\u043b\u044e\u0434\u0430\u0442\u0435\u043b\u044c. 2:58-13:15 Maria Smor\u017eevskihh-Smirnova r\u00e4\u00e4gib muuseumist, 1. osa <\/a><\/dd>\n<dd><b>\u043c\u0430\u0440\u0442<\/b>\u00a0<a href=\"http:\/\/tv3play.tv3.ee\/sisu\/nurgakivi\/719510\" target=\"_blank;\" rel=\"noopener noreferrer\">TV3. Nurgakivi: Peeter I majamuuseum<\/a><\/dd>\n<\/dl>\n<p>&nbsp;<\/p>\n<dl>\n<dt>2015<\/dt>\n<dd><b>\u043d\u043e\u044f\u0431\u0440\u044c\u00a0<\/b><a href=\"https:\/\/issuu.com\/puhkuseestis\/docs\/tere_tulemast_tallinna_talv_2015\" target=\"_blank;\" rel=\"noopener noreferrer\">Puhkus Eestis. \u0414\u043e\u0431\u0440\u043e \u043f\u043e\u0436\u0430\u043b\u043e\u0432\u0430\u0442\u044c \u0432 \u0422\u0430\u043b\u043b\u0438\u043d\u043d 2015\/2016. lk. 51-53- &#171;\u041f\u0430\u0440\u043a, \u0432 \u043a\u043e\u0442\u043e\u0440\u043e\u043c \u0433\u0443\u043b\u044f\u043b\u0430 \u0415\u043a\u0430\u0442\u0435\u0440\u0438\u043d\u0430&#187; <\/a><\/dd>\n<\/dl>\n<p>&nbsp;<\/p>\n<dl>\n<dt>2014<\/dt>\n<dd><b>21 \u043d\u043e\u044f\u0431\u0440\u0430\u044f\u00a0<\/b><a href=\"http:\/\/www.pealinn.ee\/newset\/peeter-i-majamuuseum-tutvustab-tsaaripere-kunstiteoseid-n25772\" target=\"_blank;\" rel=\"noopener noreferrer\">Pealinn. &#171;Peeter I Majamuuseum tutvustab tsaaripere kunstiteoseid&#187;<\/a><\/dd>\n<\/dl>\n<p>&nbsp;<\/p>\n<dl>\n<dt>2006<\/dt>\n<dd><b>10 \u043c\u0430\u044f\u00a0<\/b><a href=\"http:\/\/www.kesknadal.ee\/g2\/uudised?id=7109\" target=\"_blank;\" rel=\"noopener noreferrer\">Keskn\u00e4dal. &#171;Peeter I majamuuseum Kadriorus&#187;<\/a><\/dd>\n<\/dl>\n","protected":false},"excerpt":{"rendered":"<p>2021 23 \u043c\u0430\u0440\u0442\u0430 &#171;\u0413\u043e\u0440\u043e\u0434\u0441\u043a\u043e\u0439 \u043c\u0443\u0437\u0435\u0439 \u043f\u0440\u0435\u0434\u043b\u0430\u0433\u0430\u0435\u0442 \u0434\u043e\u0441\u0443\u0433 \u0438 \u0432\u043e \u0432\u0440\u0435\u043c\u044f \u043b\u043e\u043a\u0434\u0430\u0443\u043d\u0430&#187; &nbsp; 2019 27 \u0430\u0432\u0433\u0443\u0441\u0442\u0430 Postimees. &#171;\u0418\u0441\u043a\u0443\u0441\u0441\u0442\u0432\u043e \u043f\u0435\u0442\u0440\u043e\u0432\u0441\u043a\u043e\u0439 \u0442\u0430\u0439\u043d\u043e\u043f\u0438\u0441\u0438&#187; 22 \u0438\u044e\u043b\u044f Sputnik. &#171;\u0422\u0440\u0438 \u0434\u043d\u044f \u043f\u0440\u0430\u0437\u0434\u043d\u0438\u043a\u0430: \u043a\u0430\u043a \u043e\u0442\u043c\u0435\u0442\u0438\u043b \u0434\u0435\u043d\u044c \u0440\u043e\u0436\u0434\u0435\u043d\u0438\u044f \u0441\u0442\u043e\u043b\u0438\u0447\u043d\u044b\u0439 \u041a\u0430\u0434\u0440\u0438\u043e\u0440\u0433&#187; 6 \u0438\u044e\u043d\u044f Sputnik. &#171;&#8216;Peetrilinn&#8217; Tallinn osutus auhinna v\u00e4\u00e4riliseks&#187; (\u043d\u0430 \u044d\u0441\u0442\u043e\u043d\u0441\u043a\u043e\u043c \u044f\u0437\u044b\u043a\u0435) 3 \u0444\u0435\u0432\u0440\u0430\u043b\u044f Sputnik. &#171;\u0427\u0442\u043e \u043f\u0440\u044f\u0442\u0430\u043b\u0430 \u0432 \u0441\u0435\u0431\u0435 &#8216;\u0431\u0435\u0440\u0435\u043c\u0435\u043d\u043d\u0430\u044f&#8217; \u0431\u043e\u0447\u043a\u0430 \u0432\u043e \u0432\u0440\u0435\u043c\u0435\u043d\u0430 \u041f\u0435\u0442\u0440\u0430 \u041f\u0435\u0440\u0432\u043e\u0433\u043e&#187; [&hellip;]<\/p>\n","protected":false},"author":2,"featured_media":0,"parent":2166,"menu_order":11,"comment_status":"closed","ping_status":"closed","template":"","meta":{"footnotes":""},"class_list":["post-6628","page","type-page","status-publish","hentry"],"_links":{"self":[{"href":"https:\/\/linnamuuseum.ee\/ru\/wp-json\/wp\/v2\/pages\/6628"}],"collection":[{"href":"https:\/\/linnamuuseum.ee\/ru\/wp-json\/wp\/v2\/pages"}],"about":[{"href":"https:\/\/linnamuuseum.ee\/ru\/wp-json\/wp\/v2\/types\/page"}],"author":[{"embeddable":true,"href":"https:\/\/linnamuuseum.ee\/ru\/wp-json\/wp\/v2\/users\/2"}],"replies":[{"embeddable":true,"href":"https:\/\/linnamuuseum.ee\/ru\/wp-json\/wp\/v2\/comments?post=6628"}],"version-history":[{"count":5,"href":"https:\/\/linnamuuseum.ee\/ru\/wp-json\/wp\/v2\/pages\/6628\/revisions"}],"predecessor-version":[{"id":50074,"href":"https:\/\/linnamuuseum.ee\/ru\/wp-json\/wp\/v2\/pages\/6628\/revisions\/50074"}],"up":[{"embeddable":true,"href":"https:\/\/linnamuuseum.ee\/ru\/wp-json\/wp\/v2\/pages\/2166"}],"wp:attachment":[{"href":"https:\/\/linnamuuseum.ee\/ru\/wp-json\/wp\/v2\/media?parent=6628"}],"curies":[{"name":"wp","href":"https:\/\/api.w.org\/{rel}","templated":true}]}}