{"id":6903,"date":"2017-04-10T09:49:54","date_gmt":"2017-04-10T06:49:54","guid":{"rendered":"http:\/\/linnamuuseum.ee\/?page_id=6903\/"},"modified":"2017-04-10T09:50:32","modified_gmt":"2017-04-10T06:50:32","slug":"tallinna-linnamuuseumi-osakond-tallinna-vene-muuseum-ja-peeter-majamuuseum-otsib-pedagoogi","status":"publish","type":"page","link":"https:\/\/linnamuuseum.ee\/ru\/peetrimaja-rus\/tallinna-linnamuuseumi-osakond-tallinna-vene-muuseum-ja-peeter-majamuuseum-otsib-pedagoogi\/","title":{"rendered":"\u0422\u0430\u043b\u043b\u0438\u043d\u0441\u043a\u0438\u0439 \u0440\u0443\u0441\u0441\u043a\u0438\u0439 \u043c\u0443\u0437\u0435\u0439 \u0438 \u0414\u043e\u043c-\u043c\u0443\u0437\u0435\u0439 \u041f\u0435\u0442\u0440\u0430 I \u0438\u0449\u0435\u0442 \u043f\u0435\u0434\u0430\u0433\u043e\u0433\u0430"},"content":{"rendered":"<p><img decoding=\"async\" src=\"\/\/linnamuuseum.ee\/wp-content\/uploads\/2017\/01\/IMG_5786.jpg\" alt=\"\" width=\"500\" class=\"size-full wp-image-2464\" srcset=\"https:\/\/linnamuuseum.ee\/wp-content\/uploads\/2017\/01\/IMG_5786.jpg 1500w, https:\/\/linnamuuseum.ee\/wp-content\/uploads\/2017\/01\/IMG_5786-300x200.jpg 300w, https:\/\/linnamuuseum.ee\/wp-content\/uploads\/2017\/01\/IMG_5786-768x512.jpg 768w, https:\/\/linnamuuseum.ee\/wp-content\/uploads\/2017\/01\/IMG_5786-1024x683.jpg 1024w\" sizes=\"(max-width: 1500px) 100vw, 1500px\" \/><\/p>\n<p>Peeter I majamuuseum (M\u00e4ekalda 2) on Tallinna vanim muuseum, mis avatud huvilistele juba 1806. aastast.  Muuseumi ekspositsioonis on ainulaadseid esemeid, mis \u00fcmbritsesid Peeter I ja Katariina I igap\u00e4evaelus. Vanalinnas paiknev Tallinna vene  muuseum (Pikk 29A) asub keskaegses hoones, mille esmamainimine j\u00e4\u00e4b 15. sajandisse. 20. sajandi alguses tegutses hoones ka Ants Laikmaa kunstiateljee. Tallinna vene  muuseum keskendub Tallinna vene kultuuri ajaloole. <\/p>\n<p><strong>T\u00f6\u00f6\u00fclesanded<\/strong><br \/>\n\u2022  haridusprogrammide l\u00e4biviimine ja uute v\u00e4ljat\u00f6\u00f6tamine<br \/>\n\u2022  ekskursioonide l\u00e4biviimine<br \/>\n\u2022  haridust puudutavate infokirjade koostamine ja levitamine<br \/>\n\u2022  \u00fcrituste korraldamine<\/p>\n<p><strong>N\u00f5udmised kandidaadile<\/strong><br \/>\n\u2022  ajaloo, kultuurilooline v\u00f5i pedagoogikaalane k\u00f5rgharidus<br \/>\n\u2022  eesti ja vene keele oskus k\u00f5rgtasemel<br \/>\n\u2022  inglise v\u00f5i soome keele oskus suhtlustasandil<br \/>\n\u2022  huvi muuseumit\u00f6\u00f6 vastu<br \/>\n\u2022  v\u00e4ga hea suhtlemis- ja esinemisoskus<br \/>\n\u2022  otsustus- ja vastutusv\u00f5ime oma kohustuste t\u00e4itmisel<\/p>\n<p><strong>Kasuks tuleb<\/strong><br \/>\n\u2022  eelnev t\u00f6\u00f6kogemus pedagoogina<\/p>\n<p><strong>Omalt poolt pakume<\/strong><br \/>\n\u2022  huvitavat ja vaheldusrikast t\u00f6\u00f6d<br \/>\n\u2022  meeldivat kaasaegset t\u00f6\u00f6keskkonda Kadriorus ja Tallinna vanalinnas<br \/>\n\u2022  erialaseid t\u00e4iendkoolitusi<br \/>\n\u2022  asjatundlikku ja meeldivat kollektiivi<br \/>\n\u2022  v\u00f5imalust ennast teostada<\/p>\n<p><strong>Kandideerimiseks palume saata CV ja motivatsioonikiri aadressile <a href=\"mailto:elen.tisler@linnamuuseum.ee\">elen.tisler@linnamuuseum.ee<\/a> <\/strong><\/p>\n<p>T\u00e4iendavate k\u00fcsimuste korral palun p\u00f6\u00f6rduda Maria Smor\u017eevskihh-Smirnova poole telefonil 5887 6711 v\u00f5i e-posti teel <a href=\"mailto:maria.smorzevskihh@linnamuuseum.ee\">maria.smorzevskihh@linnamuuseum.ee<\/a><\/p>\n","protected":false},"excerpt":{"rendered":"<p>Peeter I majamuuseum (M\u00e4ekalda 2) on Tallinna vanim muuseum, mis avatud huvilistele juba 1806. aastast. Muuseumi ekspositsioonis on ainulaadseid esemeid, mis \u00fcmbritsesid Peeter I ja Katariina I igap\u00e4evaelus. Vanalinnas paiknev Tallinna vene muuseum (Pikk 29A) asub keskaegses hoones, mille esmamainimine j\u00e4\u00e4b 15. sajandisse. 20. sajandi alguses tegutses hoones ka Ants Laikmaa kunstiateljee. Tallinna vene muuseum [&hellip;]<\/p>\n","protected":false},"author":2,"featured_media":0,"parent":2166,"menu_order":4,"comment_status":"closed","ping_status":"closed","template":"","meta":{"footnotes":""},"class_list":["post-6903","page","type-page","status-publish","hentry"],"_links":{"self":[{"href":"https:\/\/linnamuuseum.ee\/ru\/wp-json\/wp\/v2\/pages\/6903"}],"collection":[{"href":"https:\/\/linnamuuseum.ee\/ru\/wp-json\/wp\/v2\/pages"}],"about":[{"href":"https:\/\/linnamuuseum.ee\/ru\/wp-json\/wp\/v2\/types\/page"}],"author":[{"embeddable":true,"href":"https:\/\/linnamuuseum.ee\/ru\/wp-json\/wp\/v2\/users\/2"}],"replies":[{"embeddable":true,"href":"https:\/\/linnamuuseum.ee\/ru\/wp-json\/wp\/v2\/comments?post=6903"}],"version-history":[{"count":2,"href":"https:\/\/linnamuuseum.ee\/ru\/wp-json\/wp\/v2\/pages\/6903\/revisions"}],"predecessor-version":[{"id":6905,"href":"https:\/\/linnamuuseum.ee\/ru\/wp-json\/wp\/v2\/pages\/6903\/revisions\/6905"}],"up":[{"embeddable":true,"href":"https:\/\/linnamuuseum.ee\/ru\/wp-json\/wp\/v2\/pages\/2166"}],"wp:attachment":[{"href":"https:\/\/linnamuuseum.ee\/ru\/wp-json\/wp\/v2\/media?parent=6903"}],"curies":[{"name":"wp","href":"https:\/\/api.w.org\/{rel}","templated":true}]}}