{"id":73994,"date":"2017-01-21T14:11:34","date_gmt":"2017-01-21T12:11:34","guid":{"rendered":"https:\/\/linnamuuseum.ee\/kiek-in-de-kok\/tootajad\/"},"modified":"2025-11-04T10:08:53","modified_gmt":"2025-11-04T08:08:53","slug":"tootajad","status":"publish","type":"page","link":"https:\/\/linnamuuseum.ee\/ru\/kiek-in-de-kok\/tootajad\/","title":{"rendered":"\u0421\u041e\u0422\u0420\u0423\u0414\u041d\u0418\u041a\u0418"},"content":{"rendered":"<p><strong>Juhataja<\/strong><br \/>\nAnneli Jalava<br \/>\n+372 58558030<br \/>\n<a href=\"mailto:anneli.jalava@linnamuuseum.ee\">anneli.jalava@linnamuuseum.ee<\/a><\/p>\n<p><strong>\u00d5ppedisainer<br \/>\n<\/strong><span style=\"font-family: Roboto; color: black;\">Liia Kanem\u00e4gi<br style=\"box-sizing: border-box;\" \/>5855 9141<br style=\"box-sizing: border-box;\" \/><a style=\"box-sizing: border-box; box-shadow: none; transition: color 0.25s ease-in-out, background-color 0.25s ease-in-out;\" data-enc-email=\"Yvvn.Xnarzntv[at]yvaanzhhfrhz.rr\" data-wpel-link=\"ignore\"><b><span style=\"color: #025075;\"><span id=\"eeb-689879-309890\" style=\"box-sizing: border-box;\">Liia.Kanemagi@linnamuuseum.ee<\/span><\/span><\/b><\/a><\/span><\/p>\n<p><strong>Haldusspetsialist<\/strong><br \/>\nMarge V\u00e4ljari<br \/>\n5866 6002<br \/>\n<strong><a class=\"mail-link\" data-enc-email=\"znetr.inywnev[at]yvaanzhhfrhz.rr\" data-wpel-link=\"ignore\"><span id=\"eeb-464271-531022\">Marge.Valjari@linnamuuseum.ee<\/span><\/a><\/strong><\/p>\n<p><strong>K\u00fclastusjuhid <\/strong><\/p>\n<p style=\"background: white; margin: 0cm 0cm 8.25pt 0cm;\"><span style=\"font-family: Roboto; color: black;\">Arina Walter<\/span><br style=\"box-sizing: border-box;\" \/><a style=\"box-sizing: border-box; box-shadow: none; transition: color 0.25s ease-in-out, background-color 0.25s ease-in-out;\" data-enc-email=\"nevan.jnygre[at]yvaanzhhfrhz.rr\" data-wpel-link=\"ignore\"><b><span style=\"color: #025075;\"><span id=\"eeb-535097-133783\" style=\"box-sizing: border-box;\">arina.walter@linnamuuseum.ee<\/span><\/span><\/b><\/a><\/p>\n<p style=\"background: white; box-sizing: border-box; orphans: 3; widows: 3; font-variant-ligatures: normal; font-variant-caps: normal; text-align: start; -webkit-text-stroke-width: 0px; text-decoration-thickness: initial; text-decoration-style: initial; text-decoration-color: initial; word-spacing: 0px; margin: 0cm 0cm 8.25pt 0cm;\"><span style=\"font-family: Roboto; color: black;\">Hanna Raspel<br style=\"box-sizing: border-box;\" \/><a style=\"box-sizing: border-box; box-shadow: none; transition: color 0.25s ease-in-out, background-color 0.25s ease-in-out;\" data-enc-email=\"unaan.enfcry[at]yvaanzhhfrhz.rr\" data-wpel-link=\"ignore\"><b><span style=\"color: #025075;\"><span id=\"eeb-752048-3036\" style=\"box-sizing: border-box;\">hanna.raspel@linnamuuseum.ee<\/span><\/span><\/b><\/a><\/span><\/p>\n<p style=\"background: white; box-sizing: border-box; orphans: 3; widows: 3; font-variant-ligatures: normal; font-variant-caps: normal; text-align: start; -webkit-text-stroke-width: 0px; text-decoration-thickness: initial; text-decoration-style: initial; text-decoration-color: initial; word-spacing: 0px; margin: 0cm 0cm 8.25pt 0cm;\"><span style=\"font-family: Roboto; color: black;\">Hendrik-Julius Kits<br style=\"box-sizing: border-box;\" \/><a style=\"box-sizing: border-box; box-shadow: none; transition: color 0.25s ease-in-out, background-color 0.25s ease-in-out;\" data-enc-email=\"uraqevx-whyvhf.xvgf[at]yvaanzhhfrhz.rr\" data-wpel-link=\"ignore\"><b><span style=\"color: #025075;\"><span id=\"eeb-343145-325557\" style=\"box-sizing: border-box;\">hendrik-julius.kits@linnamuuseum.ee<\/span><\/span><\/b><\/a><\/span><\/p>\n<p style=\"background: white; box-sizing: border-box; orphans: 3; widows: 3; font-variant-ligatures: normal; font-variant-caps: normal; text-align: start; -webkit-text-stroke-width: 0px; text-decoration-thickness: initial; text-decoration-style: initial; text-decoration-color: initial; word-spacing: 0px; margin: 0cm 0cm 8.25pt 0cm;\"><span style=\"font-family: Roboto; color: black;\">Karl-Erik Talvet<br style=\"box-sizing: border-box;\" \/><a style=\"box-sizing: border-box; box-shadow: none; transition: color 0.25s ease-in-out, background-color 0.25s ease-in-out;\" data-enc-email=\"xney-revx.gnyirg[at]yvaanzhhfrhz.rr\" data-wpel-link=\"ignore\"><b><span style=\"color: #025075;\"><span id=\"eeb-251570-895951\" style=\"box-sizing: border-box;\">karl-erik.talvet@linnamuuseum.ee<\/span><\/span><\/b><\/a><\/span><\/p>\n<p style=\"background: white; box-sizing: border-box; orphans: 3; widows: 3; font-variant-ligatures: normal; font-variant-caps: normal; text-align: start; -webkit-text-stroke-width: 0px; text-decoration-thickness: initial; text-decoration-style: initial; text-decoration-color: initial; word-spacing: 0px; margin: 0cm 0cm 8.25pt 0cm;\"><span style=\"font-family: Roboto; color: black;\">Marten R\u00f5uk<br style=\"box-sizing: border-box;\" \/><a style=\"box-sizing: border-box; box-shadow: none; transition: color 0.25s ease-in-out, background-color 0.25s ease-in-out;\" data-enc-email=\"znegra.ebhx[at]yvaanzhhfrhz.rr\" data-wpel-link=\"ignore\"><b><span style=\"color: #025075;\"><span id=\"eeb-876151-578231\" style=\"box-sizing: border-box;\">marten.rouk@linnamuuseum.ee<\/span><\/span><\/b><\/a><\/span><\/p>\n<p><strong>Vanemklienditeenindaja<\/strong><\/p>\n<p style=\"background: white; margin: 0cm 0cm 8.25pt 0cm;\"><span style=\"font-family: Roboto; color: black;\">Ann Eichhorst<br style=\"box-sizing: border-box;\" \/>5375 4004<br style=\"box-sizing: border-box;\" \/><a style=\"box-sizing: border-box; box-shadow: none; transition: color 0.25s ease-in-out, background-color 0.25s ease-in-out;\" data-enc-email=\"naa.rvpuubefg[at]yvaanzhhfrhz.rr\" data-wpel-link=\"ignore\"><b><span style=\"color: #025075;\"><span id=\"eeb-391247-711352\" style=\"box-sizing: border-box;\">ann.eichhorst@linnamuuseum.ee<\/span><\/span><\/b><\/a><\/span><\/p>\n<p><strong>Klienditeenindajad<\/strong><\/p>\n<p>Katrin Rumm<br \/>\n<a href=\"mailto:katrin.rumm@linnamuuseum.ee\">katrin.rumm@linnamuuseum.ee<\/a><\/p>\n<p>Katrin Sepp<br \/>\n<a class=\"mail-link\" data-enc-email=\"xngeva.frcc[at]yvaanzhhfrhz.rr\" data-wpel-link=\"ignore\"><span id=\"eeb-442082-433454\">katrin.sepp@linnamuuseum.ee<\/span><\/a><\/p>\n<p>Madli Lippur<br \/>\n<a href=\"mailto:madli.lippur@linnamuuseum.ee\">madli.lippur@linnamuuseum.ee<\/a><\/p>\n<p>Birgit Teem\u00e4e<br \/>\n<a href=\"mailto:birgit.teemae@linnamuuseum.ee\">birgit.teemae@linnamuuseum.ee<\/a><\/p>\n<p>&nbsp;<\/p>\n<p>&nbsp;<\/p>\n<p>&nbsp;<\/p>\n<p>&nbsp;<\/p>\n","protected":false},"excerpt":{"rendered":"<p>Juhataja Anneli Jalava +372 58558030 anneli.jalava@linnamuuseum.ee \u00d5ppedisainer Liia Kanem\u00e4gi5855 9141Liia.Kanemagi@linnamuuseum.ee Haldusspetsialist Marge V\u00e4ljari 5866 6002 Marge.Valjari@linnamuuseum.ee K\u00fclastusjuhid Arina Walterarina.walter@linnamuuseum.ee Hanna Raspelhanna.raspel@linnamuuseum.ee Hendrik-Julius Kitshendrik-julius.kits@linnamuuseum.ee Karl-Erik Talvetkarl-erik.talvet@linnamuuseum.ee Marten R\u00f5ukmarten.rouk@linnamuuseum.ee Vanemklienditeenindaja Ann Eichhorst5375 4004ann.eichhorst@linnamuuseum.ee Klienditeenindajad Katrin Rumm katrin.rumm@linnamuuseum.ee Katrin Sepp katrin.sepp@linnamuuseum.ee Madli Lippur madli.lippur@linnamuuseum.ee Birgit Teem\u00e4e birgit.teemae@linnamuuseum.ee &nbsp; &nbsp; &nbsp; &nbsp;<\/p>\n","protected":false},"author":2,"featured_media":0,"parent":2143,"menu_order":14,"comment_status":"closed","ping_status":"closed","template":"","meta":{"footnotes":""},"class_list":["post-73994","page","type-page","status-publish","hentry"],"_links":{"self":[{"href":"https:\/\/linnamuuseum.ee\/ru\/wp-json\/wp\/v2\/pages\/73994"}],"collection":[{"href":"https:\/\/linnamuuseum.ee\/ru\/wp-json\/wp\/v2\/pages"}],"about":[{"href":"https:\/\/linnamuuseum.ee\/ru\/wp-json\/wp\/v2\/types\/page"}],"author":[{"embeddable":true,"href":"https:\/\/linnamuuseum.ee\/ru\/wp-json\/wp\/v2\/users\/2"}],"replies":[{"embeddable":true,"href":"https:\/\/linnamuuseum.ee\/ru\/wp-json\/wp\/v2\/comments?post=73994"}],"version-history":[{"count":5,"href":"https:\/\/linnamuuseum.ee\/ru\/wp-json\/wp\/v2\/pages\/73994\/revisions"}],"predecessor-version":[{"id":100897,"href":"https:\/\/linnamuuseum.ee\/ru\/wp-json\/wp\/v2\/pages\/73994\/revisions\/100897"}],"up":[{"embeddable":true,"href":"https:\/\/linnamuuseum.ee\/ru\/wp-json\/wp\/v2\/pages\/2143"}],"wp:attachment":[{"href":"https:\/\/linnamuuseum.ee\/ru\/wp-json\/wp\/v2\/media?parent=73994"}],"curies":[{"name":"wp","href":"https:\/\/api.w.org\/{rel}","templated":true}]}}